{"id":87426,"date":"2023-02-27T19:16:02","date_gmt":"2023-02-27T18:16:02","guid":{"rendered":"https:\/\/test.esluzby.net\/?post_type=product&#038;p=87426"},"modified":"2026-02-19T10:24:08","modified_gmt":"2026-02-19T09:24:08","slug":"dzban-beryl-ii-jakost","status":"publish","type":"product","link":"https:\/\/test.esluzby.net\/?product=dzban-beryl-ii-jakost","title":{"rendered":"D\u017eb\u00e1n 1,5l &#8211; Bambus &#8211; beryl &#8211; II.jakost"},"content":{"rendered":"<p><span style=\"font-family: Roboto, Arial, Helvetica, sans-serif;\"><span style=\"font-size: medium;\"><span style=\"color: #333333;\">Dekor \u201eBambus\u201c nen\u00ed m\u00f3dn\u00ed novinka, ale historick\u00fd vzor optick\u00e9ho skla, kter\u00fd se v \u010desk\u00fdch hut\u00edch pou\u017e\u00edv\u00e1 u\u017e po stalet\u00ed. Vznikl jako sou\u010d\u00e1st tradice reli\u00e9fn\u00edch forem, roz\u0161\u00ed\u0159il se v 19. stolet\u00ed a d\u00edky sv\u00e9 nad\u010dasov\u00e9 estetice se udr\u017eel a\u017e do dne\u0161n\u00edch dn\u016f. <\/span><\/span><\/span><span style=\"font-family: Roboto, Arial, Helvetica, sans-serif;\"><span style=\"font-size: medium;\"><span style=\"color: #333333;\">Dekor tvo\u0159\u00ed vertik\u00e1ln\u00ed nebo m\u00edrn\u011b zvln\u011bn\u00e9 linie, kter\u00e9 evokuj\u00ed strukturu bambusu a d\u00edky lomu sv\u011btla na t\u011bchto vertik\u00e1ln\u00edch \u017eebrech p\u016fsob\u00ed sklo \u017eiv\u011b a plasticky.<\/span><\/span><\/span><\/p>\n<p><span style=\"font-family: Roboto, Arial, Helvetica, sans-serif;\"><span style=\"font-size: medium;\"><span style=\"color: #333333;\">D\u017eb\u00e1n z kolekce Bambus nen\u00ed jen praktick\u00fdm pomocn\u00edkem \u2013 je to ru\u010dn\u011b tvarovan\u00fd skvost, kter\u00fd prom\u011bn\u00ed ka\u017ed\u00e9 stolov\u00e1n\u00ed v mal\u00fd sv\u00e1te\u010dn\u00ed okam\u017eik.<\/span><\/span><\/span><\/p>\n<p><span style=\"font-family: Roboto, Arial, Helvetica, sans-serif;\"><span style=\"font-size: medium;\"><span style=\"color: #333333;\">V letn\u00edch dnech je d\u017eb\u00e1n ide\u00e1ln\u00ed na dom\u00e1c\u00ed limon\u00e1du s pl\u00e1tky citronu nebo t\u0159eba osv\u011b\u017euj\u00edc\u00ed pivo. Sv\u00e9 uplatn\u011bn\u00ed si ur\u010dit\u011b najde i v zim\u011b, nen\u00ed ov\u0161em ur\u010den\u00fd pro hork\u00e9 n\u00e1poje.<\/span><\/span><\/span><\/p>\n<p align=\"left\"><span style=\"font-family: Roboto, Arial, Helvetica, sans-serif;\"><span style=\"font-size: medium;\"><span style=\"color: #333333;\">S ru\u010dn\u011b foukan\u00fdmi sklenicemi a p\u016fllitry z kolekce Bambus tvo\u0159\u00ed harmonickou sadu \u2013 ide\u00e1ln\u00ed pro serv\u00edrov\u00e1n\u00ed n\u00e1poj\u016f p\u0159i slavnostn\u00ed ve\u010de\u0159i, zahradn\u00ed oslav\u011b nebo jen tak pro radost.<\/span><\/span><\/span><\/p>\n<p align=\"left\">II.jakost &#8211; kosmetick\u00e9 vady<\/p>\n","protected":false},"excerpt":{"rendered":"<p align=\"left\"><span style=\"font-family: Roboto, Arial, Helvetica, sans-serif;\"><span style=\"font-size: medium;\"><span style=\"color: #333333;\">V kolekci Bambus u n\u00e1s najdete tak\u00e9 nejr\u016fzn\u011bj\u0161\u00ed sklenice, m\u00edsy, v\u00e1zy \u010di petrolejov\u00e9 lampy. Kolekce Bambus je nad\u010dasov\u00e1, decentn\u00ed a p\u0159itom v\u00fdrazn\u00e1. Skv\u011ble lad\u00ed s p\u0159\u00edrodn\u00edmi materi\u00e1ly i modern\u00edm designem. <\/span><\/span><\/span><\/p>\n","protected":false},"featured_media":87357,"comment_status":"closed","ping_status":"closed","template":"","meta":[],"product_brand":[],"product_cat":[122,119],"product_tag":[],"class_list":{"0":"post-87426","1":"product","2":"type-product","3":"status-publish","4":"has-post-thumbnail","6":"product_cat-bambus","7":"product_cat-sklenene-dzbany","9":"first","10":"outofstock","11":"sale","12":"shipping-taxable","13":"purchasable","14":"product-type-simple"},"_links":{"self":[{"href":"https:\/\/test.esluzby.net\/index.php?rest_route=\/wp\/v2\/product\/87426","targetHints":{"allow":["GET"]}}],"collection":[{"href":"https:\/\/test.esluzby.net\/index.php?rest_route=\/wp\/v2\/product"}],"about":[{"href":"https:\/\/test.esluzby.net\/index.php?rest_route=\/wp\/v2\/types\/product"}],"replies":[{"embeddable":true,"href":"https:\/\/test.esluzby.net\/index.php?rest_route=%2Fwp%2Fv2%2Fcomments&post=87426"}],"version-history":[{"count":0,"href":"https:\/\/test.esluzby.net\/index.php?rest_route=\/wp\/v2\/product\/87426\/revisions"}],"wp:featuredmedia":[{"embeddable":true,"href":"https:\/\/test.esluzby.net\/index.php?rest_route=\/wp\/v2\/media\/87357"}],"wp:attachment":[{"href":"https:\/\/test.esluzby.net\/index.php?rest_route=%2Fwp%2Fv2%2Fmedia&parent=87426"}],"wp:term":[{"taxonomy":"product_brand","embeddable":true,"href":"https:\/\/test.esluzby.net\/index.php?rest_route=%2Fwp%2Fv2%2Fproduct_brand&post=87426"},{"taxonomy":"product_cat","embeddable":true,"href":"https:\/\/test.esluzby.net\/index.php?rest_route=%2Fwp%2Fv2%2Fproduct_cat&post=87426"},{"taxonomy":"product_tag","embeddable":true,"href":"https:\/\/test.esluzby.net\/index.php?rest_route=%2Fwp%2Fv2%2Fproduct_tag&post=87426"}],"curies":[{"name":"wp","href":"https:\/\/api.w.org\/{rel}","templated":true}]}}