{"id":87471,"date":"2023-02-27T20:50:33","date_gmt":"2023-02-27T19:50:33","guid":{"rendered":"https:\/\/test.esluzby.net\/?post_type=product&#038;p=87471"},"modified":"2026-02-19T10:24:11","modified_gmt":"2026-02-19T09:24:11","slug":"pullitr-poly-beryl","status":"publish","type":"product","link":"https:\/\/test.esluzby.net\/?product=pullitr-poly-beryl","title":{"rendered":"P\u016fllitr 0,5l &#8211; Poly &#8211; beryl"},"content":{"rendered":"<p>Kolekce Poly je v\u00fdjime\u010dn\u00e1 nejen sv\u00fdm vzhledem, ale i histori\u00ed. Pro jej\u00ed tvorbu se vyu\u017e\u00edvaj\u00ed optick\u00e9 formy, kter\u00e9 se pou\u017e\u00edvaly ji\u017e od po\u010d\u00e1tku skl\u00e1\u0159stv\u00ed v \u010desk\u00fdch zem\u00edch. Ty se postupn\u011b zdokonalovaly a p\u0159izp\u016fsobovaly st\u00e1le slo\u017eit\u011bj\u0161\u00edm dekor\u016fm.<\/p>\n<p>P\u016fllitr je ru\u010dn\u011b foukan\u00fd a zdoben\u00fd kraklov\u00e1n\u00edm \u2013 efektem, kter\u00fd p\u0159ipom\u00edn\u00e1 popraskan\u00fd led nebo star\u00e9 zrcadlo.<\/p>\n","protected":false},"excerpt":{"rendered":"<p>V dekoru Poly vyr\u00e1b\u00edme produkty od d\u017eb\u00e1n\u016f, v\u00e1z p\u0159es r\u016fzn\u00e9 misky a\u017e po petrolejov\u00e9 lampy. Na sv\u00e9 si tedy p\u0159ijdou v\u0161ichni milovn\u00edci kvalitn\u00edho a origin\u00e1ln\u00edho skla.<\/p>\n","protected":false},"featured_media":87472,"comment_status":"closed","ping_status":"closed","template":"","meta":[],"product_brand":[],"product_cat":[120,159,138],"product_tag":[],"class_list":{"0":"post-87471","1":"product","2":"type-product","3":"status-publish","4":"has-post-thumbnail","6":"product_cat-darky-pro-muze","7":"product_cat-poly","8":"product_cat-skleneny-pullitr","10":"first","11":"outofstock","12":"shipping-taxable","13":"purchasable","14":"product-type-simple"},"_links":{"self":[{"href":"https:\/\/test.esluzby.net\/index.php?rest_route=\/wp\/v2\/product\/87471","targetHints":{"allow":["GET"]}}],"collection":[{"href":"https:\/\/test.esluzby.net\/index.php?rest_route=\/wp\/v2\/product"}],"about":[{"href":"https:\/\/test.esluzby.net\/index.php?rest_route=\/wp\/v2\/types\/product"}],"replies":[{"embeddable":true,"href":"https:\/\/test.esluzby.net\/index.php?rest_route=%2Fwp%2Fv2%2Fcomments&post=87471"}],"version-history":[{"count":0,"href":"https:\/\/test.esluzby.net\/index.php?rest_route=\/wp\/v2\/product\/87471\/revisions"}],"wp:featuredmedia":[{"embeddable":true,"href":"https:\/\/test.esluzby.net\/index.php?rest_route=\/wp\/v2\/media\/87472"}],"wp:attachment":[{"href":"https:\/\/test.esluzby.net\/index.php?rest_route=%2Fwp%2Fv2%2Fmedia&parent=87471"}],"wp:term":[{"taxonomy":"product_brand","embeddable":true,"href":"https:\/\/test.esluzby.net\/index.php?rest_route=%2Fwp%2Fv2%2Fproduct_brand&post=87471"},{"taxonomy":"product_cat","embeddable":true,"href":"https:\/\/test.esluzby.net\/index.php?rest_route=%2Fwp%2Fv2%2Fproduct_cat&post=87471"},{"taxonomy":"product_tag","embeddable":true,"href":"https:\/\/test.esluzby.net\/index.php?rest_route=%2Fwp%2Fv2%2Fproduct_tag&post=87471"}],"curies":[{"name":"wp","href":"https:\/\/api.w.org\/{rel}","templated":true}]}}