{"id":87874,"date":"2023-03-03T22:04:14","date_gmt":"2023-03-03T21:04:14","guid":{"rendered":"https:\/\/test.esluzby.net\/?post_type=product&#038;p=87874"},"modified":"2026-02-19T10:24:35","modified_gmt":"2026-02-19T09:24:35","slug":"petrolejova-lampa-krasomira-duhova-secesni-panna","status":"publish","type":"product","link":"https:\/\/test.esluzby.net\/?product=petrolejova-lampa-krasomira-duhova-secesni-panna","title":{"rendered":"Lampa petrolejov\u00e1 Krasom\u00edra &#8211; duhov\u00e1 &#8211; secesn\u00ed panna"},"content":{"rendered":"","protected":false},"excerpt":{"rendered":"<p>Chcete lampu i se st\u00ednidlem? \u2013 zde je n\u00e1vod, jak na to: Sestav si svou lampu<br \/>\nPetrolejov\u00e1 lampa je zdrojem sv\u011btla ji\u017e od d\u00e1vn\u00fdch \u010das\u016f. V sou\u010dasnosti je ur\u010dena pro romantick\u00e9 okam\u017eiky a chvilky odpo\u010dinku, relaxace. Lampy pln\u00edme petrolejem nebo lampov\u00fdm olejem \u2013 nejl\u00e9pe \u010dir\u00fd lampov\u00fd olej. P\u0159i nalit\u00ed n\u00e1dr\u017eky (minim\u00e1lne 2\/3) neboli baz\u00e9nky je nutno cca 2-3 hodiny vy\u010dkat, aby se knot mohl dostate\u010dn\u011b nas\u00e1knout. Knot rovn\u011b st\u0159i\u017een\u00fd zap\u00e1l\u00edme a jakmile se zah\u0159eje ho\u0159\u00e1k, zasuneme knot do ho\u0159\u00e1ku. T\u00edm doc\u00edl\u00edme jemn\u00e9ho spojen\u00e9ho sv\u011btla, kdy ho\u0159\u00ed olej z baz\u00e9nky a knot ne\u010doud\u00ed.<br \/>\nLampu dod\u00e1v\u00e1me kompletn\u00ed dle fotografie.<br \/>\nInformace k n\u00e1kupu n\u00e1hradn\u00edch d\u00edl\u016f: Lampa je kompatibiln\u00ed s petrolejov\u00fdm ho\u0159\u00e1kem 21\/38 mm, ploch\u00fdm knotem 21\/38 mm.<\/p>\n","protected":false},"featured_media":87875,"comment_status":"closed","ping_status":"closed","template":"","meta":[],"product_brand":[],"product_cat":[118,120,121,117,134,129,141,125],"product_tag":[],"class_list":{"0":"post-87874","1":"product","2":"type-product","3":"status-publish","4":"has-post-thumbnail","6":"product_cat-art-nouveau","7":"product_cat-darky-pro-muze","8":"product_cat-darky-pro-zeny","9":"product_cat-kolekce","10":"product_cat-premiove-petrolejove-lampy","11":"product_cat-sklenene-petrolejove-lampy","12":"product_cat-svatebni-darky","13":"product_cat-vanocni-darky","15":"first","16":"outofstock","17":"shipping-taxable","18":"purchasable","19":"product-type-simple"},"_links":{"self":[{"href":"https:\/\/test.esluzby.net\/index.php?rest_route=\/wp\/v2\/product\/87874","targetHints":{"allow":["GET"]}}],"collection":[{"href":"https:\/\/test.esluzby.net\/index.php?rest_route=\/wp\/v2\/product"}],"about":[{"href":"https:\/\/test.esluzby.net\/index.php?rest_route=\/wp\/v2\/types\/product"}],"replies":[{"embeddable":true,"href":"https:\/\/test.esluzby.net\/index.php?rest_route=%2Fwp%2Fv2%2Fcomments&post=87874"}],"version-history":[{"count":0,"href":"https:\/\/test.esluzby.net\/index.php?rest_route=\/wp\/v2\/product\/87874\/revisions"}],"wp:featuredmedia":[{"embeddable":true,"href":"https:\/\/test.esluzby.net\/index.php?rest_route=\/wp\/v2\/media\/87875"}],"wp:attachment":[{"href":"https:\/\/test.esluzby.net\/index.php?rest_route=%2Fwp%2Fv2%2Fmedia&parent=87874"}],"wp:term":[{"taxonomy":"product_brand","embeddable":true,"href":"https:\/\/test.esluzby.net\/index.php?rest_route=%2Fwp%2Fv2%2Fproduct_brand&post=87874"},{"taxonomy":"product_cat","embeddable":true,"href":"https:\/\/test.esluzby.net\/index.php?rest_route=%2Fwp%2Fv2%2Fproduct_cat&post=87874"},{"taxonomy":"product_tag","embeddable":true,"href":"https:\/\/test.esluzby.net\/index.php?rest_route=%2Fwp%2Fv2%2Fproduct_tag&post=87874"}],"curies":[{"name":"wp","href":"https:\/\/api.w.org\/{rel}","templated":true}]}}