{"id":88122,"date":"2023-03-09T18:22:11","date_gmt":"2023-03-09T17:22:11","guid":{"rendered":"https:\/\/test.esluzby.net\/?post_type=product&#038;p=88122"},"modified":"2026-02-19T10:24:54","modified_gmt":"2026-02-19T09:24:54","slug":"dzban-ananas-ruzovy-1984","status":"publish","type":"product","link":"https:\/\/test.esluzby.net\/?product=dzban-ananas-ruzovy-1984","title":{"rendered":"D\u017eb\u00e1n Ananas r\u016f\u017eov\u00fd"},"content":{"rendered":"","protected":false},"excerpt":{"rendered":"<p>Kolekce &#8222;Ananas &#8211; Hobnail&#8220; &#8211; optick\u00e9 formy se pou\u017e\u00edvaly ji\u017e od po\u010d\u00e1tku skl\u00e1\u0159stv\u00ed v \u010desk\u00fdch zem\u00edch. Takto se sklo dekorovalo p\u0159\u00edmo ve skl\u00e1\u0159sk\u00fdch hut\u00edch. P\u016fvodn\u00ed optick\u00e9 formy byly hlin\u011bn\u00e9 i kovov\u00e9. P\u0159i vzestupu skl\u00e1\u0159sk\u00e9 v\u00fdroby v \u010cech\u00e1ch doch\u00e1zelo k postupn\u00e9mu zdokonalov\u00e1n\u00ed v\u00fdroby t\u011bchto optick\u00fdch forem, dekory byly slo\u017eit\u011bj\u0161\u00ed a v\u00fdroba n\u00e1ro\u010dn\u011bj\u0161\u00ed. Jedna z t\u011bchto optik, kter\u00e1 se zachovala do sou\u010dasnosti je tento dekor tzv.&#8220;ananas&#8220;, kter\u00fd se vyr\u00e1b\u011bl od roku 1880 ve skl\u00e1rn\u00e1ch na teplicku, co\u017e dokladuj\u00ed historick\u00e9 archivy t\u011bchto skl\u00e1ren. Tento dekor se stal za posledn\u00edch 10 let op\u011bt \u017e\u00e1dan\u00fdm po cel\u00e9 Evrop\u011b. D\u00edky t\u00e9to optice v\u00e1m i v letn\u00edch dnech vydr\u017e\u00ed n\u00e1poje d\u00e9le chladn\u00e9. Sna\u017e\u00edme se o roz\u0161\u00ed\u0159en\u00ed sortimentu s pou\u017eit\u00edm tohoto dekoru, vyr\u00e1b\u00edme i r\u016fzn\u00e9 sklenice, v\u00e1zy, m\u00edsy kter\u00e9 se v historii t\u00e9m\u011b\u0159 nevyr\u00e1b\u011bly. V archivech, ze kter\u00fdch \u010derp\u00e1me, jsme v tomto dekoru na\u0161li jen d\u017eb\u00e1ny.<\/p>\n","protected":false},"featured_media":88123,"comment_status":"closed","ping_status":"closed","template":"","meta":[],"product_brand":[],"product_cat":[142,119],"product_tag":[],"class_list":{"0":"post-88122","1":"product","2":"type-product","3":"status-publish","4":"has-post-thumbnail","6":"product_cat-hobnail-ananas","7":"product_cat-sklenene-dzbany","9":"first","10":"outofstock","11":"shipping-taxable","12":"purchasable","13":"product-type-simple"},"_links":{"self":[{"href":"https:\/\/test.esluzby.net\/index.php?rest_route=\/wp\/v2\/product\/88122","targetHints":{"allow":["GET"]}}],"collection":[{"href":"https:\/\/test.esluzby.net\/index.php?rest_route=\/wp\/v2\/product"}],"about":[{"href":"https:\/\/test.esluzby.net\/index.php?rest_route=\/wp\/v2\/types\/product"}],"replies":[{"embeddable":true,"href":"https:\/\/test.esluzby.net\/index.php?rest_route=%2Fwp%2Fv2%2Fcomments&post=88122"}],"version-history":[{"count":0,"href":"https:\/\/test.esluzby.net\/index.php?rest_route=\/wp\/v2\/product\/88122\/revisions"}],"wp:featuredmedia":[{"embeddable":true,"href":"https:\/\/test.esluzby.net\/index.php?rest_route=\/wp\/v2\/media\/88123"}],"wp:attachment":[{"href":"https:\/\/test.esluzby.net\/index.php?rest_route=%2Fwp%2Fv2%2Fmedia&parent=88122"}],"wp:term":[{"taxonomy":"product_brand","embeddable":true,"href":"https:\/\/test.esluzby.net\/index.php?rest_route=%2Fwp%2Fv2%2Fproduct_brand&post=88122"},{"taxonomy":"product_cat","embeddable":true,"href":"https:\/\/test.esluzby.net\/index.php?rest_route=%2Fwp%2Fv2%2Fproduct_cat&post=88122"},{"taxonomy":"product_tag","embeddable":true,"href":"https:\/\/test.esluzby.net\/index.php?rest_route=%2Fwp%2Fv2%2Fproduct_tag&post=88122"}],"curies":[{"name":"wp","href":"https:\/\/api.w.org\/{rel}","templated":true}]}}