{"id":88264,"date":"2023-03-18T19:31:00","date_gmt":"2023-03-18T18:31:00","guid":{"rendered":"https:\/\/test.esluzby.net\/?post_type=product&#038;p=88264"},"modified":"2026-02-19T10:25:00","modified_gmt":"2026-02-19T09:25:00","slug":"misa-poly-kour","status":"publish","type":"product","link":"https:\/\/test.esluzby.net\/?product=misa-poly-kour","title":{"rendered":"M\u00edsa 20cm &#8211; Poly &#8211; kou\u0159"},"content":{"rendered":"<p>Kolekce Poly je v\u00fdjime\u010dn\u00e1 nejen sv\u00fdm vzhledem, ale i histori\u00ed. Pro jej\u00ed tvorbu se vyu\u017e\u00edvaj\u00ed optick\u00e9 formy, kter\u00e9 se pou\u017e\u00edvaly ji\u017e od po\u010d\u00e1tku skl\u00e1\u0159stv\u00ed v \u010desk\u00fdch zem\u00edch. Ty se postupn\u011b zdokonalovaly a p\u0159izp\u016fsobovaly st\u00e1le slo\u017eit\u011bj\u0161\u00edm dekor\u016fm.<\/p>\n<p>Elegantn\u00ed m\u00edsa z kolekce Poly v sob\u011b spojuje tradi\u010dn\u00ed \u0159emeslo, poctivou ru\u010dn\u00ed pr\u00e1ci na\u0161ich skl\u00e1\u0159\u016f a modern\u00ed styl. Skv\u011ble se hod\u00ed jako ozdoba va\u0161eho j\u00eddeln\u00edho stolu.<\/p>\n<p>Sv\u00fdm jedine\u010dn\u00fdm vzhledem zaujme na prvn\u00ed pohled a vnese do va\u0161eho domova n\u00e1dech elegance i kousek historie z\u00e1rove\u0148. A\u0165 u\u017e ji um\u00edst\u00edte kamkoli, jej\u00ed k\u0159ehk\u00e1 kr\u00e1sa rozz\u00e1\u0159\u00ed v\u00e1\u0161 domov.<\/p>\n","protected":false},"excerpt":{"rendered":"<p>V dekoru Poly vyr\u00e1b\u00edme produkty od d\u017eb\u00e1n\u016f, v\u00e1z p\u0159es r\u016fzn\u00e9 misky a skleni\u010dky a\u017e po petrolejov\u00e9 lampy. Na sv\u00e9 si tedy p\u0159ijdou v\u0161ichni milovn\u00edci kvalitn\u00edho a origin\u00e1ln\u00edho skla.<\/p>\n","protected":false},"featured_media":88265,"comment_status":"closed","ping_status":"closed","template":"","meta":[],"product_brand":[],"product_cat":[121,159,124],"product_tag":[],"class_list":{"0":"post-88264","1":"product","2":"type-product","3":"status-publish","4":"has-post-thumbnail","6":"product_cat-darky-pro-zeny","7":"product_cat-poly","8":"product_cat-sklenene-misy","10":"first","11":"instock","12":"shipping-taxable","13":"purchasable","14":"product-type-simple"},"_links":{"self":[{"href":"https:\/\/test.esluzby.net\/index.php?rest_route=\/wp\/v2\/product\/88264","targetHints":{"allow":["GET"]}}],"collection":[{"href":"https:\/\/test.esluzby.net\/index.php?rest_route=\/wp\/v2\/product"}],"about":[{"href":"https:\/\/test.esluzby.net\/index.php?rest_route=\/wp\/v2\/types\/product"}],"replies":[{"embeddable":true,"href":"https:\/\/test.esluzby.net\/index.php?rest_route=%2Fwp%2Fv2%2Fcomments&post=88264"}],"version-history":[{"count":0,"href":"https:\/\/test.esluzby.net\/index.php?rest_route=\/wp\/v2\/product\/88264\/revisions"}],"wp:featuredmedia":[{"embeddable":true,"href":"https:\/\/test.esluzby.net\/index.php?rest_route=\/wp\/v2\/media\/88265"}],"wp:attachment":[{"href":"https:\/\/test.esluzby.net\/index.php?rest_route=%2Fwp%2Fv2%2Fmedia&parent=88264"}],"wp:term":[{"taxonomy":"product_brand","embeddable":true,"href":"https:\/\/test.esluzby.net\/index.php?rest_route=%2Fwp%2Fv2%2Fproduct_brand&post=88264"},{"taxonomy":"product_cat","embeddable":true,"href":"https:\/\/test.esluzby.net\/index.php?rest_route=%2Fwp%2Fv2%2Fproduct_cat&post=88264"},{"taxonomy":"product_tag","embeddable":true,"href":"https:\/\/test.esluzby.net\/index.php?rest_route=%2Fwp%2Fv2%2Fproduct_tag&post=88264"}],"curies":[{"name":"wp","href":"https:\/\/api.w.org\/{rel}","templated":true}]}}