{"id":89675,"date":"2023-05-14T17:33:15","date_gmt":"2023-05-14T15:33:15","guid":{"rendered":"https:\/\/test.esluzby.net\/?post_type=product&#038;p=89675"},"modified":"2026-02-19T10:26:01","modified_gmt":"2026-02-19T09:26:01","slug":"skleneny-andel-zluta","status":"publish","type":"product","link":"https:\/\/test.esluzby.net\/?product=skleneny-andel-zluta","title":{"rendered":"And\u011bl &#8211; \u017elut\u00fd"},"content":{"rendered":"","protected":false},"excerpt":{"rendered":"<p>Ru\u010dn\u011b foukan\u00fd sklen\u011bn\u00fd and\u011bl &#8211; ka\u017ed\u00fd kus je origin\u00e1l, ka\u017ed\u00fd kus se li\u0161\u00ed minim\u00e1ln\u011b velikost\u00ed k\u0159\u00eddel.<\/p>\n","protected":false},"featured_media":89676,"comment_status":"closed","ping_status":"closed","template":"","meta":[],"product_brand":[],"product_cat":[121,146,141,125],"product_tag":[],"class_list":{"0":"post-89675","1":"product","2":"type-product","3":"status-publish","4":"has-post-thumbnail","6":"product_cat-darky-pro-zeny","7":"product_cat-sklenena-tezitka-a-olejove-lampy","8":"product_cat-svatebni-darky","9":"product_cat-vanocni-darky","11":"first","12":"outofstock","13":"shipping-taxable","14":"purchasable","15":"product-type-simple"},"_links":{"self":[{"href":"https:\/\/test.esluzby.net\/index.php?rest_route=\/wp\/v2\/product\/89675","targetHints":{"allow":["GET"]}}],"collection":[{"href":"https:\/\/test.esluzby.net\/index.php?rest_route=\/wp\/v2\/product"}],"about":[{"href":"https:\/\/test.esluzby.net\/index.php?rest_route=\/wp\/v2\/types\/product"}],"replies":[{"embeddable":true,"href":"https:\/\/test.esluzby.net\/index.php?rest_route=%2Fwp%2Fv2%2Fcomments&post=89675"}],"version-history":[{"count":0,"href":"https:\/\/test.esluzby.net\/index.php?rest_route=\/wp\/v2\/product\/89675\/revisions"}],"wp:featuredmedia":[{"embeddable":true,"href":"https:\/\/test.esluzby.net\/index.php?rest_route=\/wp\/v2\/media\/89676"}],"wp:attachment":[{"href":"https:\/\/test.esluzby.net\/index.php?rest_route=%2Fwp%2Fv2%2Fmedia&parent=89675"}],"wp:term":[{"taxonomy":"product_brand","embeddable":true,"href":"https:\/\/test.esluzby.net\/index.php?rest_route=%2Fwp%2Fv2%2Fproduct_brand&post=89675"},{"taxonomy":"product_cat","embeddable":true,"href":"https:\/\/test.esluzby.net\/index.php?rest_route=%2Fwp%2Fv2%2Fproduct_cat&post=89675"},{"taxonomy":"product_tag","embeddable":true,"href":"https:\/\/test.esluzby.net\/index.php?rest_route=%2Fwp%2Fv2%2Fproduct_tag&post=89675"}],"curies":[{"name":"wp","href":"https:\/\/api.w.org\/{rel}","templated":true}]}}