{"id":89740,"date":"2023-05-21T18:34:16","date_gmt":"2023-05-21T16:34:16","guid":{"rendered":"https:\/\/test.esluzby.net\/?post_type=product&#038;p=89740"},"modified":"2026-02-19T10:26:01","modified_gmt":"2026-02-19T09:26:01","slug":"sklenene-srdce","status":"publish","type":"product","link":"https:\/\/test.esluzby.net\/?product=sklenene-srdce","title":{"rendered":"Sklen\u011bn\u00e9 srdce"},"content":{"rendered":"","protected":false},"excerpt":{"rendered":"<p>Ru\u010dn\u011b tvarovan\u00e9 sklen\u011bn\u00e9 srdce \u2013 ka\u017ed\u00fd kus je origin\u00e1l, ka\u017ed\u00fd kus se li\u0161\u00ed velikost\u00ed, tvarem i sytost\u00ed barvy. Kr\u00e1sn\u00fd d\u00e1rek nejen pro zamilovan\u00e9. Ale i Valentinu nebo k MD\u017d .<\/p>\n","protected":false},"featured_media":89741,"comment_status":"closed","ping_status":"closed","template":"","meta":[],"product_brand":[],"product_cat":[121,146,141,144],"product_tag":[],"class_list":{"0":"post-89740","1":"product","2":"type-product","3":"status-publish","4":"has-post-thumbnail","6":"product_cat-darky-pro-zeny","7":"product_cat-sklenena-tezitka-a-olejove-lampy","8":"product_cat-svatebni-darky","9":"product_cat-valentyn","11":"first","12":"outofstock","13":"shipping-taxable","14":"purchasable","15":"product-type-simple"},"_links":{"self":[{"href":"https:\/\/test.esluzby.net\/index.php?rest_route=\/wp\/v2\/product\/89740","targetHints":{"allow":["GET"]}}],"collection":[{"href":"https:\/\/test.esluzby.net\/index.php?rest_route=\/wp\/v2\/product"}],"about":[{"href":"https:\/\/test.esluzby.net\/index.php?rest_route=\/wp\/v2\/types\/product"}],"replies":[{"embeddable":true,"href":"https:\/\/test.esluzby.net\/index.php?rest_route=%2Fwp%2Fv2%2Fcomments&post=89740"}],"version-history":[{"count":0,"href":"https:\/\/test.esluzby.net\/index.php?rest_route=\/wp\/v2\/product\/89740\/revisions"}],"wp:featuredmedia":[{"embeddable":true,"href":"https:\/\/test.esluzby.net\/index.php?rest_route=\/wp\/v2\/media\/89741"}],"wp:attachment":[{"href":"https:\/\/test.esluzby.net\/index.php?rest_route=%2Fwp%2Fv2%2Fmedia&parent=89740"}],"wp:term":[{"taxonomy":"product_brand","embeddable":true,"href":"https:\/\/test.esluzby.net\/index.php?rest_route=%2Fwp%2Fv2%2Fproduct_brand&post=89740"},{"taxonomy":"product_cat","embeddable":true,"href":"https:\/\/test.esluzby.net\/index.php?rest_route=%2Fwp%2Fv2%2Fproduct_cat&post=89740"},{"taxonomy":"product_tag","embeddable":true,"href":"https:\/\/test.esluzby.net\/index.php?rest_route=%2Fwp%2Fv2%2Fproduct_tag&post=89740"}],"curies":[{"name":"wp","href":"https:\/\/api.w.org\/{rel}","templated":true}]}}