{"id":89828,"date":"2023-05-25T21:10:27","date_gmt":"2023-05-25T19:10:27","guid":{"rendered":"https:\/\/test.esluzby.net\/?post_type=product&#038;p=89828"},"modified":"2026-02-19T10:26:06","modified_gmt":"2026-02-19T09:26:06","slug":"napojovy-set-ananas-16-lesni-zelena-ii-jakost","status":"publish","type":"product","link":"https:\/\/test.esluzby.net\/?product=napojovy-set-ananas-16-lesni-zelena-ii-jakost","title":{"rendered":"N\u00e1pojov\u00fd set Hobnail &#8211; Ananas 1+6 &#8211; lesn\u00ed zelen\u00e1 II.jakost"},"content":{"rendered":"","protected":false},"excerpt":{"rendered":"<p>Kolekce \u201eAnanas \u2013 Hobnail\u201c je v\u00fdjime\u010dn\u00e1 nejen sv\u00fdm vzhledem, ale i histori\u00ed. Tento dekor se vyr\u00e1b\u011bl ji\u017e od roku 1880 ve skl\u00e1rn\u00e1ch na teplicku a za posledn\u00edch 10 let se stal op\u011bt \u017e\u00e1dan\u00fdm po cel\u00e9 Evrop\u011b. D\u00edky jedine\u010dn\u00e9 technice optiky dok\u00e1\u017ee Ananas nejen zaujmout sv\u00fdm vzhledem,, ale tak\u00e9 udr\u017eet n\u00e1poje v letn\u00edch dnech co nejd\u00e9le chladn\u00e9.Ct\u00edme historii, z\u00e1rove\u0148 se sna\u017e\u00edme o roz\u0161\u00ed\u0159en\u00ed sortimentu s pou\u017eit\u00edm tohoto dekoru. Najdete u n\u00e1s nejr\u016fzn\u011bj\u0161\u00ed sklenice, v\u00e1zy \u010di m\u00edsy, kter\u00e9 se v historii t\u00e9m\u011b\u0159 nevyr\u00e1b\u011bly. Podle dochovan\u00fdch spis\u016f v archivech, ze kter\u00fdch \u010derp\u00e1me, byly v minulosti b\u011b\u017en\u00e9 pouze d\u017eb\u00e1ny.II.jakost &#8211; sklenice. Kosmetick\u00e9 vady &#8211; bubliny ve skle.<\/p>\n","protected":false},"featured_media":89829,"comment_status":"closed","ping_status":"closed","template":"","meta":[],"product_brand":[],"product_cat":[121,142,145],"product_tag":[],"class_list":{"0":"post-89828","1":"product","2":"type-product","3":"status-publish","4":"has-post-thumbnail","6":"product_cat-darky-pro-zeny","7":"product_cat-hobnail-ananas","8":"product_cat-sklenene-soupravy","10":"first","11":"outofstock","12":"shipping-taxable","13":"purchasable","14":"product-type-simple"},"_links":{"self":[{"href":"https:\/\/test.esluzby.net\/index.php?rest_route=\/wp\/v2\/product\/89828","targetHints":{"allow":["GET"]}}],"collection":[{"href":"https:\/\/test.esluzby.net\/index.php?rest_route=\/wp\/v2\/product"}],"about":[{"href":"https:\/\/test.esluzby.net\/index.php?rest_route=\/wp\/v2\/types\/product"}],"replies":[{"embeddable":true,"href":"https:\/\/test.esluzby.net\/index.php?rest_route=%2Fwp%2Fv2%2Fcomments&post=89828"}],"version-history":[{"count":0,"href":"https:\/\/test.esluzby.net\/index.php?rest_route=\/wp\/v2\/product\/89828\/revisions"}],"wp:featuredmedia":[{"embeddable":true,"href":"https:\/\/test.esluzby.net\/index.php?rest_route=\/wp\/v2\/media\/89829"}],"wp:attachment":[{"href":"https:\/\/test.esluzby.net\/index.php?rest_route=%2Fwp%2Fv2%2Fmedia&parent=89828"}],"wp:term":[{"taxonomy":"product_brand","embeddable":true,"href":"https:\/\/test.esluzby.net\/index.php?rest_route=%2Fwp%2Fv2%2Fproduct_brand&post=89828"},{"taxonomy":"product_cat","embeddable":true,"href":"https:\/\/test.esluzby.net\/index.php?rest_route=%2Fwp%2Fv2%2Fproduct_cat&post=89828"},{"taxonomy":"product_tag","embeddable":true,"href":"https:\/\/test.esluzby.net\/index.php?rest_route=%2Fwp%2Fv2%2Fproduct_tag&post=89828"}],"curies":[{"name":"wp","href":"https:\/\/api.w.org\/{rel}","templated":true}]}}