{"id":90159,"date":"2023-06-09T12:25:33","date_gmt":"2023-06-09T10:25:33","guid":{"rendered":"https:\/\/test.esluzby.net\/?post_type=product&#038;p=90159"},"modified":"2026-02-19T10:26:24","modified_gmt":"2026-02-19T09:26:24","slug":"vaza-ananas-alexandrit-ii-jakost-lipna","status":"publish","type":"product","link":"https:\/\/test.esluzby.net\/?product=vaza-ananas-alexandrit-ii-jakost-lipna","title":{"rendered":"V\u00e1za 21cm &#8211; Hobnail &#8211; Ananas &#8211; alexandrit &#8211; II.jakost"},"content":{"rendered":"<p>Kolekce Hobnail \u2013 d\u0159\u00edve v \u010cech\u00e1ch zn\u00e1m\u00e1 jako Ananas \u2013 je v\u00fdjime\u010dn\u00e1 nejen sv\u00fdm osobit\u00fdm vzhledem, ale i bohatou histori\u00ed. Tento dekor se vyr\u00e1b\u011bl ji\u017e kolem roku 1880 ve skl\u00e1rn\u00e1ch na Teplicku a Novoborsku. V posledn\u00edch letech se stal op\u011bt \u017e\u00e1dan\u00fdm po cel\u00e9m sv\u011bt\u011b.<\/p>\n<p>Kolekce Hobnail \u2013 Ananas dok\u00e1\u017ee na prvn\u00ed pohled zaujmout sv\u00fdm vzhledem a nad\u010dasovou kr\u00e1sou. Ct\u00edme historii, z\u00e1rove\u0148 se sna\u017e\u00edme o roz\u0161\u00ed\u0159en\u00ed sortimentu s pou\u017eit\u00edm tohoto dekoru. V dochovan\u00fdch archivech jsou v tomto dekoru zmi\u0148ovan\u00e9 pouze d\u017eb\u00e1ny.<\/p>\n<p>Elegantn\u00ed v\u00e1za z kolekce Hobnail v sob\u011b spojuje tradi\u010dn\u00ed \u0159emeslo, poctivou ru\u010dn\u00ed pr\u00e1ci na\u0161ich skl\u00e1\u0159\u016f a modern\u00ed styl. Skv\u011ble se hod\u00ed jako ozdoba va\u0161eho j\u00eddeln\u00edho stolu. Do Va\u0161eho domova vnese n\u00e1dech elegance i kousek historie z\u00e1rove\u0148.<\/p>\n<p>Velkou v\u00e1zu lze jednodu\u0161e doplnit o malou ve stejn\u00e9m designu a vytvo\u0159it tak elegantn\u00ed sadu. V\u00e1zy m\u016f\u017eete pou\u017e\u00edt pro aran\u017em\u00e1 z \u010derstv\u00fdch i su\u0161en\u00fdch kv\u011btin. A\u0165 u\u017e v\u00e1zu postav\u00edte na st\u016fl, komodu nebo okenn\u00ed parapet \u2013 vynikne v ka\u017ed\u00e9m interi\u00e9ru. Nechte jej\u00ed k\u0159ehkou kr\u00e1sou rozz\u00e1\u0159it i V\u00e1\u0161 domov. V\u00e1zy Hobnail to jsou jemn\u00e9 linie a nad\u010dasov\u00fd styl, kter\u00fd nepodl\u00e9h\u00e1 trend\u016fm.<\/p>\n<p>II.jakost &#8211; kosmetick\u00e9 vady<\/p>\n","protected":false},"excerpt":{"rendered":"<p>V kolekci Hobnail u n\u00e1s najdete tak\u00e9 d\u017eb\u00e1ny a nejr\u016fzn\u011bj\u0161\u00ed sklenice, m\u00edsy \u010di petrolejov\u00e9 lampy, kter\u00e9 se v historii t\u00e9m\u011b\u0159 nevyr\u00e1b\u011bly.<\/p>\n","protected":false},"featured_media":82107,"comment_status":"closed","ping_status":"closed","template":"","meta":[],"product_brand":[],"product_cat":[142,147],"product_tag":[],"class_list":{"0":"post-90159","1":"product","2":"type-product","3":"status-publish","4":"has-post-thumbnail","6":"product_cat-hobnail-ananas","7":"product_cat-sklenene-vazy","9":"first","10":"outofstock","11":"sale","12":"shipping-taxable","13":"purchasable","14":"product-type-simple"},"_links":{"self":[{"href":"https:\/\/test.esluzby.net\/index.php?rest_route=\/wp\/v2\/product\/90159","targetHints":{"allow":["GET"]}}],"collection":[{"href":"https:\/\/test.esluzby.net\/index.php?rest_route=\/wp\/v2\/product"}],"about":[{"href":"https:\/\/test.esluzby.net\/index.php?rest_route=\/wp\/v2\/types\/product"}],"replies":[{"embeddable":true,"href":"https:\/\/test.esluzby.net\/index.php?rest_route=%2Fwp%2Fv2%2Fcomments&post=90159"}],"version-history":[{"count":0,"href":"https:\/\/test.esluzby.net\/index.php?rest_route=\/wp\/v2\/product\/90159\/revisions"}],"wp:featuredmedia":[{"embeddable":true,"href":"https:\/\/test.esluzby.net\/index.php?rest_route=\/wp\/v2\/media\/82107"}],"wp:attachment":[{"href":"https:\/\/test.esluzby.net\/index.php?rest_route=%2Fwp%2Fv2%2Fmedia&parent=90159"}],"wp:term":[{"taxonomy":"product_brand","embeddable":true,"href":"https:\/\/test.esluzby.net\/index.php?rest_route=%2Fwp%2Fv2%2Fproduct_brand&post=90159"},{"taxonomy":"product_cat","embeddable":true,"href":"https:\/\/test.esluzby.net\/index.php?rest_route=%2Fwp%2Fv2%2Fproduct_cat&post=90159"},{"taxonomy":"product_tag","embeddable":true,"href":"https:\/\/test.esluzby.net\/index.php?rest_route=%2Fwp%2Fv2%2Fproduct_tag&post=90159"}],"curies":[{"name":"wp","href":"https:\/\/api.w.org\/{rel}","templated":true}]}}