{"id":90567,"date":"2023-07-12T08:12:37","date_gmt":"2023-07-12T06:12:37","guid":{"rendered":"https:\/\/test.esluzby.net\/?post_type=product&#038;p=90567"},"modified":"2026-02-19T10:26:35","modified_gmt":"2026-02-19T09:26:35","slug":"skleneny-dzban-1l-ii-jakost","status":"publish","type":"product","link":"https:\/\/test.esluzby.net\/?product=skleneny-dzban-1l-ii-jakost","title":{"rendered":"D\u017eb\u00e1n 1l &#8211; Bambus &#8211; lesn\u00ed zelen\u00e1 &#8211; II.jakost"},"content":{"rendered":"<p>Dekor \u201eBambus\u201c nen\u00ed m\u00f3dn\u00ed novinka, ale historick\u00fd vzor optick\u00e9ho skla, kter\u00fd se v \u010desk\u00fdch hut\u00edch pou\u017e\u00edv\u00e1 u\u017e po stalet\u00ed. Vznikl jako sou\u010d\u00e1st tradice reli\u00e9fn\u00edch forem, roz\u0161\u00ed\u0159il se v 19. stolet\u00ed a d\u00edky sv\u00e9 nad\u010dasov\u00e9 estetice se udr\u017eel a\u017e do dne\u0161n\u00edch dn\u016f.\u00a0Dekor tvo\u0159\u00ed vertik\u00e1ln\u00ed nebo m\u00edrn\u011b zvln\u011bn\u00e9 linie, kter\u00e9 evokuj\u00ed strukturu bambusu a d\u00edky lomu sv\u011btla na t\u011bchto vertik\u00e1ln\u00edch \u017eebrech p\u016fsob\u00ed sklo \u017eiv\u011b a plasticky.<\/p>\n<p>D\u017eb\u00e1n z kolekce Bambus nen\u00ed jen praktick\u00fdm pomocn\u00edkem \u2013 je to ru\u010dn\u011b tvarovan\u00fd skvost, kter\u00fd prom\u011bn\u00ed ka\u017ed\u00e9 stolov\u00e1n\u00ed v mal\u00fd sv\u00e1te\u010dn\u00ed okam\u017eik.<\/p>\n<p>V letn\u00edch dnech je d\u017eb\u00e1n ide\u00e1ln\u00ed na dom\u00e1c\u00ed limon\u00e1du s pl\u00e1tky citronu nebo t\u0159eba osv\u011b\u017euj\u00edc\u00ed pivo. Sv\u00e9 uplatn\u011bn\u00ed si ur\u010dit\u011b najde i v zim\u011b, nen\u00ed ov\u0161em ur\u010den\u00fd pro hork\u00e9 n\u00e1poje.<\/p>\n<p align=\"left\">S ru\u010dn\u011b foukan\u00fdmi sklenicemi a p\u016fllitry z kolekce Bambus tvo\u0159\u00ed harmonickou sadu \u2013 ide\u00e1ln\u00ed pro serv\u00edrov\u00e1n\u00ed n\u00e1poj\u016f p\u0159i slavnostn\u00ed ve\u010de\u0159i, zahradn\u00ed oslav\u011b nebo jen tak pro radost.<\/p>\n","protected":false},"excerpt":{"rendered":"<p>Karafa je vyrobena ru\u010dn\u00ed technikou fouk\u00e1n\u00ed do d\u0159ev\u011bn\u00e9 formy zdoben\u00e1 optick\u00fdm efektem opat\u0159ena sklen\u011bn\u00fdm \u0161puntem se z\u00e1brusem pro t\u011bsnost . Je vhodn\u00fdm dopl\u0148kem na slavnostn\u00ed st\u016fl, ale i k b\u011b\u017en\u00e9mu pou\u017eit\u00ed.<\/p>\n","protected":false},"featured_media":82213,"comment_status":"closed","ping_status":"closed","template":"","meta":[],"product_brand":[],"product_cat":[122,114,119],"product_tag":[],"class_list":{"0":"post-90567","1":"product","2":"type-product","3":"status-publish","4":"has-post-thumbnail","6":"product_cat-bambus","7":"product_cat-lesni-sklo","8":"product_cat-sklenene-dzbany","10":"first","11":"outofstock","12":"sale","13":"shipping-taxable","14":"purchasable","15":"product-type-simple"},"_links":{"self":[{"href":"https:\/\/test.esluzby.net\/index.php?rest_route=\/wp\/v2\/product\/90567","targetHints":{"allow":["GET"]}}],"collection":[{"href":"https:\/\/test.esluzby.net\/index.php?rest_route=\/wp\/v2\/product"}],"about":[{"href":"https:\/\/test.esluzby.net\/index.php?rest_route=\/wp\/v2\/types\/product"}],"replies":[{"embeddable":true,"href":"https:\/\/test.esluzby.net\/index.php?rest_route=%2Fwp%2Fv2%2Fcomments&post=90567"}],"version-history":[{"count":0,"href":"https:\/\/test.esluzby.net\/index.php?rest_route=\/wp\/v2\/product\/90567\/revisions"}],"wp:featuredmedia":[{"embeddable":true,"href":"https:\/\/test.esluzby.net\/index.php?rest_route=\/wp\/v2\/media\/82213"}],"wp:attachment":[{"href":"https:\/\/test.esluzby.net\/index.php?rest_route=%2Fwp%2Fv2%2Fmedia&parent=90567"}],"wp:term":[{"taxonomy":"product_brand","embeddable":true,"href":"https:\/\/test.esluzby.net\/index.php?rest_route=%2Fwp%2Fv2%2Fproduct_brand&post=90567"},{"taxonomy":"product_cat","embeddable":true,"href":"https:\/\/test.esluzby.net\/index.php?rest_route=%2Fwp%2Fv2%2Fproduct_cat&post=90567"},{"taxonomy":"product_tag","embeddable":true,"href":"https:\/\/test.esluzby.net\/index.php?rest_route=%2Fwp%2Fv2%2Fproduct_tag&post=90567"}],"curies":[{"name":"wp","href":"https:\/\/api.w.org\/{rel}","templated":true}]}}