{"id":90762,"date":"2023-07-19T08:51:01","date_gmt":"2023-07-19T06:51:01","guid":{"rendered":"https:\/\/test.esluzby.net\/?post_type=product&#038;p=90762"},"modified":"2026-02-19T10:26:48","modified_gmt":"2026-02-19T09:26:48","slug":"vaza-pavi-oko","status":"publish","type":"product","link":"https:\/\/test.esluzby.net\/?product=vaza-pavi-oko","title":{"rendered":"V\u00e1za Pav\u00ed oko"},"content":{"rendered":"<p>Jedine\u010dn\u00e1 v\u00e1za vzhledem ke slo\u017een\u00ed skla, vyroben\u00e1 podle star\u00e9ho receptu, kdy brou\u0161en\u00edm vytv\u00e1\u0159\u00edte kus naprosto origin\u00e1ln\u00ed a neopakovateln\u00fd. Nen\u00ed tedy mo\u017en\u00e9, \u017ee by se tato v\u00e1za sv\u00fdm vzhledem a barevnost\u00ed opakovala. V\u00e1zy v na\u0161\u00ed skl\u00e1rn\u011b vznikaj\u00ed podle n\u00e1lady a rozpolo\u017een\u00ed skl\u00e1\u0159\u016f a brusi\u010de. Bav\u00ed n\u00e1s jejich r\u016fzn\u00e9 tvary a barvy.<\/p>\n","protected":false},"excerpt":{"rendered":"<p>Jedine\u010dn\u00e1 v\u00e1za vzhledem ke slo\u017een\u00ed skla, vyroben\u00e1 podle star\u00e9ho receptu, kdy brou\u0161en\u00edm vytv\u00e1\u0159\u00edte kus naprosto origin\u00e1ln\u00ed a neopakovateln\u00fd. Nen\u00ed tedy mo\u017en\u00e9, \u017ee by se tato v\u00e1za sv\u00fdm vzhledem a barevnost\u00ed opakovala. V\u00e1zy v na\u0161\u00ed skl\u00e1rn\u011b vznikaj\u00ed podle n\u00e1lady a rozpolo\u017een\u00ed skl\u00e1\u0159\u016f a brusi\u010de. Bav\u00ed n\u00e1s jejich r\u016fzn\u00e9 tvary a barvy.<\/p>\n","protected":false},"featured_media":90763,"comment_status":"closed","ping_status":"closed","template":"","meta":[],"product_brand":[],"product_cat":[121,150,141],"product_tag":[],"class_list":{"0":"post-90762","1":"product","2":"type-product","3":"status-publish","4":"has-post-thumbnail","6":"product_cat-darky-pro-zeny","7":"product_cat-premiove-sklenene-vazy","8":"product_cat-svatebni-darky","10":"first","11":"instock","12":"shipping-taxable","13":"purchasable","14":"product-type-simple"},"_links":{"self":[{"href":"https:\/\/test.esluzby.net\/index.php?rest_route=\/wp\/v2\/product\/90762","targetHints":{"allow":["GET"]}}],"collection":[{"href":"https:\/\/test.esluzby.net\/index.php?rest_route=\/wp\/v2\/product"}],"about":[{"href":"https:\/\/test.esluzby.net\/index.php?rest_route=\/wp\/v2\/types\/product"}],"replies":[{"embeddable":true,"href":"https:\/\/test.esluzby.net\/index.php?rest_route=%2Fwp%2Fv2%2Fcomments&post=90762"}],"version-history":[{"count":0,"href":"https:\/\/test.esluzby.net\/index.php?rest_route=\/wp\/v2\/product\/90762\/revisions"}],"wp:featuredmedia":[{"embeddable":true,"href":"https:\/\/test.esluzby.net\/index.php?rest_route=\/wp\/v2\/media\/90763"}],"wp:attachment":[{"href":"https:\/\/test.esluzby.net\/index.php?rest_route=%2Fwp%2Fv2%2Fmedia&parent=90762"}],"wp:term":[{"taxonomy":"product_brand","embeddable":true,"href":"https:\/\/test.esluzby.net\/index.php?rest_route=%2Fwp%2Fv2%2Fproduct_brand&post=90762"},{"taxonomy":"product_cat","embeddable":true,"href":"https:\/\/test.esluzby.net\/index.php?rest_route=%2Fwp%2Fv2%2Fproduct_cat&post=90762"},{"taxonomy":"product_tag","embeddable":true,"href":"https:\/\/test.esluzby.net\/index.php?rest_route=%2Fwp%2Fv2%2Fproduct_tag&post=90762"}],"curies":[{"name":"wp","href":"https:\/\/api.w.org\/{rel}","templated":true}]}}