{"id":91016,"date":"2023-07-29T12:36:24","date_gmt":"2023-07-29T10:36:24","guid":{"rendered":"https:\/\/test.esluzby.net\/?post_type=product&#038;p=91016"},"modified":"2026-02-19T10:27:02","modified_gmt":"2026-02-19T09:27:02","slug":"misa-basic-kristal","status":"publish","type":"product","link":"https:\/\/test.esluzby.net\/?product=misa-basic-kristal","title":{"rendered":"M\u00edsa 15cm &#8211; Bambus &#8211; k\u0159i\u0161\u0165\u00e1l"},"content":{"rendered":"<p>Dekor \u201eBambus\u201c nen\u00ed m\u00f3dn\u00ed novinka, ale historick\u00fd vzor optick\u00e9ho skla, kter\u00fd se v \u010desk\u00fdch hut\u00edch pou\u017e\u00edv\u00e1 u\u017e po stalet\u00ed. Vznikl jako sou\u010d\u00e1st tradice reli\u00e9fn\u00edch forem, roz\u0161\u00ed\u0159il se v 19. stolet\u00ed a d\u00edky sv\u00e9 nad\u010dasov\u00e9 estetice se udr\u017eel a\u017e do dne\u0161n\u00edch dn\u016f<\/p>\n<p>Dekor tvo\u0159\u00ed vertik\u00e1ln\u00ed nebo m\u00edrn\u011b zvln\u011bn\u00e9 linie, kter\u00e9 evokuj\u00ed strukturu bambusu a d\u00edky lomu sv\u011btla na t\u011bchto vertik\u00e1ln\u00edch \u017eebrech p\u016fsob\u00ed sklo \u017eiv\u011b a plasticky.<\/p>\n<p>Elegantn\u00ed m\u00edsa z kolekce Bambus se skv\u011ble hod\u00ed jako ozdoba va\u0161eho j\u00eddeln\u00edho stolu. Sv\u00fdm jedine\u010dn\u00fdm vzhledem zaujme na prvn\u00ed pohled a vnese do va\u0161eho domova n\u00e1dech elegance i kousek historie z\u00e1rove\u0148.<\/p>\n<p>Hod\u00ed pro serv\u00edrov\u00e1n\u00ed ob\u010derstven\u00ed, sal\u00e1t\u016f nebo drobn\u00fdch pochoutek \u2013 a\u0165 u\u017e p\u0159i ka\u017edodenn\u00edm stolov\u00e1n\u00ed nebo slavnostn\u00ed p\u0159\u00edle\u017eitosti.<\/p>\n","protected":false},"excerpt":{"rendered":"<p>V kolekci Bambus u n\u00e1s najdete tak\u00e9 d\u017eb\u00e1ny a nejr\u016fzn\u011bj\u0161\u00ed sklenice, m\u00edsy \u010di petrolejov\u00e9 lampy. Kolekce Bambus je nad\u010dasov\u00e1, decentn\u00ed a p\u0159itom v\u00fdrazn\u00e1. Skv\u011ble lad\u00ed s p\u0159\u00edrodn\u00edmi materi\u00e1ly i modern\u00edm designem.<\/p>\n","protected":false},"featured_media":91017,"comment_status":"closed","ping_status":"closed","template":"","meta":[],"product_brand":[],"product_cat":[122,121,124],"product_tag":[],"class_list":{"0":"post-91016","1":"product","2":"type-product","3":"status-publish","4":"has-post-thumbnail","6":"product_cat-bambus","7":"product_cat-darky-pro-zeny","8":"product_cat-sklenene-misy","10":"first","11":"instock","12":"shipping-taxable","13":"purchasable","14":"product-type-simple"},"_links":{"self":[{"href":"https:\/\/test.esluzby.net\/index.php?rest_route=\/wp\/v2\/product\/91016","targetHints":{"allow":["GET"]}}],"collection":[{"href":"https:\/\/test.esluzby.net\/index.php?rest_route=\/wp\/v2\/product"}],"about":[{"href":"https:\/\/test.esluzby.net\/index.php?rest_route=\/wp\/v2\/types\/product"}],"replies":[{"embeddable":true,"href":"https:\/\/test.esluzby.net\/index.php?rest_route=%2Fwp%2Fv2%2Fcomments&post=91016"}],"version-history":[{"count":0,"href":"https:\/\/test.esluzby.net\/index.php?rest_route=\/wp\/v2\/product\/91016\/revisions"}],"wp:featuredmedia":[{"embeddable":true,"href":"https:\/\/test.esluzby.net\/index.php?rest_route=\/wp\/v2\/media\/91017"}],"wp:attachment":[{"href":"https:\/\/test.esluzby.net\/index.php?rest_route=%2Fwp%2Fv2%2Fmedia&parent=91016"}],"wp:term":[{"taxonomy":"product_brand","embeddable":true,"href":"https:\/\/test.esluzby.net\/index.php?rest_route=%2Fwp%2Fv2%2Fproduct_brand&post=91016"},{"taxonomy":"product_cat","embeddable":true,"href":"https:\/\/test.esluzby.net\/index.php?rest_route=%2Fwp%2Fv2%2Fproduct_cat&post=91016"},{"taxonomy":"product_tag","embeddable":true,"href":"https:\/\/test.esluzby.net\/index.php?rest_route=%2Fwp%2Fv2%2Fproduct_tag&post=91016"}],"curies":[{"name":"wp","href":"https:\/\/api.w.org\/{rel}","templated":true}]}}