{"id":91737,"date":"2023-09-19T11:47:53","date_gmt":"2023-09-19T09:47:53","guid":{"rendered":"https:\/\/test.esluzby.net\/?post_type=product&#038;p=91737"},"modified":"2026-02-19T10:27:13","modified_gmt":"2026-02-19T09:27:13","slug":"vaza-tubus-ruzova-kraklovana","status":"publish","type":"product","link":"https:\/\/test.esluzby.net\/?product=vaza-tubus-ruzova-kraklovana","title":{"rendered":"V\u00e1za Tubus r\u016f\u017eov\u00e1 bambus 37cm"},"content":{"rendered":"","protected":false},"excerpt":{"rendered":"<p>Prvn\u00ed v\u00e1za z nov\u00e9 sady barevn\u00fdch v\u00e1z. Jedn\u00e1 se o v\u00e1lce, ru\u010dn\u011b foukan\u00e9 v na\u0161\u00ed skl\u00e1rn\u011b, pou\u017eita technika kraklov\u00e1n\u00ed. Video s v\u00fdrobou t\u00e9to v\u00e1zy naleznete na na\u0161em FB i IG.<\/p>\n","protected":false},"featured_media":91738,"comment_status":"closed","ping_status":"closed","template":"","meta":[],"product_brand":[],"product_cat":[147],"product_tag":[],"class_list":{"0":"post-91737","1":"product","2":"type-product","3":"status-publish","4":"has-post-thumbnail","6":"product_cat-sklenene-vazy","8":"first","9":"outofstock","10":"sale","11":"shipping-taxable","12":"purchasable","13":"product-type-simple"},"_links":{"self":[{"href":"https:\/\/test.esluzby.net\/index.php?rest_route=\/wp\/v2\/product\/91737","targetHints":{"allow":["GET"]}}],"collection":[{"href":"https:\/\/test.esluzby.net\/index.php?rest_route=\/wp\/v2\/product"}],"about":[{"href":"https:\/\/test.esluzby.net\/index.php?rest_route=\/wp\/v2\/types\/product"}],"replies":[{"embeddable":true,"href":"https:\/\/test.esluzby.net\/index.php?rest_route=%2Fwp%2Fv2%2Fcomments&post=91737"}],"version-history":[{"count":0,"href":"https:\/\/test.esluzby.net\/index.php?rest_route=\/wp\/v2\/product\/91737\/revisions"}],"wp:featuredmedia":[{"embeddable":true,"href":"https:\/\/test.esluzby.net\/index.php?rest_route=\/wp\/v2\/media\/91738"}],"wp:attachment":[{"href":"https:\/\/test.esluzby.net\/index.php?rest_route=%2Fwp%2Fv2%2Fmedia&parent=91737"}],"wp:term":[{"taxonomy":"product_brand","embeddable":true,"href":"https:\/\/test.esluzby.net\/index.php?rest_route=%2Fwp%2Fv2%2Fproduct_brand&post=91737"},{"taxonomy":"product_cat","embeddable":true,"href":"https:\/\/test.esluzby.net\/index.php?rest_route=%2Fwp%2Fv2%2Fproduct_cat&post=91737"},{"taxonomy":"product_tag","embeddable":true,"href":"https:\/\/test.esluzby.net\/index.php?rest_route=%2Fwp%2Fv2%2Fproduct_tag&post=91737"}],"curies":[{"name":"wp","href":"https:\/\/api.w.org\/{rel}","templated":true}]}}