{"id":91871,"date":"2023-09-26T19:52:54","date_gmt":"2023-09-26T17:52:54","guid":{"rendered":"https:\/\/test.esluzby.net\/?post_type=product&#038;p=91871"},"modified":"2026-02-19T10:27:20","modified_gmt":"2026-02-19T09:27:20","slug":"limitovana-souprava-amber","status":"publish","type":"product","link":"https:\/\/test.esluzby.net\/?product=limitovana-souprava-amber","title":{"rendered":"Limitovan\u00e1 souprava &#8211; amber"},"content":{"rendered":"","protected":false},"excerpt":{"rendered":"<p>Souprava na\u0161eho ru\u010dn\u011b foukan\u00e9ho skla &#8211; d\u017eb\u00e1n, v\u00e1za, petrolejov\u00e1 lampa, m\u00edsa, p\u016fllitr, t\u0159etinka, sklenice na v\u00edno, sklenice na vodu. Limitovan\u00e1 edice.<\/p>\n","protected":false},"featured_media":91872,"comment_status":"closed","ping_status":"closed","template":"","meta":[],"product_brand":[],"product_cat":[121,145,141],"product_tag":[],"class_list":{"0":"post-91871","1":"product","2":"type-product","3":"status-publish","4":"has-post-thumbnail","6":"product_cat-darky-pro-zeny","7":"product_cat-sklenene-soupravy","8":"product_cat-svatebni-darky","10":"first","11":"outofstock","12":"sale","13":"shipping-taxable","14":"purchasable","15":"product-type-simple"},"_links":{"self":[{"href":"https:\/\/test.esluzby.net\/index.php?rest_route=\/wp\/v2\/product\/91871","targetHints":{"allow":["GET"]}}],"collection":[{"href":"https:\/\/test.esluzby.net\/index.php?rest_route=\/wp\/v2\/product"}],"about":[{"href":"https:\/\/test.esluzby.net\/index.php?rest_route=\/wp\/v2\/types\/product"}],"replies":[{"embeddable":true,"href":"https:\/\/test.esluzby.net\/index.php?rest_route=%2Fwp%2Fv2%2Fcomments&post=91871"}],"version-history":[{"count":0,"href":"https:\/\/test.esluzby.net\/index.php?rest_route=\/wp\/v2\/product\/91871\/revisions"}],"wp:featuredmedia":[{"embeddable":true,"href":"https:\/\/test.esluzby.net\/index.php?rest_route=\/wp\/v2\/media\/91872"}],"wp:attachment":[{"href":"https:\/\/test.esluzby.net\/index.php?rest_route=%2Fwp%2Fv2%2Fmedia&parent=91871"}],"wp:term":[{"taxonomy":"product_brand","embeddable":true,"href":"https:\/\/test.esluzby.net\/index.php?rest_route=%2Fwp%2Fv2%2Fproduct_brand&post=91871"},{"taxonomy":"product_cat","embeddable":true,"href":"https:\/\/test.esluzby.net\/index.php?rest_route=%2Fwp%2Fv2%2Fproduct_cat&post=91871"},{"taxonomy":"product_tag","embeddable":true,"href":"https:\/\/test.esluzby.net\/index.php?rest_route=%2Fwp%2Fv2%2Fproduct_tag&post=91871"}],"curies":[{"name":"wp","href":"https:\/\/api.w.org\/{rel}","templated":true}]}}