{"id":92052,"date":"2023-09-30T11:42:54","date_gmt":"2023-09-30T09:42:54","guid":{"rendered":"https:\/\/test.esluzby.net\/?post_type=product&#038;p=92052"},"modified":"2026-02-19T10:27:35","modified_gmt":"2026-02-19T09:27:35","slug":"skleneny-pullitr-tmave-modra","status":"publish","type":"product","link":"https:\/\/test.esluzby.net\/?product=skleneny-pullitr-tmave-modra","title":{"rendered":"P\u016fllitr &#8211; tmav\u011b modr\u00e1"},"content":{"rendered":"","protected":false},"excerpt":{"rendered":"<p>Sklen\u011bn\u00e9 t\u0159etinky, p\u016fllitry, tupl\u00e1ky ru\u010dn\u00ed v\u00fdroby. Jedn\u00e1 se o typickou ru\u010dn\u00ed v\u00fdrobu \u010desk\u00e9ho skla foukan\u00e9ho v na\u0161em glass studiu. Sklo sodno-draseln\u00e9, m\u00e1 velk\u00fd lesk a kr\u00e1sn\u00fd zvuk. P\u016fllitry, t\u0159etiky, tupl\u00e1ky lze zdobit ryt\u00edm, malov\u00e1n\u00edm, vypalovac\u00edm obtiskem, p\u00edskov\u00e1n\u00edm, c\u00ednovou plaketou, c\u00ednovou ozdobou nebo opat\u0159it c\u00ednov\u00fdm v\u00ed\u010dkem. \u010cesk\u00e9 sklo je ve sv\u011bt\u011b zn\u00e1me jako Bohemia glass.<\/p>\n","protected":false},"featured_media":92053,"comment_status":"closed","ping_status":"closed","template":"","meta":[],"product_brand":[],"product_cat":[138],"product_tag":[],"class_list":{"0":"post-92052","1":"product","2":"type-product","3":"status-publish","4":"has-post-thumbnail","6":"product_cat-skleneny-pullitr","8":"first","9":"outofstock","10":"sale","11":"shipping-taxable","12":"purchasable","13":"product-type-simple"},"_links":{"self":[{"href":"https:\/\/test.esluzby.net\/index.php?rest_route=\/wp\/v2\/product\/92052","targetHints":{"allow":["GET"]}}],"collection":[{"href":"https:\/\/test.esluzby.net\/index.php?rest_route=\/wp\/v2\/product"}],"about":[{"href":"https:\/\/test.esluzby.net\/index.php?rest_route=\/wp\/v2\/types\/product"}],"replies":[{"embeddable":true,"href":"https:\/\/test.esluzby.net\/index.php?rest_route=%2Fwp%2Fv2%2Fcomments&post=92052"}],"version-history":[{"count":0,"href":"https:\/\/test.esluzby.net\/index.php?rest_route=\/wp\/v2\/product\/92052\/revisions"}],"wp:featuredmedia":[{"embeddable":true,"href":"https:\/\/test.esluzby.net\/index.php?rest_route=\/wp\/v2\/media\/92053"}],"wp:attachment":[{"href":"https:\/\/test.esluzby.net\/index.php?rest_route=%2Fwp%2Fv2%2Fmedia&parent=92052"}],"wp:term":[{"taxonomy":"product_brand","embeddable":true,"href":"https:\/\/test.esluzby.net\/index.php?rest_route=%2Fwp%2Fv2%2Fproduct_brand&post=92052"},{"taxonomy":"product_cat","embeddable":true,"href":"https:\/\/test.esluzby.net\/index.php?rest_route=%2Fwp%2Fv2%2Fproduct_cat&post=92052"},{"taxonomy":"product_tag","embeddable":true,"href":"https:\/\/test.esluzby.net\/index.php?rest_route=%2Fwp%2Fv2%2Fproduct_tag&post=92052"}],"curies":[{"name":"wp","href":"https:\/\/api.w.org\/{rel}","templated":true}]}}