{"id":92517,"date":"2023-10-21T22:52:16","date_gmt":"2023-10-21T20:52:16","guid":{"rendered":"https:\/\/test.esluzby.net\/?post_type=product&#038;p=92517"},"modified":"2026-02-19T10:27:42","modified_gmt":"2026-02-19T09:27:42","slug":"dekorace-dyne-zluta-15-cm","status":"publish","type":"product","link":"https:\/\/test.esluzby.net\/?product=dekorace-dyne-zluta-15-cm","title":{"rendered":"D\u00fdn\u011b \u017elut\u00e1 pr\u016fm\u011br cca 15 cm"},"content":{"rendered":"","protected":false},"excerpt":{"rendered":"<p>Sklen\u011bn\u00e1 dekorace na st\u016fl i do zahrady. Ru\u010dn\u011b vyr\u00e1b\u011bn\u00e1 d\u00fdn\u011b. Ka\u017ed\u00fd kus je origin\u00e1l. Cena za 1 kus.<\/p>\n","protected":false},"featured_media":92518,"comment_status":"closed","ping_status":"closed","template":"","meta":[],"product_brand":[],"product_cat":[149],"product_tag":[162],"class_list":{"0":"post-92517","1":"product","2":"type-product","3":"status-publish","4":"has-post-thumbnail","6":"product_cat-zahradni-sklo","7":"product_tag-halloween","9":"first","10":"outofstock","11":"sale","12":"shipping-taxable","13":"purchasable","14":"product-type-simple"},"_links":{"self":[{"href":"https:\/\/test.esluzby.net\/index.php?rest_route=\/wp\/v2\/product\/92517","targetHints":{"allow":["GET"]}}],"collection":[{"href":"https:\/\/test.esluzby.net\/index.php?rest_route=\/wp\/v2\/product"}],"about":[{"href":"https:\/\/test.esluzby.net\/index.php?rest_route=\/wp\/v2\/types\/product"}],"replies":[{"embeddable":true,"href":"https:\/\/test.esluzby.net\/index.php?rest_route=%2Fwp%2Fv2%2Fcomments&post=92517"}],"version-history":[{"count":0,"href":"https:\/\/test.esluzby.net\/index.php?rest_route=\/wp\/v2\/product\/92517\/revisions"}],"wp:featuredmedia":[{"embeddable":true,"href":"https:\/\/test.esluzby.net\/index.php?rest_route=\/wp\/v2\/media\/92518"}],"wp:attachment":[{"href":"https:\/\/test.esluzby.net\/index.php?rest_route=%2Fwp%2Fv2%2Fmedia&parent=92517"}],"wp:term":[{"taxonomy":"product_brand","embeddable":true,"href":"https:\/\/test.esluzby.net\/index.php?rest_route=%2Fwp%2Fv2%2Fproduct_brand&post=92517"},{"taxonomy":"product_cat","embeddable":true,"href":"https:\/\/test.esluzby.net\/index.php?rest_route=%2Fwp%2Fv2%2Fproduct_cat&post=92517"},{"taxonomy":"product_tag","embeddable":true,"href":"https:\/\/test.esluzby.net\/index.php?rest_route=%2Fwp%2Fv2%2Fproduct_tag&post=92517"}],"curies":[{"name":"wp","href":"https:\/\/api.w.org\/{rel}","templated":true}]}}