{"id":92860,"date":"2023-11-15T06:08:22","date_gmt":"2023-11-15T05:08:22","guid":{"rendered":"https:\/\/test.esluzby.net\/?post_type=product&#038;p=92860"},"modified":"2026-02-19T10:27:49","modified_gmt":"2026-02-19T09:27:49","slug":"koule-na-plot-stribrena-ii-jakost-2","status":"publish","type":"product","link":"https:\/\/test.esluzby.net\/?product=koule-na-plot-stribrena-ii-jakost-2","title":{"rendered":"Koule na plot &#8211; st\u0159\u00edb\u0159en\u00e1 &#8211; II. jakost"},"content":{"rendered":"","protected":false},"excerpt":{"rendered":"<p>Ozdoba zahradn\u00ed neboli plotov\u00e1 ozdoba je dekorace do zahrady. Rozjasn\u00ed a rozvesel\u00ed celou zahradu. Skoro ka\u017ed\u00e1 babi\u010dka m\u00edvala tyto ozdoby. Vyr\u00e1b\u00ed se r\u016fzn\u00e9 typy \u2013 zv\u00ed\u0159\u00e1tka, listy, ty\u010de nebo koule, r\u016fzn\u00fdch velikost\u00ed a barevn\u00fdch kombinac\u00ed. N\u011bkter\u00e9 zahradn\u00ed dekorace st\u0159\u00edb\u0159\u00edme, \u010d\u00edm\u017e vznikne kr\u00e1sn\u00fd lesk a bl\u00fdskav\u00fd efekt. Otvor pro ty\u010dku je 10 mm. Ty\u010dka nen\u00ed sou\u010d\u00e1st\u00ed.II.jakost &#8211; kosmetick\u00e9 vady.<\/p>\n","protected":false},"featured_media":82232,"comment_status":"closed","ping_status":"closed","template":"","meta":[],"product_brand":[],"product_cat":[149],"product_tag":[],"class_list":{"0":"post-92860","1":"product","2":"type-product","3":"status-publish","4":"has-post-thumbnail","6":"product_cat-zahradni-sklo","8":"first","9":"outofstock","10":"sale","11":"shipping-taxable","12":"purchasable","13":"product-type-simple"},"_links":{"self":[{"href":"https:\/\/test.esluzby.net\/index.php?rest_route=\/wp\/v2\/product\/92860","targetHints":{"allow":["GET"]}}],"collection":[{"href":"https:\/\/test.esluzby.net\/index.php?rest_route=\/wp\/v2\/product"}],"about":[{"href":"https:\/\/test.esluzby.net\/index.php?rest_route=\/wp\/v2\/types\/product"}],"replies":[{"embeddable":true,"href":"https:\/\/test.esluzby.net\/index.php?rest_route=%2Fwp%2Fv2%2Fcomments&post=92860"}],"version-history":[{"count":0,"href":"https:\/\/test.esluzby.net\/index.php?rest_route=\/wp\/v2\/product\/92860\/revisions"}],"wp:featuredmedia":[{"embeddable":true,"href":"https:\/\/test.esluzby.net\/index.php?rest_route=\/wp\/v2\/media\/82232"}],"wp:attachment":[{"href":"https:\/\/test.esluzby.net\/index.php?rest_route=%2Fwp%2Fv2%2Fmedia&parent=92860"}],"wp:term":[{"taxonomy":"product_brand","embeddable":true,"href":"https:\/\/test.esluzby.net\/index.php?rest_route=%2Fwp%2Fv2%2Fproduct_brand&post=92860"},{"taxonomy":"product_cat","embeddable":true,"href":"https:\/\/test.esluzby.net\/index.php?rest_route=%2Fwp%2Fv2%2Fproduct_cat&post=92860"},{"taxonomy":"product_tag","embeddable":true,"href":"https:\/\/test.esluzby.net\/index.php?rest_route=%2Fwp%2Fv2%2Fproduct_tag&post=92860"}],"curies":[{"name":"wp","href":"https:\/\/api.w.org\/{rel}","templated":true}]}}