{"id":93430,"date":"2023-12-09T20:16:33","date_gmt":"2023-12-09T19:16:33","guid":{"rendered":"https:\/\/test.esluzby.net\/?post_type=product&#038;p=93430"},"modified":"2026-02-19T10:28:01","modified_gmt":"2026-02-19T09:28:01","slug":"vaza-s-optikou-modry-kour","status":"publish","type":"product","link":"https:\/\/test.esluzby.net\/?product=vaza-s-optikou-modry-kour","title":{"rendered":"V\u00e1za Poly 15cm &#8211; modr\u00fd kou\u0159"},"content":{"rendered":"","protected":false},"excerpt":{"rendered":"<p>Novinka sv\u00fdm tvarem v na\u0161\u00ed produkci, pou\u017eity nov\u011b vyroben\u00e9 kovov\u00e9 formy. Sv\u00fdm tvarem se v\u00e1zy hod\u00ed do ka\u017ed\u00e9 dom\u00e1cnosti. Jsou vyrobeny v r\u016fzn\u00fdch barv\u00e1ch s r\u016fznou optikou.<\/p>\n","protected":false},"featured_media":93431,"comment_status":"closed","ping_status":"closed","template":"","meta":[],"product_brand":[],"product_cat":[121,147],"product_tag":[],"class_list":{"0":"post-93430","1":"product","2":"type-product","3":"status-publish","4":"has-post-thumbnail","6":"product_cat-darky-pro-zeny","7":"product_cat-sklenene-vazy","9":"first","10":"outofstock","11":"sale","12":"shipping-taxable","13":"purchasable","14":"product-type-simple"},"_links":{"self":[{"href":"https:\/\/test.esluzby.net\/index.php?rest_route=\/wp\/v2\/product\/93430","targetHints":{"allow":["GET"]}}],"collection":[{"href":"https:\/\/test.esluzby.net\/index.php?rest_route=\/wp\/v2\/product"}],"about":[{"href":"https:\/\/test.esluzby.net\/index.php?rest_route=\/wp\/v2\/types\/product"}],"replies":[{"embeddable":true,"href":"https:\/\/test.esluzby.net\/index.php?rest_route=%2Fwp%2Fv2%2Fcomments&post=93430"}],"version-history":[{"count":0,"href":"https:\/\/test.esluzby.net\/index.php?rest_route=\/wp\/v2\/product\/93430\/revisions"}],"wp:featuredmedia":[{"embeddable":true,"href":"https:\/\/test.esluzby.net\/index.php?rest_route=\/wp\/v2\/media\/93431"}],"wp:attachment":[{"href":"https:\/\/test.esluzby.net\/index.php?rest_route=%2Fwp%2Fv2%2Fmedia&parent=93430"}],"wp:term":[{"taxonomy":"product_brand","embeddable":true,"href":"https:\/\/test.esluzby.net\/index.php?rest_route=%2Fwp%2Fv2%2Fproduct_brand&post=93430"},{"taxonomy":"product_cat","embeddable":true,"href":"https:\/\/test.esluzby.net\/index.php?rest_route=%2Fwp%2Fv2%2Fproduct_cat&post=93430"},{"taxonomy":"product_tag","embeddable":true,"href":"https:\/\/test.esluzby.net\/index.php?rest_route=%2Fwp%2Fv2%2Fproduct_tag&post=93430"}],"curies":[{"name":"wp","href":"https:\/\/api.w.org\/{rel}","templated":true}]}}