{"id":93731,"date":"2023-12-13T07:45:14","date_gmt":"2023-12-13T06:45:14","guid":{"rendered":"https:\/\/test.esluzby.net\/?post_type=product&#038;p=93731"},"modified":"2026-02-19T10:28:20","modified_gmt":"2026-02-19T09:28:20","slug":"skleneny-pullitr-hobnail","status":"publish","type":"product","link":"https:\/\/test.esluzby.net\/?product=skleneny-pullitr-hobnail","title":{"rendered":"P\u016fllitr Hobnail &#8211; Ananas &#8211; gran\u00e1t"},"content":{"rendered":"","protected":false},"excerpt":{"rendered":"<p>Kolekce \u201eAnanas \u2013 Hobnail\u201c je v\u00fdjime\u010dn\u00e1 nejen sv\u00fdm vzhledem, ale i histori\u00ed. Tento dekor se vyr\u00e1b\u011bl ji\u017e od roku 1880 ve skl\u00e1rn\u00e1ch na teplicku a za posledn\u00edch 10 let se stal op\u011bt \u017e\u00e1dan\u00fdm po cel\u00e9 Evrop\u011b. D\u00edky jedine\u010dn\u00e9 technice optiky dok\u00e1\u017ee Ananas nejen zaujmout sv\u00fdm vzhledem,, ale tak\u00e9 udr\u017eet n\u00e1poje v letn\u00edch dnech co nejd\u00e9le chladn\u00e9.<\/p>\n","protected":false},"featured_media":93732,"comment_status":"closed","ping_status":"closed","template":"","meta":[],"product_brand":[],"product_cat":[142,138],"product_tag":[],"class_list":{"0":"post-93731","1":"product","2":"type-product","3":"status-publish","4":"has-post-thumbnail","6":"product_cat-hobnail-ananas","7":"product_cat-skleneny-pullitr","9":"first","10":"outofstock","11":"shipping-taxable","12":"purchasable","13":"product-type-simple"},"_links":{"self":[{"href":"https:\/\/test.esluzby.net\/index.php?rest_route=\/wp\/v2\/product\/93731","targetHints":{"allow":["GET"]}}],"collection":[{"href":"https:\/\/test.esluzby.net\/index.php?rest_route=\/wp\/v2\/product"}],"about":[{"href":"https:\/\/test.esluzby.net\/index.php?rest_route=\/wp\/v2\/types\/product"}],"replies":[{"embeddable":true,"href":"https:\/\/test.esluzby.net\/index.php?rest_route=%2Fwp%2Fv2%2Fcomments&post=93731"}],"version-history":[{"count":0,"href":"https:\/\/test.esluzby.net\/index.php?rest_route=\/wp\/v2\/product\/93731\/revisions"}],"wp:featuredmedia":[{"embeddable":true,"href":"https:\/\/test.esluzby.net\/index.php?rest_route=\/wp\/v2\/media\/93732"}],"wp:attachment":[{"href":"https:\/\/test.esluzby.net\/index.php?rest_route=%2Fwp%2Fv2%2Fmedia&parent=93731"}],"wp:term":[{"taxonomy":"product_brand","embeddable":true,"href":"https:\/\/test.esluzby.net\/index.php?rest_route=%2Fwp%2Fv2%2Fproduct_brand&post=93731"},{"taxonomy":"product_cat","embeddable":true,"href":"https:\/\/test.esluzby.net\/index.php?rest_route=%2Fwp%2Fv2%2Fproduct_cat&post=93731"},{"taxonomy":"product_tag","embeddable":true,"href":"https:\/\/test.esluzby.net\/index.php?rest_route=%2Fwp%2Fv2%2Fproduct_tag&post=93731"}],"curies":[{"name":"wp","href":"https:\/\/api.w.org\/{rel}","templated":true}]}}