{"id":93746,"date":"2023-12-13T08:05:51","date_gmt":"2023-12-13T07:05:51","guid":{"rendered":"https:\/\/test.esluzby.net\/?post_type=product&#038;p=93746"},"modified":"2026-02-19T10:28:21","modified_gmt":"2026-02-19T09:28:21","slug":"skleneny-pullitr-s-oblicejem","status":"publish","type":"product","link":"https:\/\/test.esluzby.net\/?product=skleneny-pullitr-s-oblicejem","title":{"rendered":"P\u016fllitr 0,5l &#8211; s obli\u010dejem &#8211; lesn\u00ed zelen\u00e1"},"content":{"rendered":"<p>Klasick\u00fd ru\u010dn\u011b vyr\u00e1b\u011bny sklen\u011bn\u00fd p\u016fllitr vyroben\u00fd z \u010desk\u00e9ho \u010dir\u00e9ho a barevn\u00e9ho skla, nab\u00edz\u00ed vysokou pevnost, p\u0159\u00edjemnou hmotnost a pohodln\u00e9 dr\u017een\u00ed d\u00edky masivn\u00edmu uchu. Siln\u00e9 st\u011bny pom\u00e1haj\u00ed udr\u017eet n\u00e1poj d\u00e9le chladn\u00fd a zaji\u0161\u0165uj\u00ed dlouhou \u017eivotnost p\u0159i ka\u017edodenn\u00edm pou\u017e\u00edv\u00e1n\u00ed.<\/p>\n<p>Sklen\u011bn\u00e9 t\u0159etinky, p\u016fllitry, tupl\u00e1ky \u2013 jedn\u00e1 se o typickou ru\u010dn\u00ed v\u00fdrobu \u010desk\u00e9ho skla foukan\u00e9ho v na\u0161em glass studiu. Sklo sodno-draseln\u00e9, m\u00e1 velk\u00fd lesk a kr\u00e1sn\u00fd zvuk. P\u016fllitry, t\u0159etinky, tupl\u00e1ky lze zdobit ryt\u00edm, malov\u00e1n\u00edm, vypalovac\u00edm obtiskem, p\u00edskov\u00e1n\u00edm, c\u00ednovou plaketou, c\u00ednovou ozdobou nebo opat\u0159it c\u00ednov\u00fdm v\u00ed\u010dkem.<\/p>\n","protected":false},"excerpt":{"rendered":"<p>Sklen\u011bn\u00e9 p\u016fllitry se od d\u00e1vn\u00fdch dob zdobili i stylizovan\u00fdm obli\u010dejem . \u010cesk\u00e9 sklo je ve sv\u011bt\u011b zn\u00e1me jako Bohemia glass. Klasick\u00fd ru\u010dn\u011b vyr\u00e1b\u011bny sklen\u011bn\u00fd p\u016fllitr je ide\u00e1ln\u00ed d\u00e1rek. Pravou volbou pro serv\u00edrov\u00e1n\u00ed piva a jin\u00fdch chladn\u00fdch n\u00e1poj\u016f.<\/p>\n","protected":false},"featured_media":93747,"comment_status":"closed","ping_status":"closed","template":"","meta":[],"product_brand":[],"product_cat":[113,114,138],"product_tag":[],"class_list":{"0":"post-93746","1":"product","2":"type-product","3":"status-publish","4":"has-post-thumbnail","6":"product_cat-historicke-sklo","7":"product_cat-lesni-sklo","8":"product_cat-skleneny-pullitr","10":"first","11":"outofstock","12":"shipping-taxable","13":"purchasable","14":"product-type-simple"},"_links":{"self":[{"href":"https:\/\/test.esluzby.net\/index.php?rest_route=\/wp\/v2\/product\/93746","targetHints":{"allow":["GET"]}}],"collection":[{"href":"https:\/\/test.esluzby.net\/index.php?rest_route=\/wp\/v2\/product"}],"about":[{"href":"https:\/\/test.esluzby.net\/index.php?rest_route=\/wp\/v2\/types\/product"}],"replies":[{"embeddable":true,"href":"https:\/\/test.esluzby.net\/index.php?rest_route=%2Fwp%2Fv2%2Fcomments&post=93746"}],"version-history":[{"count":0,"href":"https:\/\/test.esluzby.net\/index.php?rest_route=\/wp\/v2\/product\/93746\/revisions"}],"wp:featuredmedia":[{"embeddable":true,"href":"https:\/\/test.esluzby.net\/index.php?rest_route=\/wp\/v2\/media\/93747"}],"wp:attachment":[{"href":"https:\/\/test.esluzby.net\/index.php?rest_route=%2Fwp%2Fv2%2Fmedia&parent=93746"}],"wp:term":[{"taxonomy":"product_brand","embeddable":true,"href":"https:\/\/test.esluzby.net\/index.php?rest_route=%2Fwp%2Fv2%2Fproduct_brand&post=93746"},{"taxonomy":"product_cat","embeddable":true,"href":"https:\/\/test.esluzby.net\/index.php?rest_route=%2Fwp%2Fv2%2Fproduct_cat&post=93746"},{"taxonomy":"product_tag","embeddable":true,"href":"https:\/\/test.esluzby.net\/index.php?rest_route=%2Fwp%2Fv2%2Fproduct_tag&post=93746"}],"curies":[{"name":"wp","href":"https:\/\/api.w.org\/{rel}","templated":true}]}}