{"id":93797,"date":"2023-12-13T10:55:10","date_gmt":"2023-12-13T09:55:10","guid":{"rendered":"https:\/\/test.esluzby.net\/?post_type=product&#038;p=93797"},"modified":"2026-02-19T10:28:23","modified_gmt":"2026-02-19T09:28:23","slug":"poklop-skleneny","status":"publish","type":"product","link":"https:\/\/test.esluzby.net\/?product=poklop-skleneny","title":{"rendered":"Poklop sklen\u011bn\u00fd pr\u016fm\u011br 24cm"},"content":{"rendered":"","protected":false},"excerpt":{"rendered":"<p>Pod sklen\u011bn\u00fd poklop se vejde b\u011b\u017en\u00fd m\u011blk\u00fd tal\u00ed\u0159 nap\u0159. s b\u00e1bovkou. Ochr\u00e1n\u00ed Va\u0161e potraviny a nav\u00edc skv\u011ble vypad\u00e1. Nejedn\u00e1 se o varn\u00e9 sklo. \u010cesk\u00e9 sklo je zn\u00e1mo svou r\u016fznorodost\u00ed v\u00fdrobk\u016f.<\/p>\n","protected":false},"featured_media":93798,"comment_status":"closed","ping_status":"closed","template":"","meta":[],"product_brand":[],"product_cat":[121,109],"product_tag":[],"class_list":{"0":"post-93797","1":"product","2":"type-product","3":"status-publish","4":"has-post-thumbnail","6":"product_cat-darky-pro-zeny","7":"product_cat-dekoracni-sklo","9":"first","10":"instock","11":"shipping-taxable","12":"purchasable","13":"product-type-simple"},"_links":{"self":[{"href":"https:\/\/test.esluzby.net\/index.php?rest_route=\/wp\/v2\/product\/93797","targetHints":{"allow":["GET"]}}],"collection":[{"href":"https:\/\/test.esluzby.net\/index.php?rest_route=\/wp\/v2\/product"}],"about":[{"href":"https:\/\/test.esluzby.net\/index.php?rest_route=\/wp\/v2\/types\/product"}],"replies":[{"embeddable":true,"href":"https:\/\/test.esluzby.net\/index.php?rest_route=%2Fwp%2Fv2%2Fcomments&post=93797"}],"version-history":[{"count":0,"href":"https:\/\/test.esluzby.net\/index.php?rest_route=\/wp\/v2\/product\/93797\/revisions"}],"wp:featuredmedia":[{"embeddable":true,"href":"https:\/\/test.esluzby.net\/index.php?rest_route=\/wp\/v2\/media\/93798"}],"wp:attachment":[{"href":"https:\/\/test.esluzby.net\/index.php?rest_route=%2Fwp%2Fv2%2Fmedia&parent=93797"}],"wp:term":[{"taxonomy":"product_brand","embeddable":true,"href":"https:\/\/test.esluzby.net\/index.php?rest_route=%2Fwp%2Fv2%2Fproduct_brand&post=93797"},{"taxonomy":"product_cat","embeddable":true,"href":"https:\/\/test.esluzby.net\/index.php?rest_route=%2Fwp%2Fv2%2Fproduct_cat&post=93797"},{"taxonomy":"product_tag","embeddable":true,"href":"https:\/\/test.esluzby.net\/index.php?rest_route=%2Fwp%2Fv2%2Fproduct_tag&post=93797"}],"curies":[{"name":"wp","href":"https:\/\/api.w.org\/{rel}","templated":true}]}}