{"id":93962,"date":"2023-12-17T16:51:11","date_gmt":"2023-12-17T15:51:11","guid":{"rendered":"https:\/\/test.esluzby.net\/?post_type=product&#038;p=93962"},"modified":"2026-02-19T10:28:29","modified_gmt":"2026-02-19T09:28:29","slug":"souprava-na-pivo-4","status":"publish","type":"product","link":"https:\/\/test.esluzby.net\/?product=souprava-na-pivo-4","title":{"rendered":"Souprava na pivo &#8211; lesn\u00ed zelen\u00e1"},"content":{"rendered":"<p>Souprava obsahuje d\u017eb\u00e1n a dva p\u016fllitry 5106 0,5l<\/p>\n<p>Lesn\u00ed sklo je obvykle zbarven\u00e9 do odst\u00ednu zelen\u00e9 oxidem \u017eeleznat\u00fdm. V \u010desk\u00e9m skl\u00e1\u0159stv\u00ed dos\u00e1hla v\u00fdroba lesn\u00edho skla proslulosti ve 14. stolet\u00ed. V lesn\u00edch skl\u00e1rn\u00e1ch byly za\u010d\u00e1tky t\u011b\u017ek\u00e9. Zp\u016fsob taven\u00ed byl v nejstar\u0161\u00edch dob\u00e1ch velice primitivn\u00ed. Sklo, kter\u00e9 se z\u00edsk\u00e1valo bylo nazelenal\u00e9, ne\u010dist\u00e9 a pln\u00e9 puch\u00fd\u0159k\u016f.<\/p>\n","protected":false},"excerpt":{"rendered":"<p>Lesn\u00ed sklo je obvykle zbarven\u00e9 do odst\u00ednu zelen\u00e9 oxidem \u017eeleznat\u00fdm. V \u010desk\u00e9m skl\u00e1\u0159stv\u00ed dos\u00e1hla v\u00fdroba lesn\u00edho skla proslulosti ve 14. stolet\u00ed. V lesn\u00edch skl\u00e1rn\u00e1ch byly za\u010d\u00e1tky t\u011b\u017ek\u00e9. Zp\u016fsob taven\u00ed byl v nejstar\u0161\u00edch dob\u00e1ch velice primitivn\u00ed.<\/p>\n","protected":false},"featured_media":93963,"comment_status":"closed","ping_status":"closed","template":"","meta":[],"product_brand":[],"product_cat":[113,114,145,138],"product_tag":[],"class_list":{"0":"post-93962","1":"product","2":"type-product","3":"status-publish","4":"has-post-thumbnail","6":"product_cat-historicke-sklo","7":"product_cat-lesni-sklo","8":"product_cat-sklenene-soupravy","9":"product_cat-skleneny-pullitr","11":"first","12":"instock","13":"sale","14":"shipping-taxable","15":"purchasable","16":"product-type-simple"},"_links":{"self":[{"href":"https:\/\/test.esluzby.net\/index.php?rest_route=\/wp\/v2\/product\/93962","targetHints":{"allow":["GET"]}}],"collection":[{"href":"https:\/\/test.esluzby.net\/index.php?rest_route=\/wp\/v2\/product"}],"about":[{"href":"https:\/\/test.esluzby.net\/index.php?rest_route=\/wp\/v2\/types\/product"}],"replies":[{"embeddable":true,"href":"https:\/\/test.esluzby.net\/index.php?rest_route=%2Fwp%2Fv2%2Fcomments&post=93962"}],"version-history":[{"count":0,"href":"https:\/\/test.esluzby.net\/index.php?rest_route=\/wp\/v2\/product\/93962\/revisions"}],"wp:featuredmedia":[{"embeddable":true,"href":"https:\/\/test.esluzby.net\/index.php?rest_route=\/wp\/v2\/media\/93963"}],"wp:attachment":[{"href":"https:\/\/test.esluzby.net\/index.php?rest_route=%2Fwp%2Fv2%2Fmedia&parent=93962"}],"wp:term":[{"taxonomy":"product_brand","embeddable":true,"href":"https:\/\/test.esluzby.net\/index.php?rest_route=%2Fwp%2Fv2%2Fproduct_brand&post=93962"},{"taxonomy":"product_cat","embeddable":true,"href":"https:\/\/test.esluzby.net\/index.php?rest_route=%2Fwp%2Fv2%2Fproduct_cat&post=93962"},{"taxonomy":"product_tag","embeddable":true,"href":"https:\/\/test.esluzby.net\/index.php?rest_route=%2Fwp%2Fv2%2Fproduct_tag&post=93962"}],"curies":[{"name":"wp","href":"https:\/\/api.w.org\/{rel}","templated":true}]}}