{"id":93972,"date":"2023-12-17T17:48:15","date_gmt":"2023-12-17T16:48:15","guid":{"rendered":"https:\/\/test.esluzby.net\/?post_type=product&#038;p=93972"},"modified":"2026-02-19T10:28:30","modified_gmt":"2026-02-19T09:28:30","slug":"souprava-na-pivo-2","status":"publish","type":"product","link":"https:\/\/test.esluzby.net\/?product=souprava-na-pivo-2","title":{"rendered":"Souprava na pivo &#8211; lesn\u00ed zelen\u00e1"},"content":{"rendered":"","protected":false},"excerpt":{"rendered":"<p>Sklen\u011bn\u00e9 historizuj\u00edc\u00ed poh\u00e1ry soupravy , \u010d\u00ed\u0161e, odlivky, zdoben\u00e9 n\u00e1lepy, na v\u00edno, vodu, sklenice ru\u010dn\u00ed v\u00fdroby zdoben\u00e9 n\u00e1lepy ji\u017e od st\u0159edov\u011bku.Lesn\u00ed sklo je obvykle zbarven\u00e9 do odst\u00ednu zelen\u00e9 oxidem \u017eeleznat\u00fdm. V \u010desk\u00e9m skl\u00e1\u0159stv\u00ed dos\u00e1hla v\u00fdroba lesn\u00edho skla proslulosti ve 14. stolet\u00ed. V lesn\u00edch skl\u00e1rn\u00e1ch byly za\u010d\u00e1tky t\u011b\u017ek\u00e9. Zp\u016fsob taven\u00ed byl v nejstar\u0161\u00edch dob\u00e1ch velice primitivn\u00ed. Sklo, kter\u00e9 se z\u00edsk\u00e1valo bylo nazelenal\u00e9, ne\u010dist\u00e9 a pln\u00e9 puch\u00fd\u0159k\u016f. V sad\u011b je d\u017eb\u00e1n 1l a 2x t\u0159etinka.<\/p>\n","protected":false},"featured_media":93973,"comment_status":"closed","ping_status":"closed","template":"","meta":[],"product_brand":[],"product_cat":[120,121,113,114,119,145,138,115],"product_tag":[],"class_list":{"0":"post-93972","1":"product","2":"type-product","3":"status-publish","4":"has-post-thumbnail","6":"product_cat-darky-pro-muze","7":"product_cat-darky-pro-zeny","8":"product_cat-historicke-sklo","9":"product_cat-lesni-sklo","10":"product_cat-sklenene-dzbany","11":"product_cat-sklenene-soupravy","12":"product_cat-skleneny-pullitr","13":"product_cat-stolni-sklo","15":"first","16":"instock","17":"sale","18":"shipping-taxable","19":"purchasable","20":"product-type-simple"},"_links":{"self":[{"href":"https:\/\/test.esluzby.net\/index.php?rest_route=\/wp\/v2\/product\/93972","targetHints":{"allow":["GET"]}}],"collection":[{"href":"https:\/\/test.esluzby.net\/index.php?rest_route=\/wp\/v2\/product"}],"about":[{"href":"https:\/\/test.esluzby.net\/index.php?rest_route=\/wp\/v2\/types\/product"}],"replies":[{"embeddable":true,"href":"https:\/\/test.esluzby.net\/index.php?rest_route=%2Fwp%2Fv2%2Fcomments&post=93972"}],"version-history":[{"count":0,"href":"https:\/\/test.esluzby.net\/index.php?rest_route=\/wp\/v2\/product\/93972\/revisions"}],"wp:featuredmedia":[{"embeddable":true,"href":"https:\/\/test.esluzby.net\/index.php?rest_route=\/wp\/v2\/media\/93973"}],"wp:attachment":[{"href":"https:\/\/test.esluzby.net\/index.php?rest_route=%2Fwp%2Fv2%2Fmedia&parent=93972"}],"wp:term":[{"taxonomy":"product_brand","embeddable":true,"href":"https:\/\/test.esluzby.net\/index.php?rest_route=%2Fwp%2Fv2%2Fproduct_brand&post=93972"},{"taxonomy":"product_cat","embeddable":true,"href":"https:\/\/test.esluzby.net\/index.php?rest_route=%2Fwp%2Fv2%2Fproduct_cat&post=93972"},{"taxonomy":"product_tag","embeddable":true,"href":"https:\/\/test.esluzby.net\/index.php?rest_route=%2Fwp%2Fv2%2Fproduct_tag&post=93972"}],"curies":[{"name":"wp","href":"https:\/\/api.w.org\/{rel}","templated":true}]}}