{"id":93995,"date":"2023-12-17T19:06:15","date_gmt":"2023-12-17T18:06:15","guid":{"rendered":"https:\/\/test.esluzby.net\/?post_type=product&#038;p=93995"},"modified":"2026-02-19T10:28:32","modified_gmt":"2026-02-19T09:28:32","slug":"souprava-na-vino-5","status":"publish","type":"product","link":"https:\/\/test.esluzby.net\/?product=souprava-na-vino-5","title":{"rendered":"Souprava na v\u00edno &#8211; lesn\u00ed zelen\u00e1"},"content":{"rendered":"","protected":false},"excerpt":{"rendered":"<p>Lesn\u00ed sklo je obvykle zbarven\u00e9 do odst\u00ednu zelen\u00e9 oxidem \u017eeleznat\u00fdm. V \u010desk\u00e9m skl\u00e1\u0159stv\u00ed dos\u00e1hla v\u00fdroba lesn\u00edho skla proslulosti ve 14. stolet\u00ed. V lesn\u00edch skl\u00e1rn\u00e1ch byly za\u010d\u00e1tky t\u011b\u017ek\u00e9. Zp\u016fsob taven\u00ed byl v nejstar\u0161\u00edch dob\u00e1ch velice primitivn\u00ed. Sklo, kter\u00e9 se z\u00edsk\u00e1valo bylo nazelenal\u00e9, ne\u010dist\u00e9 a pln\u00e9 puch\u00fd\u0159k\u016f. V sad\u011b je d\u017eb\u00e1n 1l a 2x sklenice na v\u00edno 0,15l <\/p>\n","protected":false},"featured_media":93996,"comment_status":"closed","ping_status":"closed","template":"","meta":[],"product_brand":[],"product_cat":[120,121,113,114,119,145,140],"product_tag":[],"class_list":{"0":"post-93995","1":"product","2":"type-product","3":"status-publish","4":"has-post-thumbnail","6":"product_cat-darky-pro-muze","7":"product_cat-darky-pro-zeny","8":"product_cat-historicke-sklo","9":"product_cat-lesni-sklo","10":"product_cat-sklenene-dzbany","11":"product_cat-sklenene-soupravy","12":"product_cat-sklenice","14":"first","15":"instock","16":"shipping-taxable","17":"purchasable","18":"product-type-simple"},"_links":{"self":[{"href":"https:\/\/test.esluzby.net\/index.php?rest_route=\/wp\/v2\/product\/93995","targetHints":{"allow":["GET"]}}],"collection":[{"href":"https:\/\/test.esluzby.net\/index.php?rest_route=\/wp\/v2\/product"}],"about":[{"href":"https:\/\/test.esluzby.net\/index.php?rest_route=\/wp\/v2\/types\/product"}],"replies":[{"embeddable":true,"href":"https:\/\/test.esluzby.net\/index.php?rest_route=%2Fwp%2Fv2%2Fcomments&post=93995"}],"version-history":[{"count":0,"href":"https:\/\/test.esluzby.net\/index.php?rest_route=\/wp\/v2\/product\/93995\/revisions"}],"wp:featuredmedia":[{"embeddable":true,"href":"https:\/\/test.esluzby.net\/index.php?rest_route=\/wp\/v2\/media\/93996"}],"wp:attachment":[{"href":"https:\/\/test.esluzby.net\/index.php?rest_route=%2Fwp%2Fv2%2Fmedia&parent=93995"}],"wp:term":[{"taxonomy":"product_brand","embeddable":true,"href":"https:\/\/test.esluzby.net\/index.php?rest_route=%2Fwp%2Fv2%2Fproduct_brand&post=93995"},{"taxonomy":"product_cat","embeddable":true,"href":"https:\/\/test.esluzby.net\/index.php?rest_route=%2Fwp%2Fv2%2Fproduct_cat&post=93995"},{"taxonomy":"product_tag","embeddable":true,"href":"https:\/\/test.esluzby.net\/index.php?rest_route=%2Fwp%2Fv2%2Fproduct_tag&post=93995"}],"curies":[{"name":"wp","href":"https:\/\/api.w.org\/{rel}","templated":true}]}}