{"id":94167,"date":"2024-01-07T19:59:54","date_gmt":"2024-01-07T18:59:54","guid":{"rendered":"https:\/\/test.esluzby.net\/?post_type=product&#038;p=94167"},"modified":"2026-02-19T10:28:34","modified_gmt":"2026-02-19T09:28:34","slug":"vaza-poly-aquamarin-vase","status":"publish","type":"product","link":"https:\/\/test.esluzby.net\/?product=vaza-poly-aquamarin-vase","title":{"rendered":"V\u00e1za 25cm &#8211; Poly &#8211; akvamar\u00edn"},"content":{"rendered":"<p>Kolekce Poly je v\u00fdjime\u010dn\u00e1 nejen sv\u00fdm vzhledem, ale i histori\u00ed. Pro jej\u00ed tvorbu se vyu\u017e\u00edvaj\u00ed optick\u00e9 formy, kter\u00e9 se pou\u017e\u00edvaly ji\u017e od po\u010d\u00e1tku skl\u00e1\u0159stv\u00ed v \u010desk\u00fdch zem\u00edch. Ty se postupn\u011b zdokonalovaly a p\u0159izp\u016fsobovaly st\u00e1le slo\u017eit\u011bj\u0161\u00edm dekor\u016fm.<\/p>\n<p>V\u00e1za z kolekce Poly je zt\u011blesn\u011bn\u00edm ru\u010dn\u00edho \u0159emesla, kter\u00e9 propojuje tradici s modern\u00edm designem. Ka\u017ed\u00fd kus vznik\u00e1 s p\u00e9\u010d\u00ed na\u0161ich skl\u00e1\u0159\u016f, aby se stal ozdobou va\u0161eho domova.<\/p>\n<p>Jemn\u00e9 linie v\u00e1zy Poly a nad\u010dasov\u00fd tvar dodaj\u00ed prostoru eleganci i n\u00e1dech historie. A\u0165 u\u017e ji um\u00edst\u00edte kamkoli, jej\u00ed k\u0159ehk\u00e1 kr\u00e1sa rozz\u00e1\u0159\u00ed v\u00e1\u0161 domov.<\/p>\n","protected":false},"excerpt":{"rendered":"<p>V dekoru Poly vyr\u00e1b\u00edme produkty od d\u017eb\u00e1n\u016f, p\u0159es r\u016fzn\u00e9 misky a skleni\u010dky, v\u00e1zy a m\u00edsy a\u017e po petrolejov\u00e9 lampy. Na sv\u00e9 si tedy p\u0159ijdou v\u0161ichni milovn\u00edci kvalitn\u00edho a origin\u00e1ln\u00edho skla.<\/p>\n","protected":false},"featured_media":94168,"comment_status":"closed","ping_status":"closed","template":"","meta":[],"product_brand":[],"product_cat":[121,117,159,147],"product_tag":[],"class_list":{"0":"post-94167","1":"product","2":"type-product","3":"status-publish","4":"has-post-thumbnail","6":"product_cat-darky-pro-zeny","7":"product_cat-kolekce","8":"product_cat-poly","9":"product_cat-sklenene-vazy","11":"first","12":"outofstock","13":"sale","14":"shipping-taxable","15":"purchasable","16":"product-type-simple"},"_links":{"self":[{"href":"https:\/\/test.esluzby.net\/index.php?rest_route=\/wp\/v2\/product\/94167","targetHints":{"allow":["GET"]}}],"collection":[{"href":"https:\/\/test.esluzby.net\/index.php?rest_route=\/wp\/v2\/product"}],"about":[{"href":"https:\/\/test.esluzby.net\/index.php?rest_route=\/wp\/v2\/types\/product"}],"replies":[{"embeddable":true,"href":"https:\/\/test.esluzby.net\/index.php?rest_route=%2Fwp%2Fv2%2Fcomments&post=94167"}],"version-history":[{"count":0,"href":"https:\/\/test.esluzby.net\/index.php?rest_route=\/wp\/v2\/product\/94167\/revisions"}],"wp:featuredmedia":[{"embeddable":true,"href":"https:\/\/test.esluzby.net\/index.php?rest_route=\/wp\/v2\/media\/94168"}],"wp:attachment":[{"href":"https:\/\/test.esluzby.net\/index.php?rest_route=%2Fwp%2Fv2%2Fmedia&parent=94167"}],"wp:term":[{"taxonomy":"product_brand","embeddable":true,"href":"https:\/\/test.esluzby.net\/index.php?rest_route=%2Fwp%2Fv2%2Fproduct_brand&post=94167"},{"taxonomy":"product_cat","embeddable":true,"href":"https:\/\/test.esluzby.net\/index.php?rest_route=%2Fwp%2Fv2%2Fproduct_cat&post=94167"},{"taxonomy":"product_tag","embeddable":true,"href":"https:\/\/test.esluzby.net\/index.php?rest_route=%2Fwp%2Fv2%2Fproduct_tag&post=94167"}],"curies":[{"name":"wp","href":"https:\/\/api.w.org\/{rel}","templated":true}]}}