{"id":94217,"date":"2024-01-11T09:00:34","date_gmt":"2024-01-11T08:00:34","guid":{"rendered":"https:\/\/test.esluzby.net\/?post_type=product&#038;p=94217"},"modified":"2026-02-19T10:28:35","modified_gmt":"2026-02-19T09:28:35","slug":"vaza-s-optikou-beryl-ii-jakost-2","status":"publish","type":"product","link":"https:\/\/test.esluzby.net\/?product=vaza-s-optikou-beryl-ii-jakost-2","title":{"rendered":"V\u00e1za s optikou 26cm &#8211; beryl &#8211; II. jakost"},"content":{"rendered":"","protected":false},"excerpt":{"rendered":"<p>Novinka sv\u00fdm tvarem v na\u0161\u00ed produkci, pou\u017eity nov\u011b vyroben\u00e9 kovov\u00e9 formy. Sv\u00fdm tvarem se v\u00e1zy hod\u00ed do ka\u017ed\u00e9 dom\u00e1cnosti. Jsou vyrobeny v r\u016fzn\u00fdch barv\u00e1ch s r\u016fznou optikou.II. jakost &#8211; kosmetick\u00e9 vady<\/p>\n","protected":false},"featured_media":93440,"comment_status":"closed","ping_status":"closed","template":"","meta":[],"product_brand":[],"product_cat":[121,159,147],"product_tag":[],"class_list":{"0":"post-94217","1":"product","2":"type-product","3":"status-publish","4":"has-post-thumbnail","6":"product_cat-darky-pro-zeny","7":"product_cat-poly","8":"product_cat-sklenene-vazy","10":"first","11":"outofstock","12":"sale","13":"shipping-taxable","14":"purchasable","15":"product-type-simple"},"_links":{"self":[{"href":"https:\/\/test.esluzby.net\/index.php?rest_route=\/wp\/v2\/product\/94217","targetHints":{"allow":["GET"]}}],"collection":[{"href":"https:\/\/test.esluzby.net\/index.php?rest_route=\/wp\/v2\/product"}],"about":[{"href":"https:\/\/test.esluzby.net\/index.php?rest_route=\/wp\/v2\/types\/product"}],"replies":[{"embeddable":true,"href":"https:\/\/test.esluzby.net\/index.php?rest_route=%2Fwp%2Fv2%2Fcomments&post=94217"}],"version-history":[{"count":0,"href":"https:\/\/test.esluzby.net\/index.php?rest_route=\/wp\/v2\/product\/94217\/revisions"}],"wp:featuredmedia":[{"embeddable":true,"href":"https:\/\/test.esluzby.net\/index.php?rest_route=\/wp\/v2\/media\/93440"}],"wp:attachment":[{"href":"https:\/\/test.esluzby.net\/index.php?rest_route=%2Fwp%2Fv2%2Fmedia&parent=94217"}],"wp:term":[{"taxonomy":"product_brand","embeddable":true,"href":"https:\/\/test.esluzby.net\/index.php?rest_route=%2Fwp%2Fv2%2Fproduct_brand&post=94217"},{"taxonomy":"product_cat","embeddable":true,"href":"https:\/\/test.esluzby.net\/index.php?rest_route=%2Fwp%2Fv2%2Fproduct_cat&post=94217"},{"taxonomy":"product_tag","embeddable":true,"href":"https:\/\/test.esluzby.net\/index.php?rest_route=%2Fwp%2Fv2%2Fproduct_tag&post=94217"}],"curies":[{"name":"wp","href":"https:\/\/api.w.org\/{rel}","templated":true}]}}