{"id":94358,"date":"2024-01-17T19:30:31","date_gmt":"2024-01-17T18:30:31","guid":{"rendered":"https:\/\/test.esluzby.net\/?post_type=product&#038;p=94358"},"modified":"2026-02-19T10:28:44","modified_gmt":"2026-02-19T09:28:44","slug":"sklenena-secesni-vaza-02","status":"publish","type":"product","link":"https:\/\/test.esluzby.net\/?product=sklenena-secesni-vaza-02","title":{"rendered":"Secesn\u00ed v\u00e1za 02"},"content":{"rendered":"","protected":false},"excerpt":{"rendered":"<p>Nejv\u011bt\u0161\u00edho rozmachu secese dos\u00e1hla mezi lety 1890 a 1910 Art nouveau neboli\u00a0Jugendstil, \u010desk\u00fd n\u00e1zev \u201esecese\u201c Mezi p\u0159edn\u00ed v\u00fdrobce \u010desk\u00e9ho secesn\u00edho dekorativn\u00edho a luxusn\u00edho skla pat\u0159ila p\u0159edev\u0161\u00edm skl\u00e1rna L\u00f6tz v\u00a0Kl\u00e1\u0161tersk\u00e9m Ml\u00fdn\u011b na\u00a0\u0160umav\u011b a\u00a0skl\u00e1rna Nov\u00fd Sv\u011bt v\u00a0Harrachov\u011b. Na\u00a0Teplicku ve\u00a0v\u00fdrob\u011b dekorativn\u00edho skla vynikly skl\u00e1rny Pallme-K\u00f6nig &#038; Habel v\u00a0Ko\u0161\u0165anech, Josef Rindskopf\u00b4s S\u00f6hne s\u00a0provozy v\u00a0Ko\u0161\u0165anech, Msti\u0161ov\u011b a\u00a0Duchcov\u011b, Ernst Steinwald v\u00a0Teplic\u00edch, Franz Welz v Hrobu, Franz Tomschick v Ko\u0161\u0165anech na\u00a0Kamenn\u00e9m Pahorku a Josef Kn\u00ed\u017eek v Old\u0159ichov\u011b.<\/p>\n","protected":false},"featured_media":94359,"comment_status":"closed","ping_status":"closed","template":"","meta":[],"product_brand":[],"product_cat":[121,109,150,133,147],"product_tag":[],"class_list":{"0":"post-94358","1":"product","2":"type-product","3":"status-publish","4":"has-post-thumbnail","6":"product_cat-darky-pro-zeny","7":"product_cat-dekoracni-sklo","8":"product_cat-premiove-sklenene-vazy","9":"product_cat-premiove-sklo","10":"product_cat-sklenene-vazy","12":"first","13":"outofstock","14":"sale","15":"shipping-taxable","16":"purchasable","17":"product-type-simple"},"_links":{"self":[{"href":"https:\/\/test.esluzby.net\/index.php?rest_route=\/wp\/v2\/product\/94358","targetHints":{"allow":["GET"]}}],"collection":[{"href":"https:\/\/test.esluzby.net\/index.php?rest_route=\/wp\/v2\/product"}],"about":[{"href":"https:\/\/test.esluzby.net\/index.php?rest_route=\/wp\/v2\/types\/product"}],"replies":[{"embeddable":true,"href":"https:\/\/test.esluzby.net\/index.php?rest_route=%2Fwp%2Fv2%2Fcomments&post=94358"}],"version-history":[{"count":0,"href":"https:\/\/test.esluzby.net\/index.php?rest_route=\/wp\/v2\/product\/94358\/revisions"}],"wp:featuredmedia":[{"embeddable":true,"href":"https:\/\/test.esluzby.net\/index.php?rest_route=\/wp\/v2\/media\/94359"}],"wp:attachment":[{"href":"https:\/\/test.esluzby.net\/index.php?rest_route=%2Fwp%2Fv2%2Fmedia&parent=94358"}],"wp:term":[{"taxonomy":"product_brand","embeddable":true,"href":"https:\/\/test.esluzby.net\/index.php?rest_route=%2Fwp%2Fv2%2Fproduct_brand&post=94358"},{"taxonomy":"product_cat","embeddable":true,"href":"https:\/\/test.esluzby.net\/index.php?rest_route=%2Fwp%2Fv2%2Fproduct_cat&post=94358"},{"taxonomy":"product_tag","embeddable":true,"href":"https:\/\/test.esluzby.net\/index.php?rest_route=%2Fwp%2Fv2%2Fproduct_tag&post=94358"}],"curies":[{"name":"wp","href":"https:\/\/api.w.org\/{rel}","templated":true}]}}