{"id":94362,"date":"2024-01-17T20:21:03","date_gmt":"2024-01-17T19:21:03","guid":{"rendered":"https:\/\/test.esluzby.net\/?post_type=product&#038;p=94362"},"modified":"2026-02-19T10:28:44","modified_gmt":"2026-02-19T09:28:44","slug":"sklenena-souprava-vaza-s-misou","status":"publish","type":"product","link":"https:\/\/test.esluzby.net\/?product=sklenena-souprava-vaza-s-misou","title":{"rendered":"Sklen\u011bn\u00e1 souprava v\u00e1za s m\u00edsou"},"content":{"rendered":"","protected":false},"excerpt":{"rendered":"<p>Tato souprava je zdobena b\u00edl\u00fdmi \/op\u00e1lov\u00fdmi \/ broky a posypem dusi\u010dnanem st\u0159\u00edbrn\u00fdm p\u0159i zpracov\u00e1n\u00ed v \u017ehav\u00e9 f\u00e1zi v\u00fdroby . Technika kter\u00e9 dekoruje \u010cesk\u00e9 sklo &#8211; Bohemia Glass <\/p>\n","protected":false},"featured_media":94363,"comment_status":"closed","ping_status":"closed","template":"","meta":[],"product_brand":[],"product_cat":[121,109,150,133,147],"product_tag":[],"class_list":{"0":"post-94362","1":"product","2":"type-product","3":"status-publish","4":"has-post-thumbnail","6":"product_cat-darky-pro-zeny","7":"product_cat-dekoracni-sklo","8":"product_cat-premiove-sklenene-vazy","9":"product_cat-premiove-sklo","10":"product_cat-sklenene-vazy","12":"first","13":"outofstock","14":"sale","15":"shipping-taxable","16":"purchasable","17":"product-type-simple"},"_links":{"self":[{"href":"https:\/\/test.esluzby.net\/index.php?rest_route=\/wp\/v2\/product\/94362","targetHints":{"allow":["GET"]}}],"collection":[{"href":"https:\/\/test.esluzby.net\/index.php?rest_route=\/wp\/v2\/product"}],"about":[{"href":"https:\/\/test.esluzby.net\/index.php?rest_route=\/wp\/v2\/types\/product"}],"replies":[{"embeddable":true,"href":"https:\/\/test.esluzby.net\/index.php?rest_route=%2Fwp%2Fv2%2Fcomments&post=94362"}],"version-history":[{"count":0,"href":"https:\/\/test.esluzby.net\/index.php?rest_route=\/wp\/v2\/product\/94362\/revisions"}],"wp:featuredmedia":[{"embeddable":true,"href":"https:\/\/test.esluzby.net\/index.php?rest_route=\/wp\/v2\/media\/94363"}],"wp:attachment":[{"href":"https:\/\/test.esluzby.net\/index.php?rest_route=%2Fwp%2Fv2%2Fmedia&parent=94362"}],"wp:term":[{"taxonomy":"product_brand","embeddable":true,"href":"https:\/\/test.esluzby.net\/index.php?rest_route=%2Fwp%2Fv2%2Fproduct_brand&post=94362"},{"taxonomy":"product_cat","embeddable":true,"href":"https:\/\/test.esluzby.net\/index.php?rest_route=%2Fwp%2Fv2%2Fproduct_cat&post=94362"},{"taxonomy":"product_tag","embeddable":true,"href":"https:\/\/test.esluzby.net\/index.php?rest_route=%2Fwp%2Fv2%2Fproduct_tag&post=94362"}],"curies":[{"name":"wp","href":"https:\/\/api.w.org\/{rel}","templated":true}]}}