{"id":94528,"date":"2024-01-28T11:45:28","date_gmt":"2024-01-28T10:45:28","guid":{"rendered":"https:\/\/test.esluzby.net\/?post_type=product&#038;p=94528"},"modified":"2026-02-19T10:28:47","modified_gmt":"2026-02-19T09:28:47","slug":"srdce-1-cakra","status":"publish","type":"product","link":"https:\/\/test.esluzby.net\/?product=srdce-1-cakra","title":{"rendered":"Srdce &#8211; 1.\u010dakra"},"content":{"rendered":"","protected":false},"excerpt":{"rendered":"<p>1.\u010dakra ko\u0159enov\u00e1 \u2013 Harmonick\u00e1 funkce: Stabilita, uzemn\u011bn\u00ed, prosperita, psychick\u00e9 zdrav\u00ed, sebev\u011bdom\u00ed.Srdce je sv\u00fdm tvarem ka\u017ed\u00e9 origin\u00e1l, jeliko\u017e je vyr\u00e1b\u011bno ru\u010dn\u011b bez pou\u017eit\u00ed formy origin\u00e1ln\u00edm rukopisem ka\u017ed\u00e9ho skl\u00e1\u0159e.K dispozici jsou i dal\u0161\u00ed \u010dakry. V\u00fdsledky vyhled\u00e1v\u00e1n\u00ed srdce \u010dakra &#8211; Flori\u00e1nova hu\u0165<\/p>\n","protected":false},"featured_media":94529,"comment_status":"closed","ping_status":"closed","template":"","meta":[],"product_brand":[],"product_cat":[127],"product_tag":[],"class_list":{"0":"post-94528","1":"product","2":"type-product","3":"status-publish","4":"has-post-thumbnail","6":"product_cat-ostatni","8":"first","9":"instock","10":"shipping-taxable","11":"purchasable","12":"product-type-simple"},"_links":{"self":[{"href":"https:\/\/test.esluzby.net\/index.php?rest_route=\/wp\/v2\/product\/94528","targetHints":{"allow":["GET"]}}],"collection":[{"href":"https:\/\/test.esluzby.net\/index.php?rest_route=\/wp\/v2\/product"}],"about":[{"href":"https:\/\/test.esluzby.net\/index.php?rest_route=\/wp\/v2\/types\/product"}],"replies":[{"embeddable":true,"href":"https:\/\/test.esluzby.net\/index.php?rest_route=%2Fwp%2Fv2%2Fcomments&post=94528"}],"version-history":[{"count":0,"href":"https:\/\/test.esluzby.net\/index.php?rest_route=\/wp\/v2\/product\/94528\/revisions"}],"wp:featuredmedia":[{"embeddable":true,"href":"https:\/\/test.esluzby.net\/index.php?rest_route=\/wp\/v2\/media\/94529"}],"wp:attachment":[{"href":"https:\/\/test.esluzby.net\/index.php?rest_route=%2Fwp%2Fv2%2Fmedia&parent=94528"}],"wp:term":[{"taxonomy":"product_brand","embeddable":true,"href":"https:\/\/test.esluzby.net\/index.php?rest_route=%2Fwp%2Fv2%2Fproduct_brand&post=94528"},{"taxonomy":"product_cat","embeddable":true,"href":"https:\/\/test.esluzby.net\/index.php?rest_route=%2Fwp%2Fv2%2Fproduct_cat&post=94528"},{"taxonomy":"product_tag","embeddable":true,"href":"https:\/\/test.esluzby.net\/index.php?rest_route=%2Fwp%2Fv2%2Fproduct_tag&post=94528"}],"curies":[{"name":"wp","href":"https:\/\/api.w.org\/{rel}","templated":true}]}}