{"id":94540,"date":"2024-01-28T12:20:56","date_gmt":"2024-01-28T11:20:56","guid":{"rendered":"https:\/\/test.esluzby.net\/?post_type=product&#038;p=94540"},"modified":"2026-02-19T10:28:50","modified_gmt":"2026-02-19T09:28:50","slug":"srdce-5-cakra","status":"publish","type":"product","link":"https:\/\/test.esluzby.net\/?product=srdce-5-cakra","title":{"rendered":"Srdce &#8211; 5.\u010dakra"},"content":{"rendered":"","protected":false},"excerpt":{"rendered":"<p>5. \u010dakra kr\u010dn\u00ed \u2013 Harmonick\u00e1 funkce: Jasn\u00e1 a voln\u00e1 komunikace, tvo\u0159ivost, vn\u00edmavost, komunikace mezi duchovn\u00edm a fyzick\u00fdm sv\u011btem.Srdce je sv\u00fdm tvarem ka\u017ed\u00e9 origin\u00e1l, jeliko\u017e je vyr\u00e1b\u011bno ru\u010dn\u011b bez pou\u017eit\u00ed formy origin\u00e1ln\u00edm rukopisem ka\u017ed\u00e9ho skl\u00e1\u0159e.K dispozici jsou i dal\u0161\u00ed \u010dakry.\u00a0V\u00fdsledky vyhled\u00e1v\u00e1n\u00ed srdce \u010dakra \u2013 Flori\u00e1nova hu\u0165<\/p>\n","protected":false},"featured_media":94541,"comment_status":"closed","ping_status":"closed","template":"","meta":[],"product_brand":[],"product_cat":[109,146],"product_tag":[],"class_list":{"0":"post-94540","1":"product","2":"type-product","3":"status-publish","4":"has-post-thumbnail","6":"product_cat-dekoracni-sklo","7":"product_cat-sklenena-tezitka-a-olejove-lampy","9":"first","10":"outofstock","11":"shipping-taxable","12":"purchasable","13":"product-type-simple"},"_links":{"self":[{"href":"https:\/\/test.esluzby.net\/index.php?rest_route=\/wp\/v2\/product\/94540","targetHints":{"allow":["GET"]}}],"collection":[{"href":"https:\/\/test.esluzby.net\/index.php?rest_route=\/wp\/v2\/product"}],"about":[{"href":"https:\/\/test.esluzby.net\/index.php?rest_route=\/wp\/v2\/types\/product"}],"replies":[{"embeddable":true,"href":"https:\/\/test.esluzby.net\/index.php?rest_route=%2Fwp%2Fv2%2Fcomments&post=94540"}],"version-history":[{"count":0,"href":"https:\/\/test.esluzby.net\/index.php?rest_route=\/wp\/v2\/product\/94540\/revisions"}],"wp:featuredmedia":[{"embeddable":true,"href":"https:\/\/test.esluzby.net\/index.php?rest_route=\/wp\/v2\/media\/94541"}],"wp:attachment":[{"href":"https:\/\/test.esluzby.net\/index.php?rest_route=%2Fwp%2Fv2%2Fmedia&parent=94540"}],"wp:term":[{"taxonomy":"product_brand","embeddable":true,"href":"https:\/\/test.esluzby.net\/index.php?rest_route=%2Fwp%2Fv2%2Fproduct_brand&post=94540"},{"taxonomy":"product_cat","embeddable":true,"href":"https:\/\/test.esluzby.net\/index.php?rest_route=%2Fwp%2Fv2%2Fproduct_cat&post=94540"},{"taxonomy":"product_tag","embeddable":true,"href":"https:\/\/test.esluzby.net\/index.php?rest_route=%2Fwp%2Fv2%2Fproduct_tag&post=94540"}],"curies":[{"name":"wp","href":"https:\/\/api.w.org\/{rel}","templated":true}]}}