{"id":94544,"date":"2024-01-28T12:30:28","date_gmt":"2024-01-28T11:30:28","guid":{"rendered":"https:\/\/test.esluzby.net\/?post_type=product&#038;p=94544"},"modified":"2026-02-19T10:28:51","modified_gmt":"2026-02-19T09:28:51","slug":"srdce-7-cakra","status":"publish","type":"product","link":"https:\/\/test.esluzby.net\/?product=srdce-7-cakra","title":{"rendered":"Srdce &#8211; 7.\u010dakra"},"content":{"rendered":"","protected":false},"excerpt":{"rendered":"<p>7. \u010dakra korunn\u00ed \u2013 Harmonick\u00e1 funkce: Moudrost, duchovn\u00ed spojen\u00ed, \u010dir\u00e9 byt\u00ed, sjednocen\u00ed s vy\u0161\u0161\u00edm byt\u00edm, otev\u0159enost v\u016f\u010di energi\u00edm.Srdce je sv\u00fdm tvarem ka\u017ed\u00e9 origin\u00e1l, jeliko\u017e je vyr\u00e1b\u011bno ru\u010dn\u011b bez pou\u017eit\u00ed formy origin\u00e1ln\u00edm rukopisem ka\u017ed\u00e9ho skl\u00e1\u0159e.K dispozici jsou i dal\u0161\u00ed \u010dakry.\u00a0V\u00fdsledky vyhled\u00e1v\u00e1n\u00ed srdce \u010dakra \u2013 Flori\u00e1nova hu\u0165<\/p>\n","protected":false},"featured_media":94545,"comment_status":"closed","ping_status":"closed","template":"","meta":[],"product_brand":[],"product_cat":[109,146,144],"product_tag":[],"class_list":{"0":"post-94544","1":"product","2":"type-product","3":"status-publish","4":"has-post-thumbnail","6":"product_cat-dekoracni-sklo","7":"product_cat-sklenena-tezitka-a-olejove-lampy","8":"product_cat-valentyn","10":"first","11":"outofstock","12":"shipping-taxable","13":"purchasable","14":"product-type-simple"},"_links":{"self":[{"href":"https:\/\/test.esluzby.net\/index.php?rest_route=\/wp\/v2\/product\/94544","targetHints":{"allow":["GET"]}}],"collection":[{"href":"https:\/\/test.esluzby.net\/index.php?rest_route=\/wp\/v2\/product"}],"about":[{"href":"https:\/\/test.esluzby.net\/index.php?rest_route=\/wp\/v2\/types\/product"}],"replies":[{"embeddable":true,"href":"https:\/\/test.esluzby.net\/index.php?rest_route=%2Fwp%2Fv2%2Fcomments&post=94544"}],"version-history":[{"count":0,"href":"https:\/\/test.esluzby.net\/index.php?rest_route=\/wp\/v2\/product\/94544\/revisions"}],"wp:featuredmedia":[{"embeddable":true,"href":"https:\/\/test.esluzby.net\/index.php?rest_route=\/wp\/v2\/media\/94545"}],"wp:attachment":[{"href":"https:\/\/test.esluzby.net\/index.php?rest_route=%2Fwp%2Fv2%2Fmedia&parent=94544"}],"wp:term":[{"taxonomy":"product_brand","embeddable":true,"href":"https:\/\/test.esluzby.net\/index.php?rest_route=%2Fwp%2Fv2%2Fproduct_brand&post=94544"},{"taxonomy":"product_cat","embeddable":true,"href":"https:\/\/test.esluzby.net\/index.php?rest_route=%2Fwp%2Fv2%2Fproduct_cat&post=94544"},{"taxonomy":"product_tag","embeddable":true,"href":"https:\/\/test.esluzby.net\/index.php?rest_route=%2Fwp%2Fv2%2Fproduct_tag&post=94544"}],"curies":[{"name":"wp","href":"https:\/\/api.w.org\/{rel}","templated":true}]}}