{"id":94644,"date":"2024-02-06T11:05:14","date_gmt":"2024-02-06T10:05:14","guid":{"rendered":"https:\/\/test.esluzby.net\/?post_type=product&#038;p=94644"},"modified":"2026-02-19T10:28:51","modified_gmt":"2026-02-19T09:28:51","slug":"sklenena-tretinka-kristal-ii-jakost","status":"publish","type":"product","link":"https:\/\/test.esluzby.net\/?product=sklenena-tretinka-kristal-ii-jakost","title":{"rendered":"T\u0159etinka 0,3l &#8211; k\u0159i\u0161\u0165\u00e1l &#8211; II.jakost"},"content":{"rendered":"<h3 data-start=\"114\" data-end=\"171\"><strong data-start=\"118\" data-end=\"171\">T\u0159etinka na pivo 0,3 l \u2013 klasick\u00e1 sklenice s uchem<\/strong><\/h3>\n<p><span style=\"font-family: Roboto, Arial, Helvetica, sans-serif\"><span style=\"font-size: medium\"><span style=\"color: #333333\">Klasick\u00fd ru\u010dn\u011b vyr\u00e1b\u011bny sklen\u011bn\u00e1 t\u0159etinka\u00a0v na\u0161\u00ed skl\u00e1rn\u011b je ide\u00e1ln\u00ed d\u00e1rek. Pravou volbou pro serv\u00edrov\u00e1n\u00ed piva a jin\u00fdch chladn\u00fdch n\u00e1poj\u016f. Vyroben\u00fd z \u010desk\u00e9ho \u010dir\u00e9ho a barevn\u00e9ho skla, nab\u00edz\u00ed vysokou pevnost, p\u0159\u00edjemnou hmotnost a pohodln\u00e9 dr\u017een\u00ed d\u00edky masivn\u00edmu uchu. Siln\u00e9 st\u011bny pom\u00e1haj\u00ed udr\u017eet n\u00e1poj d\u00e9le chladn\u00fd a zaji\u0161\u0165uj\u00ed dlouhou \u017eivotnost p\u0159i ka\u017edodenn\u00edm pou\u017e\u00edv\u00e1n\u00ed.<\/span><\/span><\/span><\/p>\n<p>V na\u0161\u00ed skl\u00e1rn\u011b naleznete mnoho tvar\u016f a optick\u00e9 dekory t\u011bchto t\u0159etinek.<\/p>\n<p data-start=\"429\" data-end=\"555\">II.jakost &#8211; kosmetick\u00e9 vady<\/p>\n","protected":false},"excerpt":{"rendered":"<p>Tradi\u010dn\u00ed t\u0159etinka<strong data-start=\"182\" data-end=\"216\"> na pivo o objemu 0,3 l<\/strong> je ide\u00e1ln\u00ed volbou pro v\u0161echny milovn\u00edky \u010desk\u00e9ho piva. Kvalitn\u00ed silnost\u011bnn\u00e9 sklo zaji\u0161\u0165uje dlouhou \u017eivotnost a pom\u00e1h\u00e1 udr\u017eet pivo d\u00e9le chladn\u00e9.<\/p>\n","protected":false},"featured_media":94645,"comment_status":"closed","ping_status":"closed","template":"","meta":[],"product_brand":[],"product_cat":[120,121,138],"product_tag":[],"class_list":{"0":"post-94644","1":"product","2":"type-product","3":"status-publish","4":"has-post-thumbnail","6":"product_cat-darky-pro-muze","7":"product_cat-darky-pro-zeny","8":"product_cat-skleneny-pullitr","10":"first","11":"instock","12":"sale","13":"shipping-taxable","14":"purchasable","15":"product-type-simple"},"_links":{"self":[{"href":"https:\/\/test.esluzby.net\/index.php?rest_route=\/wp\/v2\/product\/94644","targetHints":{"allow":["GET"]}}],"collection":[{"href":"https:\/\/test.esluzby.net\/index.php?rest_route=\/wp\/v2\/product"}],"about":[{"href":"https:\/\/test.esluzby.net\/index.php?rest_route=\/wp\/v2\/types\/product"}],"replies":[{"embeddable":true,"href":"https:\/\/test.esluzby.net\/index.php?rest_route=%2Fwp%2Fv2%2Fcomments&post=94644"}],"version-history":[{"count":0,"href":"https:\/\/test.esluzby.net\/index.php?rest_route=\/wp\/v2\/product\/94644\/revisions"}],"wp:featuredmedia":[{"embeddable":true,"href":"https:\/\/test.esluzby.net\/index.php?rest_route=\/wp\/v2\/media\/94645"}],"wp:attachment":[{"href":"https:\/\/test.esluzby.net\/index.php?rest_route=%2Fwp%2Fv2%2Fmedia&parent=94644"}],"wp:term":[{"taxonomy":"product_brand","embeddable":true,"href":"https:\/\/test.esluzby.net\/index.php?rest_route=%2Fwp%2Fv2%2Fproduct_brand&post=94644"},{"taxonomy":"product_cat","embeddable":true,"href":"https:\/\/test.esluzby.net\/index.php?rest_route=%2Fwp%2Fv2%2Fproduct_cat&post=94644"},{"taxonomy":"product_tag","embeddable":true,"href":"https:\/\/test.esluzby.net\/index.php?rest_route=%2Fwp%2Fv2%2Fproduct_tag&post=94644"}],"curies":[{"name":"wp","href":"https:\/\/api.w.org\/{rel}","templated":true}]}}