{"id":94920,"date":"2024-03-06T12:59:59","date_gmt":"2024-03-06T11:59:59","guid":{"rendered":"https:\/\/test.esluzby.net\/?post_type=product&#038;p=94920"},"modified":"2026-02-19T10:28:52","modified_gmt":"2026-02-19T09:28:52","slug":"vaza-ananas-kour-ll-jakost","status":"publish","type":"product","link":"https:\/\/test.esluzby.net\/?product=vaza-ananas-kour-ll-jakost","title":{"rendered":"V\u00e1za 12cm &#8211; Hobnail &#8211; Ananas &#8211; kou\u0159 &#8211; ll.jakost"},"content":{"rendered":"<p>Kolekce Hobnail \u2013 d\u0159\u00edve v \u010cech\u00e1ch zn\u00e1m\u00e1 jako Ananas \u2013 je v\u00fdjime\u010dn\u00e1 nejen sv\u00fdm osobit\u00fdm vzhledem, ale i bohatou histori\u00ed. Tento dekor se vyr\u00e1b\u011bl ji\u017e kolem roku 1880 ve skl\u00e1rn\u00e1ch na Teplicku a Novoborsku. V posledn\u00edch letech se stal op\u011bt \u017e\u00e1dan\u00fdm po cel\u00e9m sv\u011bt\u011b.<\/p>\n<p>D\u00edky jedine\u010dn\u00e9 technice optiky dok\u00e1\u017ee Hobnail \u2013 Ananas nejen zaujmout sv\u00fdm vzhledem, ale tak\u00e9 udr\u017eet potraviny v letn\u00edch dnech d\u00e9le chladn\u00e9.Ct\u00edme historii, z\u00e1rove\u0148 se sna\u017e\u00edme o roz\u0161\u00ed\u0159en\u00ed sortimentu s pou\u017eit\u00edm tohoto dekoru. V dochovan\u00fdch archivech jsou v tomto dekoru zmi\u0148ovan\u00e9 pouze d\u017eb\u00e1ny.<\/p>\n<p>Elegantn\u00ed v\u00e1za z kolekce Hobnail v sob\u011b spojuje tradi\u010dn\u00ed \u0159emeslo, poctivou ru\u010dn\u00ed pr\u00e1ci na\u0161ich skl\u00e1\u0159\u016f a modern\u00ed styl. Skv\u011ble se hod\u00ed jako ozdoba va\u0161eho j\u00eddeln\u00edho stolu. Sv\u00fdm jedine\u010dn\u00fdm vzhledem zaujme na prvn\u00ed pohled a vnese do va\u0161eho domova n\u00e1dech elegance i kousek historie z\u00e1rove\u0148.<\/p>\n<p>Mal\u00e9 v\u00e1zy lze jednodu\u0161e doplnit o velkou v\u00e1zu ve stejn\u00e9m designu a vytvo\u0159it tak elegantn\u00ed sadu. Skv\u011ble se hod\u00ed pro serv\u00edrov\u00e1n\u00ed ob\u010derstven\u00ed, sal\u00e1t\u016f nebo drobn\u00fdch pochoutek \u2013 a\u0165 u\u017e p\u0159i ka\u017edodenn\u00edm stolov\u00e1n\u00ed nebo slavnostn\u00ed p\u0159\u00edle\u017eitosti. D\u00edky jednotn\u00e9mu vzhledu bude V\u00e1\u0161 st\u016fl p\u016fsobit harmonicky a vkusn\u011b.<\/p>\n<p>II.jakost &#8211; kosmetick\u00e9 vady<\/p>\n","protected":false},"excerpt":{"rendered":"<p>V kolekci Hobnail u n\u00e1s najdete tak\u00e9 d\u017eb\u00e1ny a nejr\u016fzn\u011bj\u0161\u00ed sklenice, m\u00edsy \u010di petrolejov\u00e9 lampy, kter\u00e9 se v historii t\u00e9m\u011b\u0159 nevyr\u00e1b\u011bly.<\/p>\n","protected":false},"featured_media":82311,"comment_status":"closed","ping_status":"closed","template":"","meta":[],"product_brand":[],"product_cat":[142,147],"product_tag":[],"class_list":{"0":"post-94920","1":"product","2":"type-product","3":"status-publish","4":"has-post-thumbnail","6":"product_cat-hobnail-ananas","7":"product_cat-sklenene-vazy","9":"first","10":"outofstock","11":"sale","12":"shipping-taxable","13":"purchasable","14":"product-type-simple"},"_links":{"self":[{"href":"https:\/\/test.esluzby.net\/index.php?rest_route=\/wp\/v2\/product\/94920","targetHints":{"allow":["GET"]}}],"collection":[{"href":"https:\/\/test.esluzby.net\/index.php?rest_route=\/wp\/v2\/product"}],"about":[{"href":"https:\/\/test.esluzby.net\/index.php?rest_route=\/wp\/v2\/types\/product"}],"replies":[{"embeddable":true,"href":"https:\/\/test.esluzby.net\/index.php?rest_route=%2Fwp%2Fv2%2Fcomments&post=94920"}],"version-history":[{"count":0,"href":"https:\/\/test.esluzby.net\/index.php?rest_route=\/wp\/v2\/product\/94920\/revisions"}],"wp:featuredmedia":[{"embeddable":true,"href":"https:\/\/test.esluzby.net\/index.php?rest_route=\/wp\/v2\/media\/82311"}],"wp:attachment":[{"href":"https:\/\/test.esluzby.net\/index.php?rest_route=%2Fwp%2Fv2%2Fmedia&parent=94920"}],"wp:term":[{"taxonomy":"product_brand","embeddable":true,"href":"https:\/\/test.esluzby.net\/index.php?rest_route=%2Fwp%2Fv2%2Fproduct_brand&post=94920"},{"taxonomy":"product_cat","embeddable":true,"href":"https:\/\/test.esluzby.net\/index.php?rest_route=%2Fwp%2Fv2%2Fproduct_cat&post=94920"},{"taxonomy":"product_tag","embeddable":true,"href":"https:\/\/test.esluzby.net\/index.php?rest_route=%2Fwp%2Fv2%2Fproduct_tag&post=94920"}],"curies":[{"name":"wp","href":"https:\/\/api.w.org\/{rel}","templated":true}]}}