{"id":96358,"date":"2024-08-21T08:57:28","date_gmt":"2024-08-21T06:57:28","guid":{"rendered":"https:\/\/test.esluzby.net\/?post_type=product&#038;p=96358"},"modified":"2026-02-19T10:29:25","modified_gmt":"2026-02-19T09:29:25","slug":"sklenice-ananas-modry-kour-ii-jakost-3","status":"publish","type":"product","link":"https:\/\/test.esluzby.net\/?product=sklenice-ananas-modry-kour-ii-jakost-3","title":{"rendered":"Sklenice 0,25l &#8211; Hobnail &#8211; Ananas &#8211; modr\u00fd kou\u0159 &#8211; II.jakost"},"content":{"rendered":"<p>Kolekce Hobnail \u2013 d\u0159\u00edve v \u010cech\u00e1ch zn\u00e1m\u00e1 jako Ananas \u2013 je v\u00fdjime\u010dn\u00e1 nejen sv\u00fdm osobit\u00fdm vzhledem, ale i bohatou histori\u00ed. Tento dekor se vyr\u00e1b\u011bl ji\u017e kolem roku 1880 ve skl\u00e1rn\u00e1ch na Teplicku a Novoborsku. V posledn\u00edch letech se stal op\u011bt \u017e\u00e1dan\u00fdm po cel\u00e9m sv\u011bt\u011b.<\/p>\n<p>D\u00edky jedine\u010dn\u00e9 technice optiky dok\u00e1\u017ee Hobnail \u2013 Ananas nejen zaujmout sv\u00fdm vzhledem, ale tak\u00e9 udr\u017eet n\u00e1poje v letn\u00edch dnech d\u00e9le chladn\u00e9.Ct\u00edme historii, z\u00e1rove\u0148 se sna\u017e\u00edme o roz\u0161\u00ed\u0159en\u00ed sortimentu s pou\u017eit\u00edm tohoto dekoru. V dochovan\u00fdch archivech jsou v tomto dekoru zmi\u0148ovan\u00e9 pouze d\u017eb\u00e1ny.<\/p>\n<p>Sklenice na v\u00edno z kolekce Hobnail to je nad\u010dasov\u00fd design, noblesa i jemn\u00fd \u0161arm. Hod\u00ed se pro slavnostn\u00ed okam\u017eiky, neform\u00e1ln\u00ed setk\u00e1n\u00ed i v\u0161edn\u00ed ve\u010der s rodinou \u010di p\u0159\u00e1teli.D\u00edky bohat\u00e9 palet\u011b barev si ka\u017ed\u00fd najde tu svou. A p\u0159i rodinn\u00fdch oslav\u00e1ch nebo posezen\u00ed s p\u0159\u00e1teli tak u\u017e nikdy nebudete \u0159e\u0161it, komu kter\u00e1 sklenice pat\u0159\u00ed.<\/p>\n<p>II.jakost &#8211; kosmetick\u00e9 vady<\/p>\n","protected":false},"excerpt":{"rendered":"<p>V kolekci Hobnail u n\u00e1s najdete nejr\u016fzn\u011bj\u0161\u00ed sklenice, v\u00e1zy \u010di m\u00edsy, kter\u00e9 se v historii t\u00e9m\u011b\u0159 nevyr\u00e1b\u011bly.<\/p>\n","protected":false},"featured_media":91852,"comment_status":"closed","ping_status":"closed","template":"","meta":[],"product_brand":[],"product_cat":[113,142,140],"product_tag":[],"class_list":{"0":"post-96358","1":"product","2":"type-product","3":"status-publish","4":"has-post-thumbnail","6":"product_cat-historicke-sklo","7":"product_cat-hobnail-ananas","8":"product_cat-sklenice","10":"first","11":"outofstock","12":"sale","13":"shipping-taxable","14":"purchasable","15":"product-type-simple"},"_links":{"self":[{"href":"https:\/\/test.esluzby.net\/index.php?rest_route=\/wp\/v2\/product\/96358","targetHints":{"allow":["GET"]}}],"collection":[{"href":"https:\/\/test.esluzby.net\/index.php?rest_route=\/wp\/v2\/product"}],"about":[{"href":"https:\/\/test.esluzby.net\/index.php?rest_route=\/wp\/v2\/types\/product"}],"replies":[{"embeddable":true,"href":"https:\/\/test.esluzby.net\/index.php?rest_route=%2Fwp%2Fv2%2Fcomments&post=96358"}],"version-history":[{"count":0,"href":"https:\/\/test.esluzby.net\/index.php?rest_route=\/wp\/v2\/product\/96358\/revisions"}],"wp:featuredmedia":[{"embeddable":true,"href":"https:\/\/test.esluzby.net\/index.php?rest_route=\/wp\/v2\/media\/91852"}],"wp:attachment":[{"href":"https:\/\/test.esluzby.net\/index.php?rest_route=%2Fwp%2Fv2%2Fmedia&parent=96358"}],"wp:term":[{"taxonomy":"product_brand","embeddable":true,"href":"https:\/\/test.esluzby.net\/index.php?rest_route=%2Fwp%2Fv2%2Fproduct_brand&post=96358"},{"taxonomy":"product_cat","embeddable":true,"href":"https:\/\/test.esluzby.net\/index.php?rest_route=%2Fwp%2Fv2%2Fproduct_cat&post=96358"},{"taxonomy":"product_tag","embeddable":true,"href":"https:\/\/test.esluzby.net\/index.php?rest_route=%2Fwp%2Fv2%2Fproduct_tag&post=96358"}],"curies":[{"name":"wp","href":"https:\/\/api.w.org\/{rel}","templated":true}]}}