{"id":96459,"date":"2024-09-02T13:13:57","date_gmt":"2024-09-02T11:13:57","guid":{"rendered":"https:\/\/test.esluzby.net\/?post_type=product&#038;p=96459"},"modified":"2026-02-19T10:29:27","modified_gmt":"2026-02-19T09:29:27","slug":"sklenene-tezitko-5-cakra-ii-jakost","status":"publish","type":"product","link":"https:\/\/test.esluzby.net\/?product=sklenene-tezitko-5-cakra-ii-jakost","title":{"rendered":"Sklen\u011bn\u00e9 t\u011b\u017e\u00edtko &#8211; 5.\u010dakra II. jakost"},"content":{"rendered":"<p data-start=\"0\" data-end=\"208\"><strong data-start=\"0\" data-end=\"20\">Sklen\u011bn\u00e9 t\u011b\u017e\u00edtko<\/strong> je dekorativn\u00ed \u010di u\u017eitn\u00fd p\u0159edm\u011bt ze skla, kter\u00fd slou\u017e\u00ed k zat\u00ed\u017een\u00ed pap\u00edr\u016f ale i k dekoraci. V na\u0161\u00ed skl\u00e1rn\u011b vyr\u00e1b\u00edme t\u011b\u017e\u00edtka ru\u010dn\u011b\u00a0 a m\u016f\u017ee m\u00edt r\u016fzn\u00e9 tvary, barvy i motivy \u2013 nap\u0159\u00edklad:<\/p>\n<ul data-start=\"210\" data-end=\"379\">\n<li data-start=\"210\" data-end=\"253\">\n<p data-start=\"212\" data-end=\"253\"><strong data-start=\"212\" data-end=\"251\">sklen\u011bn\u00e9 kv\u011bty a bubliny<\/strong><\/p>\n<\/li>\n<li data-start=\"254\" data-end=\"286\">\n<p data-start=\"256\" data-end=\"286\"><strong data-start=\"256\" data-end=\"284\">r\u016fzn\u00e9 barevn\u00e9 varianty<\/strong><\/p>\n<\/li>\n<li data-start=\"287\" data-end=\"337\">\n<p data-start=\"289\" data-end=\"337\"><strong data-start=\"289\" data-end=\"335\">mot\u00fdli <\/strong><\/p>\n<\/li>\n<\/ul>\n<p data-start=\"381\" data-end=\"483\">Krom\u011b praktick\u00e9 funkce je t\u011b\u017e\u00edtko \u010dasto vn\u00edm\u00e1no jako <strong data-start=\"434\" data-end=\"454\">um\u011bleck\u00fd p\u0159edm\u011bt<\/strong> nebo <strong data-start=\"460\" data-end=\"482\">sb\u011bratelsk\u00fd kousek<\/strong>. Nejpou\u017e\u00edvan\u011bj\u0161\u00ed n\u00e1zev ve sv\u011bt\u011b je <strong>paperweight<\/strong>.<\/p>\n<p>1.\u010dakra ko\u0159enov\u00e1 &#8211; Harmonick\u00e1 funkce: Stabilita, uzemn\u011bn\u00ed, prosperita, psychick\u00e9 zdrav\u00ed, sebev\u011bdom\u00ed.2.\u010dakra sakr\u00e1ln\u00ed\/sexu\u00e1ln\u00ed &#8211; Harmonick\u00e1 funkce: Tvo\u0159ivost, p\u0159izp\u016fsobivost, spokojen\u00e9 partnersk\u00e9 vztahy, p\u0159ijet\u00ed sebe jako mu\u017ee\/\u017eeny, sebe\u00facta.3.\u010dakra solar plexu &#8211; Harmonick\u00e1 funkce: Voln\u00e9 projevov\u00e1n\u00ed vlastn\u00edch pocit\u016f, radost ze \u017eivota, vnit\u0159n\u00ed harmonie, vitalita, schopnost prosadit se, realizovat.4. \u010dakra srde\u010dn\u00ed &#8211; Harmonick\u00e1 funkce: Vyrovnanost, citovost, otev\u0159enost, rovnov\u00e1ha mezi d\u00e1v\u00e1n\u00edm a p\u0159ij\u00edm\u00e1n\u00edm, soucit, odpu\u0161t\u011bn\u00ed.5. \u010dakra kr\u010dn\u00ed &#8211; Harmonick\u00e1 funkce: Jasn\u00e1 a voln\u00e1 komunikace, tvo\u0159ivost, vn\u00edmamovost, komunikace mezi duchovn\u00edm a fyzick\u00fdm sv\u011btem.6. \u010dakra t\u0159et\u00ed oko &#8211; Harmonick\u00e1 funkce: Kreativita, inteligence, rozhled, dobr\u00e1 intuice, p\u0159edstavivost a vn\u00edmavost, radost.7. \u010dakra korunn\u00ed &#8211; Harmonick\u00e1 funkce: Moudrost, duchovn\u00ed spojen\u00ed, \u010dir\u00e9 byt\u00ed, sjednocen\u00ed s vy\u0161\u0161\u00edm byt\u00edm, otev\u0159enost v\u016f\u010di energi\u00edm.II. jakost &#8211; kosmetick\u00e9 vady<\/p>\n","protected":false},"excerpt":{"rendered":"<p><strong data-start=\"143\" data-end=\"174\">Dekorativn\u00ed t\u011b\u017e\u00edtko ze skla<\/strong> je kombinace barev, bublin, sklen\u011bn\u00fdch nit\u00ed a r\u016fzn\u00fdch materi\u00e1l\u016f tvo\u0159\u00ed origin\u00e1ln\u00ed<strong data-start=\"188\" data-end=\"225\"> kancel\u00e1\u0159sk\u00fd dopln\u011bk<\/strong>\u00a0a <strong data-start=\"228\" data-end=\"250\">um\u011bleck\u00fd objekt.\u00a0<\/strong><\/p>\n","protected":false},"featured_media":96460,"comment_status":"closed","ping_status":"closed","template":"","meta":[],"product_brand":[],"product_cat":[146],"product_tag":[],"class_list":{"0":"post-96459","1":"product","2":"type-product","3":"status-publish","4":"has-post-thumbnail","6":"product_cat-sklenena-tezitka-a-olejove-lampy","8":"first","9":"outofstock","10":"sale","11":"shipping-taxable","12":"purchasable","13":"product-type-simple"},"_links":{"self":[{"href":"https:\/\/test.esluzby.net\/index.php?rest_route=\/wp\/v2\/product\/96459","targetHints":{"allow":["GET"]}}],"collection":[{"href":"https:\/\/test.esluzby.net\/index.php?rest_route=\/wp\/v2\/product"}],"about":[{"href":"https:\/\/test.esluzby.net\/index.php?rest_route=\/wp\/v2\/types\/product"}],"replies":[{"embeddable":true,"href":"https:\/\/test.esluzby.net\/index.php?rest_route=%2Fwp%2Fv2%2Fcomments&post=96459"}],"version-history":[{"count":0,"href":"https:\/\/test.esluzby.net\/index.php?rest_route=\/wp\/v2\/product\/96459\/revisions"}],"wp:featuredmedia":[{"embeddable":true,"href":"https:\/\/test.esluzby.net\/index.php?rest_route=\/wp\/v2\/media\/96460"}],"wp:attachment":[{"href":"https:\/\/test.esluzby.net\/index.php?rest_route=%2Fwp%2Fv2%2Fmedia&parent=96459"}],"wp:term":[{"taxonomy":"product_brand","embeddable":true,"href":"https:\/\/test.esluzby.net\/index.php?rest_route=%2Fwp%2Fv2%2Fproduct_brand&post=96459"},{"taxonomy":"product_cat","embeddable":true,"href":"https:\/\/test.esluzby.net\/index.php?rest_route=%2Fwp%2Fv2%2Fproduct_cat&post=96459"},{"taxonomy":"product_tag","embeddable":true,"href":"https:\/\/test.esluzby.net\/index.php?rest_route=%2Fwp%2Fv2%2Fproduct_tag&post=96459"}],"curies":[{"name":"wp","href":"https:\/\/api.w.org\/{rel}","templated":true}]}}