{"id":96659,"date":"2024-09-17T09:16:37","date_gmt":"2024-09-17T07:16:37","guid":{"rendered":"https:\/\/test.esluzby.net\/?post_type=product&#038;p=96659"},"modified":"2026-02-19T10:29:36","modified_gmt":"2026-02-19T09:29:36","slug":"tezitko-s-motylem-3","status":"publish","type":"product","link":"https:\/\/test.esluzby.net\/?product=tezitko-s-motylem-3","title":{"rendered":"T\u011b\u017e\u00edtko s mot\u00fdlem &#8211; paperweight"},"content":{"rendered":"","protected":false},"excerpt":{"rendered":"<p>P\u0159ekr\u00e1sn\u00fd d\u00e1rek. Ka\u017ed\u00fd kus je origin\u00e1l, \u017e\u00e1dn\u00e9 z vyroben\u00fdch t\u011b\u017e\u00edtek nen\u00ed stejn\u00e9.Barevnost mot\u00fdlu se m\u016f\u017ee li\u0161it dle skladov\u00e9 dostupnosti.<\/p>\n","protected":false},"featured_media":96660,"comment_status":"closed","ping_status":"closed","template":"","meta":[],"product_brand":[],"product_cat":[120,121,109,127,146,125],"product_tag":[],"class_list":{"0":"post-96659","1":"product","2":"type-product","3":"status-publish","4":"has-post-thumbnail","6":"product_cat-darky-pro-muze","7":"product_cat-darky-pro-zeny","8":"product_cat-dekoracni-sklo","9":"product_cat-ostatni","10":"product_cat-sklenena-tezitka-a-olejove-lampy","11":"product_cat-vanocni-darky","13":"first","14":"outofstock","15":"shipping-taxable","16":"purchasable","17":"product-type-simple"},"_links":{"self":[{"href":"https:\/\/test.esluzby.net\/index.php?rest_route=\/wp\/v2\/product\/96659","targetHints":{"allow":["GET"]}}],"collection":[{"href":"https:\/\/test.esluzby.net\/index.php?rest_route=\/wp\/v2\/product"}],"about":[{"href":"https:\/\/test.esluzby.net\/index.php?rest_route=\/wp\/v2\/types\/product"}],"replies":[{"embeddable":true,"href":"https:\/\/test.esluzby.net\/index.php?rest_route=%2Fwp%2Fv2%2Fcomments&post=96659"}],"version-history":[{"count":0,"href":"https:\/\/test.esluzby.net\/index.php?rest_route=\/wp\/v2\/product\/96659\/revisions"}],"wp:featuredmedia":[{"embeddable":true,"href":"https:\/\/test.esluzby.net\/index.php?rest_route=\/wp\/v2\/media\/96660"}],"wp:attachment":[{"href":"https:\/\/test.esluzby.net\/index.php?rest_route=%2Fwp%2Fv2%2Fmedia&parent=96659"}],"wp:term":[{"taxonomy":"product_brand","embeddable":true,"href":"https:\/\/test.esluzby.net\/index.php?rest_route=%2Fwp%2Fv2%2Fproduct_brand&post=96659"},{"taxonomy":"product_cat","embeddable":true,"href":"https:\/\/test.esluzby.net\/index.php?rest_route=%2Fwp%2Fv2%2Fproduct_cat&post=96659"},{"taxonomy":"product_tag","embeddable":true,"href":"https:\/\/test.esluzby.net\/index.php?rest_route=%2Fwp%2Fv2%2Fproduct_tag&post=96659"}],"curies":[{"name":"wp","href":"https:\/\/api.w.org\/{rel}","templated":true}]}}