{"id":96692,"date":"2024-09-17T09:43:39","date_gmt":"2024-09-17T07:43:39","guid":{"rendered":"https:\/\/test.esluzby.net\/?post_type=product&#038;p=96692"},"modified":"2026-02-19T10:29:38","modified_gmt":"2026-02-19T09:29:38","slug":"tezitko-s-motylem-paperweight-2","status":"publish","type":"product","link":"https:\/\/test.esluzby.net\/?product=tezitko-s-motylem-paperweight-2","title":{"rendered":"T\u011b\u017e\u00edtko s mot\u00fdlem &#8211; paperweight"},"content":{"rendered":"","protected":false},"excerpt":{"rendered":"<p>P\u0159ekr\u00e1sn\u00fd d\u00e1rek. Ka\u017ed\u00fd kus je origin\u00e1l, \u017e\u00e1dn\u00e9 z vyroben\u00fdch t\u011b\u017e\u00edtek nen\u00ed stejn\u00e9.Barevnost mot\u00fdlu se m\u016f\u017ee li\u0161it dle skladov\u00e9 dostupnosti.<\/p>\n","protected":false},"featured_media":96693,"comment_status":"closed","ping_status":"closed","template":"","meta":[],"product_brand":[],"product_cat":[109,127,146],"product_tag":[],"class_list":{"0":"post-96692","1":"product","2":"type-product","3":"status-publish","4":"has-post-thumbnail","6":"product_cat-dekoracni-sklo","7":"product_cat-ostatni","8":"product_cat-sklenena-tezitka-a-olejove-lampy","10":"first","11":"outofstock","12":"shipping-taxable","13":"purchasable","14":"product-type-simple"},"_links":{"self":[{"href":"https:\/\/test.esluzby.net\/index.php?rest_route=\/wp\/v2\/product\/96692","targetHints":{"allow":["GET"]}}],"collection":[{"href":"https:\/\/test.esluzby.net\/index.php?rest_route=\/wp\/v2\/product"}],"about":[{"href":"https:\/\/test.esluzby.net\/index.php?rest_route=\/wp\/v2\/types\/product"}],"replies":[{"embeddable":true,"href":"https:\/\/test.esluzby.net\/index.php?rest_route=%2Fwp%2Fv2%2Fcomments&post=96692"}],"version-history":[{"count":0,"href":"https:\/\/test.esluzby.net\/index.php?rest_route=\/wp\/v2\/product\/96692\/revisions"}],"wp:featuredmedia":[{"embeddable":true,"href":"https:\/\/test.esluzby.net\/index.php?rest_route=\/wp\/v2\/media\/96693"}],"wp:attachment":[{"href":"https:\/\/test.esluzby.net\/index.php?rest_route=%2Fwp%2Fv2%2Fmedia&parent=96692"}],"wp:term":[{"taxonomy":"product_brand","embeddable":true,"href":"https:\/\/test.esluzby.net\/index.php?rest_route=%2Fwp%2Fv2%2Fproduct_brand&post=96692"},{"taxonomy":"product_cat","embeddable":true,"href":"https:\/\/test.esluzby.net\/index.php?rest_route=%2Fwp%2Fv2%2Fproduct_cat&post=96692"},{"taxonomy":"product_tag","embeddable":true,"href":"https:\/\/test.esluzby.net\/index.php?rest_route=%2Fwp%2Fv2%2Fproduct_tag&post=96692"}],"curies":[{"name":"wp","href":"https:\/\/api.w.org\/{rel}","templated":true}]}}