{"id":97064,"date":"2024-09-27T15:57:13","date_gmt":"2024-09-27T13:57:13","guid":{"rendered":"https:\/\/test.esluzby.net\/?post_type=product&#038;p=97064"},"modified":"2026-02-19T10:30:00","modified_gmt":"2026-02-19T09:30:00","slug":"pullitrik-sklenice-bambus","status":"publish","type":"product","link":"https:\/\/test.esluzby.net\/?product=pullitrik-sklenice-bambus","title":{"rendered":"T\u0159etinka 0,3l &#8211; Bambus &#8211; nazelenal\u00fd k\u0159i\u0161\u0165\u00e1l &#8211; II.jakost"},"content":{"rendered":"<p>Sklen\u011bn\u00e9 t\u0159etinky, p\u016fllitry, tupl\u00e1ky ru\u010dn\u00ed v\u00fdroby. Jedn\u00e1 se o typickou ru\u010dn\u00ed v\u00fdrobu \u010desk\u00e9ho skla foukan\u00e9ho v na\u0161em glass studiu. Sklo sodno-draseln\u00e9, m\u00e1 velk\u00fd lesk a kr\u00e1sn\u00fd zvuk.<\/p>\n<p>P\u016fllitry, t\u0159etiky, tupl\u00e1ky lze zdobit ryt\u00edm, malov\u00e1n\u00edm, vypalovac\u00edm obtiskem, p\u00edskov\u00e1n\u00edm, c\u00ednovou plaketou, c\u00ednovou ozdobou nebo opat\u0159it c\u00ednov\u00fdm v\u00ed\u010dkem. \u010cesk\u00e9 sklo je ve sv\u011bt\u011b zn\u00e1me jako Bohemia glass.<\/p>\n<p>Lesn\u00ed sklo je obvykle zbarven\u00e9 do odst\u00ednu zelen\u00e9 oxidem \u017eeleznat\u00fdm. V \u010desk\u00e9m skl\u00e1\u0159stv\u00ed dos\u00e1hla v\u00fdroba lesn\u00edho skla proslulosti ve 14. stolet\u00ed. V lesn\u00edch skl\u00e1rn\u00e1ch byly za\u010d\u00e1tky t\u011b\u017ek\u00e9. Zp\u016fsob taven\u00ed byl v nejstar\u0161\u00edch dob\u00e1ch velice primitivn\u00ed. Sklo, kter\u00e9 se z\u00edsk\u00e1valo, bylo nazelenal\u00e9, ne\u010dist\u00e9 a pln\u00e9 puch\u00fd\u0159k\u016f. Objem na\u0161ich p\u016fllitr\u016f, t\u0159etinek i tupl\u00e1k\u016f je v\u011bt\u0161\u00ed, ne\u017e je uvedeno.<\/p>\n<p>II.jakost &#8211; kosmetick\u00e9 vady<\/p>\n","protected":false},"excerpt":{"rendered":"<p>V kolekci Bambus u n\u00e1s najdete tak\u00e9 d\u017eb\u00e1ny a nejr\u016fzn\u011bj\u0161\u00ed sklenice, m\u00edsy \u010di petrolejov\u00e9 lampy. Kolekce Bambus je nad\u010dasov\u00e1, decentn\u00ed a p\u0159itom v\u00fdrazn\u00e1. Skv\u011ble lad\u00ed s p\u0159\u00edrodn\u00edmi materi\u00e1ly i modern\u00edm designem.<\/p>\n","protected":false},"featured_media":97065,"comment_status":"closed","ping_status":"closed","template":"","meta":[],"product_brand":[],"product_cat":[122,138],"product_tag":[],"class_list":{"0":"post-97064","1":"product","2":"type-product","3":"status-publish","4":"has-post-thumbnail","6":"product_cat-bambus","7":"product_cat-skleneny-pullitr","9":"first","10":"instock","11":"sale","12":"shipping-taxable","13":"purchasable","14":"product-type-simple"},"_links":{"self":[{"href":"https:\/\/test.esluzby.net\/index.php?rest_route=\/wp\/v2\/product\/97064","targetHints":{"allow":["GET"]}}],"collection":[{"href":"https:\/\/test.esluzby.net\/index.php?rest_route=\/wp\/v2\/product"}],"about":[{"href":"https:\/\/test.esluzby.net\/index.php?rest_route=\/wp\/v2\/types\/product"}],"replies":[{"embeddable":true,"href":"https:\/\/test.esluzby.net\/index.php?rest_route=%2Fwp%2Fv2%2Fcomments&post=97064"}],"version-history":[{"count":0,"href":"https:\/\/test.esluzby.net\/index.php?rest_route=\/wp\/v2\/product\/97064\/revisions"}],"wp:featuredmedia":[{"embeddable":true,"href":"https:\/\/test.esluzby.net\/index.php?rest_route=\/wp\/v2\/media\/97065"}],"wp:attachment":[{"href":"https:\/\/test.esluzby.net\/index.php?rest_route=%2Fwp%2Fv2%2Fmedia&parent=97064"}],"wp:term":[{"taxonomy":"product_brand","embeddable":true,"href":"https:\/\/test.esluzby.net\/index.php?rest_route=%2Fwp%2Fv2%2Fproduct_brand&post=97064"},{"taxonomy":"product_cat","embeddable":true,"href":"https:\/\/test.esluzby.net\/index.php?rest_route=%2Fwp%2Fv2%2Fproduct_cat&post=97064"},{"taxonomy":"product_tag","embeddable":true,"href":"https:\/\/test.esluzby.net\/index.php?rest_route=%2Fwp%2Fv2%2Fproduct_tag&post=97064"}],"curies":[{"name":"wp","href":"https:\/\/api.w.org\/{rel}","templated":true}]}}