{"id":97188,"date":"2024-10-06T17:36:12","date_gmt":"2024-10-06T15:36:12","guid":{"rendered":"https:\/\/test.esluzby.net\/?post_type=product&#038;p=97188"},"modified":"2026-02-19T10:30:04","modified_gmt":"2026-02-19T09:30:04","slug":"sklenice-roemer1009-138","status":"publish","type":"product","link":"https:\/\/test.esluzby.net\/?product=sklenice-roemer1009-138","title":{"rendered":"Sklenice Roemer 0,3 l"},"content":{"rendered":"<div class=\"text-base my-auto mx-auto pb-10 [--thread-content-margin:--spacing(4)] @w-sm\/main:[--thread-content-margin:--spacing(6)] @w-lg\/main:[--thread-content-margin:--spacing(16)] px-(--thread-content-margin)\">\n<div class=\"[--thread-content-max-width:40rem] @w-lg\/main:[--thread-content-max-width:48rem] mx-auto max-w-(--thread-content-max-width) flex-1 group\/turn-messages focus-visible:outline-hidden relative flex w-full min-w-0 flex-col agent-turn\" tabindex=\"-1\">\n<div class=\"flex max-w-full flex-col grow\">\n<div class=\"min-h-8 text-message relative flex w-full flex-col items-end gap-2 text-start break-words whitespace-normal [.text-message+&amp;]:mt-1\" dir=\"auto\" data-message-author-role=\"assistant\" data-message-id=\"f98a70cd-0c87-40a1-b3f2-46f7c1cf2049\" data-message-model-slug=\"gpt-5-2\">\n<div class=\"flex w-full flex-col gap-1 empty:hidden first:pt-[1px]\">\n<div class=\"markdown prose dark:prose-invert w-full wrap-break-word light markdown-new-styling\">\n<p data-start=\"0\" data-end=\"371\">Sklen\u011bn\u00e9 historizuj\u00edc\u00ed poh\u00e1ry Roemer (\u0158\u00edman) jsou origin\u00e1ln\u00ed ru\u010dn\u011b foukan\u00e9 \u010d\u00ed\u0161e z \u010desk\u00e9ho skla, vyr\u00e1b\u011bn\u00e9 v rodinn\u00e9 skl\u00e1rn\u011b v \u010castolovic\u00edch. Ka\u017ed\u00fd poh\u00e1r vznik\u00e1 tradi\u010dn\u00ed hutn\u00ed technikou a je zdoben ru\u010dn\u011b tvarovan\u00fdmi n\u00e1lepy na dut\u00e9 noze, kter\u00e9 podtrhuj\u00ed jeho autentick\u00fd st\u0159edov\u011bk\u00fd vzhled. Typick\u00fd tvar Roemer je inspirov\u00e1n historick\u00fdmi \u010d\u00ed\u0161emi pou\u017e\u00edvan\u00fdmi ji\u017e od 14. stolet\u00ed.<\/p>\n<p data-start=\"373\" data-end=\"690\">Pou\u017e\u00edv\u00e1me kvalitn\u00ed sodno-draseln\u00e9 sklo s vysok\u00fdm leskem, \u010dirost\u00ed a charakteristick\u00fdm zvukem. Nazelenal\u00fd odst\u00edn vych\u00e1z\u00ed z tradice lesn\u00edho skla, kter\u00e9 bylo pro \u010desk\u00e9 zem\u011b typick\u00e9 a proslavilo \u010desk\u00e9 skl\u00e1\u0159stv\u00ed po cel\u00e9 Evrop\u011b. \u010cesk\u00e9 sklo je ve sv\u011bt\u011b zn\u00e1m\u00e9 jako Bohemia glass a je symbolem precizn\u00edho \u0159emesln\u00e9ho zpracov\u00e1n\u00ed.<\/p>\n<p data-start=\"692\" data-end=\"1037\" data-is-last-node=\"\" data-is-only-node=\"\">Tyto ru\u010dn\u011b vyr\u00e1b\u011bn\u00e9 sklen\u011bn\u00e9 poh\u00e1ry jsou ide\u00e1ln\u00ed na v\u00edno, slavnostn\u00ed p\u0159\u00edle\u017eitosti, historick\u00e9 akce i jako stylov\u00e1 dekorace interi\u00e9ru. Ka\u017ed\u00fd kus je origin\u00e1l s jemn\u00fdmi odchylkami, kter\u00e9 potvrzuj\u00ed poctivou ru\u010dn\u00ed pr\u00e1ci. Pokud hled\u00e1te tradi\u010dn\u00ed \u010desk\u00e9 sklo, historick\u00e9 \u010d\u00ed\u0161e nebo origin\u00e1ln\u00ed ru\u010dn\u00ed v\u00fdrobu ze skl\u00e1rny, poh\u00e1ry Roemer jsou v\u00fdjime\u010dnou volbou.<\/p>\n<\/div>\n<\/div>\n<\/div>\n<\/div>\n<\/div>\n<\/div>\n","protected":false},"excerpt":{"rendered":"<div class=\"flex flex-col text-sm pb-25\">\n<article class=\"text-token-text-primary w-full focus:outline-none [--shadow-height:45px] has-data-writing-block:pointer-events-none has-data-writing-block:-mt-(--shadow-height) has-data-writing-block:pt-(--shadow-height) [&amp;:has([data-writing-block])&gt;*]:pointer-events-auto scroll-mt-[calc(var(--header-height)+min(200px,max(70px,20svh)))]\" dir=\"auto\" tabindex=\"-1\" data-turn-id=\"request-WEB:f0610fbe-2528-49c2-8438-b94de00621a5-82\" data-testid=\"conversation-turn-10\" data-scroll-anchor=\"true\" data-turn=\"assistant\">\n<div class=\"text-base my-auto mx-auto pb-10 [--thread-content-margin:--spacing(4)] @w-sm\/main:[--thread-content-margin:--spacing(6)] @w-lg\/main:[--thread-content-margin:--spacing(16)] px-(--thread-content-margin)\">\n<div class=\"[--thread-content-max-width:40rem] @w-lg\/main:[--thread-content-max-width:48rem] mx-auto max-w-(--thread-content-max-width) flex-1 group\/turn-messages focus-visible:outline-hidden relative flex w-full min-w-0 flex-col agent-turn\" tabindex=\"-1\">\n<div class=\"flex max-w-full flex-col grow\">\n<div class=\"min-h-8 text-message relative flex w-full flex-col items-end gap-2 text-start break-words whitespace-normal [.text-message+&amp;]:mt-1\" dir=\"auto\" data-message-author-role=\"assistant\" data-message-id=\"b23b11d9-57e1-4901-a06f-5462a1c7565b\" data-message-model-slug=\"gpt-5-2\">\n<div class=\"flex w-full flex-col gap-1 empty:hidden first:pt-[1px]\">\n<div class=\"markdown prose dark:prose-invert w-full wrap-break-word light markdown-new-styling\">\n<p data-start=\"0\" data-end=\"140\" data-is-last-node=\"\" data-is-only-node=\"\">Ru\u010dn\u011b foukan\u00e9 historick\u00e9 poh\u00e1ry Roemer z lesn\u00edho skla se tak\u00e9 zdob\u00ed n\u00e1lepy. Tradi\u010dn\u00ed v\u00fdroba v rodinn\u00e9 skl\u00e1rn\u011b, lesk, \u010dirost Bohemia glass.<\/p>\n<\/div>\n<\/div>\n<\/div>\n<\/div>\n<div class=\"z-0 flex min-h-[46px] justify-start\"><\/div>\n<div class=\"mt-3 w-full empty:hidden\">\n<div class=\"text-center\"><\/div>\n<\/div>\n<\/div>\n<\/div>\n<\/article>\n<\/div>\n<div class=\"pointer-events-none h-px w-px absolute bottom-0\" aria-hidden=\"true\" data-edge=\"true\"><\/div>\n","protected":false},"featured_media":97189,"comment_status":"closed","ping_status":"closed","template":"","meta":[],"product_brand":[],"product_cat":[113,114,140],"product_tag":[],"class_list":{"0":"post-97188","1":"product","2":"type-product","3":"status-publish","4":"has-post-thumbnail","6":"product_cat-historicke-sklo","7":"product_cat-lesni-sklo","8":"product_cat-sklenice","10":"first","11":"instock","12":"shipping-taxable","13":"purchasable","14":"product-type-simple"},"_links":{"self":[{"href":"https:\/\/test.esluzby.net\/index.php?rest_route=\/wp\/v2\/product\/97188","targetHints":{"allow":["GET"]}}],"collection":[{"href":"https:\/\/test.esluzby.net\/index.php?rest_route=\/wp\/v2\/product"}],"about":[{"href":"https:\/\/test.esluzby.net\/index.php?rest_route=\/wp\/v2\/types\/product"}],"replies":[{"embeddable":true,"href":"https:\/\/test.esluzby.net\/index.php?rest_route=%2Fwp%2Fv2%2Fcomments&post=97188"}],"version-history":[{"count":0,"href":"https:\/\/test.esluzby.net\/index.php?rest_route=\/wp\/v2\/product\/97188\/revisions"}],"wp:featuredmedia":[{"embeddable":true,"href":"https:\/\/test.esluzby.net\/index.php?rest_route=\/wp\/v2\/media\/97189"}],"wp:attachment":[{"href":"https:\/\/test.esluzby.net\/index.php?rest_route=%2Fwp%2Fv2%2Fmedia&parent=97188"}],"wp:term":[{"taxonomy":"product_brand","embeddable":true,"href":"https:\/\/test.esluzby.net\/index.php?rest_route=%2Fwp%2Fv2%2Fproduct_brand&post=97188"},{"taxonomy":"product_cat","embeddable":true,"href":"https:\/\/test.esluzby.net\/index.php?rest_route=%2Fwp%2Fv2%2Fproduct_cat&post=97188"},{"taxonomy":"product_tag","embeddable":true,"href":"https:\/\/test.esluzby.net\/index.php?rest_route=%2Fwp%2Fv2%2Fproduct_tag&post=97188"}],"curies":[{"name":"wp","href":"https:\/\/api.w.org\/{rel}","templated":true}]}}