{"id":97196,"date":"2024-10-06T17:41:11","date_gmt":"2024-10-06T15:41:11","guid":{"rendered":"https:\/\/test.esluzby.net\/?post_type=product&#038;p=97196"},"modified":"2026-02-19T10:30:05","modified_gmt":"2026-02-19T09:30:05","slug":"art-vaza-2","status":"publish","type":"product","link":"https:\/\/test.esluzby.net\/?product=art-vaza-2","title":{"rendered":"V\u00e1za &#8211; Swirl bubbles"},"content":{"rendered":"","protected":false},"excerpt":{"rendered":"<p>Jedine\u010dn\u00e1 v\u00e1za, u kter\u00e9 se nem\u016f\u017ee st\u00e1t, \u017ee by n\u011bkdo m\u011bl stejnou jako Vy \u2013 vyrobili jsme toti\u017e pouze jednu jedinou! O design a v\u00fdrobu t\u00e9to v\u00e1zy se postarali Petr a Luk\u00e1\u0161 \u010cerven\u00fd &#8211; majitel skl\u00e1rny a jeho syn, kte\u0159\u00ed tvo\u0159\u00ed sehran\u00fd t\u00fdm a pod jejich rukama jim vznikaj\u00ed naprosto unik\u00e1tn\u00ed, origin\u00e1ln\u00ed designov\u00e9 v\u00fdtvory. Alexandrit v kombinaci se sodou tvo\u0159\u00ed kr\u00e1sn\u00fd design, kter\u00fd se bude vyj\u00edmat v ka\u017ed\u00e9m interi\u00e9ru.<\/p>\n","protected":false},"featured_media":97197,"comment_status":"closed","ping_status":"closed","template":"","meta":[],"product_brand":[],"product_cat":[121,127,150,133,141],"product_tag":[],"class_list":{"0":"post-97196","1":"product","2":"type-product","3":"status-publish","4":"has-post-thumbnail","6":"product_cat-darky-pro-zeny","7":"product_cat-ostatni","8":"product_cat-premiove-sklenene-vazy","9":"product_cat-premiove-sklo","10":"product_cat-svatebni-darky","12":"first","13":"instock","14":"shipping-taxable","15":"purchasable","16":"product-type-simple"},"_links":{"self":[{"href":"https:\/\/test.esluzby.net\/index.php?rest_route=\/wp\/v2\/product\/97196","targetHints":{"allow":["GET"]}}],"collection":[{"href":"https:\/\/test.esluzby.net\/index.php?rest_route=\/wp\/v2\/product"}],"about":[{"href":"https:\/\/test.esluzby.net\/index.php?rest_route=\/wp\/v2\/types\/product"}],"replies":[{"embeddable":true,"href":"https:\/\/test.esluzby.net\/index.php?rest_route=%2Fwp%2Fv2%2Fcomments&post=97196"}],"version-history":[{"count":0,"href":"https:\/\/test.esluzby.net\/index.php?rest_route=\/wp\/v2\/product\/97196\/revisions"}],"wp:featuredmedia":[{"embeddable":true,"href":"https:\/\/test.esluzby.net\/index.php?rest_route=\/wp\/v2\/media\/97197"}],"wp:attachment":[{"href":"https:\/\/test.esluzby.net\/index.php?rest_route=%2Fwp%2Fv2%2Fmedia&parent=97196"}],"wp:term":[{"taxonomy":"product_brand","embeddable":true,"href":"https:\/\/test.esluzby.net\/index.php?rest_route=%2Fwp%2Fv2%2Fproduct_brand&post=97196"},{"taxonomy":"product_cat","embeddable":true,"href":"https:\/\/test.esluzby.net\/index.php?rest_route=%2Fwp%2Fv2%2Fproduct_cat&post=97196"},{"taxonomy":"product_tag","embeddable":true,"href":"https:\/\/test.esluzby.net\/index.php?rest_route=%2Fwp%2Fv2%2Fproduct_tag&post=97196"}],"curies":[{"name":"wp","href":"https:\/\/api.w.org\/{rel}","templated":true}]}}