{"id":97205,"date":"2024-10-06T17:43:14","date_gmt":"2024-10-06T15:43:14","guid":{"rendered":"https:\/\/test.esluzby.net\/?post_type=product&#038;p=97205"},"modified":"2026-02-19T10:30:05","modified_gmt":"2026-02-19T09:30:05","slug":"art-vaza-4","status":"publish","type":"product","link":"https:\/\/test.esluzby.net\/?product=art-vaza-4","title":{"rendered":"V\u00e1za &#8211; Blooming meadow"},"content":{"rendered":"","protected":false},"excerpt":{"rendered":"<p>Jedine\u010dn\u00e1 v\u00e1za, u kter\u00e9 se nem\u016f\u017ee st\u00e1t, \u017ee by n\u011bkdo m\u011bl stejnou jako vy &#8211; vyrobili jsme toti\u017e pouze jednu jedinou! O design a v\u00fdrobu t\u00e9to v\u00e1zy se postarali Petr a Luk\u00e1\u0161 \u010cerven\u00fd. Majitel skl\u00e1rny a jeho syn, tvo\u0159\u00ed jedine\u010dn\u00fd t\u00fdm, kdy jim pod rukama vznikaj\u00ed naprosto unik\u00e1tn\u00ed a designov\u00e9 v\u00fdtvory. Zelen\u00e9 sklo v kombinaci s r\u016f\u017eov\u00fdmi a \u010dern\u00fdmi prvky tvo\u0159\u00ed kr\u00e1sn\u00fd design, kter\u00fd se bude vyj\u00edmat ve va\u0161em interi\u00e9ru.<\/p>\n","protected":false},"featured_media":97206,"comment_status":"closed","ping_status":"closed","template":"","meta":[],"product_brand":[],"product_cat":[121,127,150,133,141],"product_tag":[],"class_list":{"0":"post-97205","1":"product","2":"type-product","3":"status-publish","4":"has-post-thumbnail","6":"product_cat-darky-pro-zeny","7":"product_cat-ostatni","8":"product_cat-premiove-sklenene-vazy","9":"product_cat-premiove-sklo","10":"product_cat-svatebni-darky","12":"first","13":"instock","14":"shipping-taxable","15":"purchasable","16":"product-type-simple"},"_links":{"self":[{"href":"https:\/\/test.esluzby.net\/index.php?rest_route=\/wp\/v2\/product\/97205","targetHints":{"allow":["GET"]}}],"collection":[{"href":"https:\/\/test.esluzby.net\/index.php?rest_route=\/wp\/v2\/product"}],"about":[{"href":"https:\/\/test.esluzby.net\/index.php?rest_route=\/wp\/v2\/types\/product"}],"replies":[{"embeddable":true,"href":"https:\/\/test.esluzby.net\/index.php?rest_route=%2Fwp%2Fv2%2Fcomments&post=97205"}],"version-history":[{"count":0,"href":"https:\/\/test.esluzby.net\/index.php?rest_route=\/wp\/v2\/product\/97205\/revisions"}],"wp:featuredmedia":[{"embeddable":true,"href":"https:\/\/test.esluzby.net\/index.php?rest_route=\/wp\/v2\/media\/97206"}],"wp:attachment":[{"href":"https:\/\/test.esluzby.net\/index.php?rest_route=%2Fwp%2Fv2%2Fmedia&parent=97205"}],"wp:term":[{"taxonomy":"product_brand","embeddable":true,"href":"https:\/\/test.esluzby.net\/index.php?rest_route=%2Fwp%2Fv2%2Fproduct_brand&post=97205"},{"taxonomy":"product_cat","embeddable":true,"href":"https:\/\/test.esluzby.net\/index.php?rest_route=%2Fwp%2Fv2%2Fproduct_cat&post=97205"},{"taxonomy":"product_tag","embeddable":true,"href":"https:\/\/test.esluzby.net\/index.php?rest_route=%2Fwp%2Fv2%2Fproduct_tag&post=97205"}],"curies":[{"name":"wp","href":"https:\/\/api.w.org\/{rel}","templated":true}]}}