{"id":97254,"date":"2024-10-06T17:53:25","date_gmt":"2024-10-06T15:53:25","guid":{"rendered":"https:\/\/test.esluzby.net\/?post_type=product&#038;p=97254"},"modified":"2026-02-19T10:30:10","modified_gmt":"2026-02-19T09:30:10","slug":"dzban-skleneny-15l","status":"publish","type":"product","link":"https:\/\/test.esluzby.net\/?product=dzban-skleneny-15l","title":{"rendered":"D\u017eb\u00e1n 1,5l &#8211; Krakle &#8211; nazelenal\u00fd"},"content":{"rendered":"<p>Kolekce Krakle je v\u00fdjime\u010dn\u00e1 nejen sv\u00fdm vzhledem, ale i histori\u00ed.\u00a0 Pro jej\u00ed tvorbu se vyu\u017e\u00edvaj\u00ed optick\u00e9 formy, kter\u00e9 se pou\u017e\u00edvaly ji\u017e od po\u010d\u00e1tku skl\u00e1\u0159stv\u00ed v \u010desk\u00fdch zem\u00edch. Ty se postupn\u011b zdokonalovaly a p\u0159izp\u016fsobovaly st\u00e1le slo\u017eit\u011bj\u0161\u00edm dekor\u016fm.<\/p>\n<p>Kraklov\u00e1n\u00ed skla je velmi star\u00e1 technika, kter\u00e1 sah\u00e1 a\u017e do starov\u011bku, i kdy\u017e jej\u00ed popularita kol\u00edsala podle obdob\u00ed a regionu. Dnes je ale toto sklo velmi obl\u00edben\u00e9.<\/p>\n<p>D\u017eb\u00e1n z kolekce Krakle je ru\u010dn\u011b foukan\u00fd a zdoben\u00fd kraklov\u00e1n\u00edm \u2013 efektem, kter\u00fd p\u0159ipom\u00edn\u00e1 popraskan\u00fd led nebo star\u00e9 zrcadlo. V\u00fdsledkem je d\u017eb\u00e1n, kter\u00fd v sob\u011b nese eleganci, tradici i \u0161petku tajemstv\u00ed. Je univerz\u00e1ln\u00ed \u2013 hod\u00ed se jak do modern\u00edho interi\u00e9ru, tak na chalupu.<\/p>\n<p>V letn\u00edch dnech je ide\u00e1ln\u00ed na dom\u00e1c\u00ed limon\u00e1du s pl\u00e1tky citronu nebo t\u0159eba osv\u011b\u017euj\u00edc\u00ed pivo. Sv\u00e9 uplatn\u011bn\u00ed si ur\u010dit\u011b najde i v zim\u011b, nen\u00ed ov\u0161em ur\u010den\u00fd pro hork\u00e9 n\u00e1poje.<\/p>\n","protected":false},"excerpt":{"rendered":"<p>V dekoru Krakle vyr\u00e1b\u00edme produkty od d\u017eb\u00e1n\u016f, p\u0159es r\u016fzn\u00e9 misky a skleni\u010dky, a\u017e po petrolejov\u00e9 lampy. Tento dekor\u00a0oslov\u00ed v\u0161echny, kte\u0159\u00ed si cen\u00ed kr\u00e1sy a originality skla.<\/p>\n","protected":false},"featured_media":97255,"comment_status":"closed","ping_status":"closed","template":"","meta":[],"product_brand":[],"product_cat":[117,119,125],"product_tag":[],"class_list":{"0":"post-97254","1":"product","2":"type-product","3":"status-publish","4":"has-post-thumbnail","6":"product_cat-kolekce","7":"product_cat-sklenene-dzbany","8":"product_cat-vanocni-darky","10":"first","11":"instock","12":"shipping-taxable","13":"purchasable","14":"product-type-simple"},"_links":{"self":[{"href":"https:\/\/test.esluzby.net\/index.php?rest_route=\/wp\/v2\/product\/97254","targetHints":{"allow":["GET"]}}],"collection":[{"href":"https:\/\/test.esluzby.net\/index.php?rest_route=\/wp\/v2\/product"}],"about":[{"href":"https:\/\/test.esluzby.net\/index.php?rest_route=\/wp\/v2\/types\/product"}],"replies":[{"embeddable":true,"href":"https:\/\/test.esluzby.net\/index.php?rest_route=%2Fwp%2Fv2%2Fcomments&post=97254"}],"version-history":[{"count":0,"href":"https:\/\/test.esluzby.net\/index.php?rest_route=\/wp\/v2\/product\/97254\/revisions"}],"wp:featuredmedia":[{"embeddable":true,"href":"https:\/\/test.esluzby.net\/index.php?rest_route=\/wp\/v2\/media\/97255"}],"wp:attachment":[{"href":"https:\/\/test.esluzby.net\/index.php?rest_route=%2Fwp%2Fv2%2Fmedia&parent=97254"}],"wp:term":[{"taxonomy":"product_brand","embeddable":true,"href":"https:\/\/test.esluzby.net\/index.php?rest_route=%2Fwp%2Fv2%2Fproduct_brand&post=97254"},{"taxonomy":"product_cat","embeddable":true,"href":"https:\/\/test.esluzby.net\/index.php?rest_route=%2Fwp%2Fv2%2Fproduct_cat&post=97254"},{"taxonomy":"product_tag","embeddable":true,"href":"https:\/\/test.esluzby.net\/index.php?rest_route=%2Fwp%2Fv2%2Fproduct_tag&post=97254"}],"curies":[{"name":"wp","href":"https:\/\/api.w.org\/{rel}","templated":true}]}}