{"id":97284,"date":"2024-10-07T18:50:42","date_gmt":"2024-10-07T16:50:42","guid":{"rendered":"https:\/\/test.esluzby.net\/?post_type=product&#038;p=97284"},"modified":"2026-02-19T10:30:11","modified_gmt":"2026-02-19T09:30:11","slug":"sc-13-dzban-lesni-sklo-cin","status":"publish","type":"product","link":"https:\/\/test.esluzby.net\/?product=sc-13-dzban-lesni-sklo-cin","title":{"rendered":"D\u017eb\u00e1n sklen\u011bn\u00fd s c\u00ednov\u00fdm zdoben\u00edm"},"content":{"rendered":"<p data-start=\"205\" data-end=\"491\">D\u017eb\u00e1n je v\u00fdsledkem \u00fazk\u00e9 spolupr\u00e1ce na\u0161\u00ed skl\u00e1rny a c\u00edna\u0159sk\u00e9 d\u00edlny. Pou\u017eit\u00e9 sklo je tzv. lesn\u00ed sklo, vyr\u00e1b\u011bn\u00e9 tradi\u010dn\u00edmi postupy. C\u00edna\u0159sk\u00e1 pr\u00e1ce spo\u010d\u00edv\u00e1 v odl\u00e9v\u00e1n\u00ed ozdobn\u00fdch c\u00ednov\u00fdch dekora\u010dn\u00edch prvk\u016f i funk\u010dn\u00edch \u010d\u00e1st\u00ed v\u00fdrobku zku\u0161en\u00fdm c\u00edna\u0159em.<\/p>\n<p data-start=\"493\" data-end=\"725\">Specializujeme se na v\u00fdrobu replik historick\u00fdch c\u00ednov\u00fdch p\u0159edm\u011bt\u016f, kter\u00e9 kombinujeme se sklen\u011bn\u00fdmi poh\u00e1ry, karafami, v\u00ed\u010dky na pivn\u00ed p\u016fllitry a dal\u0161\u00edmi c\u00ednov\u00fdmi prvky. Sou\u010dasn\u011b vyr\u00e1b\u00edme i v\u011brn\u00e9 repliky p\u016fvodn\u00edch historick\u00fdch v\u00fdrobk\u016f.<\/p>\n<p data-start=\"727\" data-end=\"820\">Ve\u0161ker\u00e1 v\u00fdroba je v\u00fdhradn\u011b poctiv\u00e1 ru\u010dn\u00ed pr\u00e1ce mistr\u016f z na\u0161\u00ed skl\u00e1rny v podh\u016f\u0159\u00ed Lu\u017eick\u00fdch hor.<\/p>\n","protected":false},"excerpt":{"rendered":"<p>D\u017eb\u00e1n z lesn\u00edho skla s ru\u010dn\u011b odl\u00e9van\u00fdmi c\u00ednov\u00fdmi prvky, vyroben\u00fd tradi\u010dn\u00edmi postupy \u010desk\u00e9 skl\u00e1rny a c\u00edna\u0159sk\u00e9 d\u00edlny. V\u011brn\u00e1 replika historick\u00e9ho skla, poctiv\u00e1 ru\u010dn\u00ed pr\u00e1ce mistr\u016f z podh\u016f\u0159\u00ed Lu\u017eick\u00fdch hor.<\/p>\n","protected":false},"featured_media":97285,"comment_status":"closed","ping_status":"closed","template":"","meta":[],"product_brand":[],"product_cat":[120,113,119,116,115,111,125],"product_tag":[],"class_list":{"0":"post-97284","1":"product","2":"type-product","3":"status-publish","4":"has-post-thumbnail","6":"product_cat-darky-pro-muze","7":"product_cat-historicke-sklo","8":"product_cat-sklenene-dzbany","9":"product_cat-specificke-stolni-sklo","10":"product_cat-stolni-sklo","11":"product_cat-tipy-na-darky","12":"product_cat-vanocni-darky","14":"first","15":"instock","16":"shipping-taxable","17":"purchasable","18":"product-type-simple"},"_links":{"self":[{"href":"https:\/\/test.esluzby.net\/index.php?rest_route=\/wp\/v2\/product\/97284","targetHints":{"allow":["GET"]}}],"collection":[{"href":"https:\/\/test.esluzby.net\/index.php?rest_route=\/wp\/v2\/product"}],"about":[{"href":"https:\/\/test.esluzby.net\/index.php?rest_route=\/wp\/v2\/types\/product"}],"replies":[{"embeddable":true,"href":"https:\/\/test.esluzby.net\/index.php?rest_route=%2Fwp%2Fv2%2Fcomments&post=97284"}],"version-history":[{"count":0,"href":"https:\/\/test.esluzby.net\/index.php?rest_route=\/wp\/v2\/product\/97284\/revisions"}],"wp:featuredmedia":[{"embeddable":true,"href":"https:\/\/test.esluzby.net\/index.php?rest_route=\/wp\/v2\/media\/97285"}],"wp:attachment":[{"href":"https:\/\/test.esluzby.net\/index.php?rest_route=%2Fwp%2Fv2%2Fmedia&parent=97284"}],"wp:term":[{"taxonomy":"product_brand","embeddable":true,"href":"https:\/\/test.esluzby.net\/index.php?rest_route=%2Fwp%2Fv2%2Fproduct_brand&post=97284"},{"taxonomy":"product_cat","embeddable":true,"href":"https:\/\/test.esluzby.net\/index.php?rest_route=%2Fwp%2Fv2%2Fproduct_cat&post=97284"},{"taxonomy":"product_tag","embeddable":true,"href":"https:\/\/test.esluzby.net\/index.php?rest_route=%2Fwp%2Fv2%2Fproduct_tag&post=97284"}],"curies":[{"name":"wp","href":"https:\/\/api.w.org\/{rel}","templated":true}]}}