{"id":97397,"date":"2024-10-11T20:57:01","date_gmt":"2024-10-11T18:57:01","guid":{"rendered":"https:\/\/test.esluzby.net\/?post_type=product&#038;p=97397"},"modified":"2026-02-19T10:30:15","modified_gmt":"2026-02-19T09:30:15","slug":"skleneny-pullitr-karo","status":"publish","type":"product","link":"https:\/\/test.esluzby.net\/?product=skleneny-pullitr-karo","title":{"rendered":"P\u016fllitr 0,5l &#8211; K\u00e1ro &#8211; lesn\u00ed zelen\u00e1"},"content":{"rendered":"<p>Kolekce K\u00e1ro \u2013 vynik\u00e1 nejen sv\u00fdm jedine\u010dn\u00fdm vzhledem, ale i bohatou histori\u00ed. Pro jej\u00ed v\u00fdrobu se vyu\u017e\u00edvaj\u00ed optick\u00e9 formy, kter\u00e9 sahaj\u00ed a\u017e k samotn\u00fdm po\u010d\u00e1tk\u016fm skl\u00e1\u0159stv\u00ed v \u010desk\u00fdch zem\u00edch. Tyto techniky se v pr\u016fb\u011bhu stalet\u00ed neust\u00e1le zdokonalovaly a p\u0159izp\u016fsobovaly st\u00e1le n\u00e1ro\u010dn\u011bj\u0161\u00edm dekor\u016fm.<\/p>\n<p>Jedn\u00edm z tradi\u010dn\u00edch vzor\u016f, kter\u00fd se zachoval a\u017e dodnes, je pr\u00e1v\u011b dekor K\u00e1ro. Jeho nad\u010dasov\u00fd geometrick\u00fd motiv dod\u00e1v\u00e1 ka\u017ed\u00e9mu kousku noblesu.<\/p>\n","protected":false},"excerpt":{"rendered":"<p>V kolekci K\u00e1ro u n\u00e1s najdete tak\u00e9 d\u017eb\u00e1ny a nejr\u016fzn\u011bj\u0161\u00ed sklenice, m\u00edsy, v\u00e1zy \u010di petrolejov\u00e9 lampy. A\u0165 u\u017e hled\u00e1te v\u00fdjime\u010dnou dekoraci do sv\u00e9ho \u00fatuln\u00e9ho domova.<\/p>\n","protected":false},"featured_media":97398,"comment_status":"closed","ping_status":"closed","template":"","meta":[],"product_brand":[],"product_cat":[113,114,127,138],"product_tag":[],"class_list":{"0":"post-97397","1":"product","2":"type-product","3":"status-publish","4":"has-post-thumbnail","6":"product_cat-historicke-sklo","7":"product_cat-lesni-sklo","8":"product_cat-ostatni","9":"product_cat-skleneny-pullitr","11":"first","12":"instock","13":"shipping-taxable","14":"purchasable","15":"product-type-simple"},"_links":{"self":[{"href":"https:\/\/test.esluzby.net\/index.php?rest_route=\/wp\/v2\/product\/97397","targetHints":{"allow":["GET"]}}],"collection":[{"href":"https:\/\/test.esluzby.net\/index.php?rest_route=\/wp\/v2\/product"}],"about":[{"href":"https:\/\/test.esluzby.net\/index.php?rest_route=\/wp\/v2\/types\/product"}],"replies":[{"embeddable":true,"href":"https:\/\/test.esluzby.net\/index.php?rest_route=%2Fwp%2Fv2%2Fcomments&post=97397"}],"version-history":[{"count":0,"href":"https:\/\/test.esluzby.net\/index.php?rest_route=\/wp\/v2\/product\/97397\/revisions"}],"wp:featuredmedia":[{"embeddable":true,"href":"https:\/\/test.esluzby.net\/index.php?rest_route=\/wp\/v2\/media\/97398"}],"wp:attachment":[{"href":"https:\/\/test.esluzby.net\/index.php?rest_route=%2Fwp%2Fv2%2Fmedia&parent=97397"}],"wp:term":[{"taxonomy":"product_brand","embeddable":true,"href":"https:\/\/test.esluzby.net\/index.php?rest_route=%2Fwp%2Fv2%2Fproduct_brand&post=97397"},{"taxonomy":"product_cat","embeddable":true,"href":"https:\/\/test.esluzby.net\/index.php?rest_route=%2Fwp%2Fv2%2Fproduct_cat&post=97397"},{"taxonomy":"product_tag","embeddable":true,"href":"https:\/\/test.esluzby.net\/index.php?rest_route=%2Fwp%2Fv2%2Fproduct_tag&post=97397"}],"curies":[{"name":"wp","href":"https:\/\/api.w.org\/{rel}","templated":true}]}}