{"id":97417,"date":"2024-10-11T21:05:35","date_gmt":"2024-10-11T19:05:35","guid":{"rendered":"https:\/\/test.esluzby.net\/?post_type=product&#038;p=97417"},"modified":"2026-02-19T10:30:20","modified_gmt":"2026-02-19T09:30:20","slug":"plotova-ozdoba-karo-merunka","status":"publish","type":"product","link":"https:\/\/test.esluzby.net\/?product=plotova-ozdoba-karo-merunka","title":{"rendered":"Koule na plot &#8211; st\u0159\u00edb\u0159en\u00e1"},"content":{"rendered":"","protected":false},"excerpt":{"rendered":"<p>Ozdoba zahradn\u00ed neboli plotov\u00e1 ozdoba je dekorace do zahrady. Rozjasn\u00ed a rozvesel\u00ed celou zahradu. Skoro ka\u017ed\u00e1 babi\u010dka m\u00edvala tyto ozdoby. Vyr\u00e1b\u00ed se r\u016fzn\u00e9 typy \u2013 zv\u00ed\u0159\u00e1tka, listy, ty\u010de nebo koule, r\u016fzn\u00fdch velikost\u00ed a barevn\u00fdch kombinac\u00ed. N\u011bkter\u00e9 zahradn\u00ed dekorace st\u0159\u00edb\u0159\u00edme, \u010d\u00edm\u017e vznikne kr\u00e1sn\u00fd lesk a bl\u00fdskav\u00fd efekt. Otvor pro ty\u010dku je 10 mm. Ty\u010dka nen\u00ed sou\u010d\u00e1st\u00ed.<\/p>\n","protected":false},"featured_media":97418,"comment_status":"closed","ping_status":"closed","template":"","meta":[],"product_brand":[],"product_cat":[109,127,149],"product_tag":[],"class_list":{"0":"post-97417","1":"product","2":"type-product","3":"status-publish","4":"has-post-thumbnail","6":"product_cat-dekoracni-sklo","7":"product_cat-ostatni","8":"product_cat-zahradni-sklo","10":"first","11":"instock","12":"shipping-taxable","13":"purchasable","14":"product-type-simple"},"_links":{"self":[{"href":"https:\/\/test.esluzby.net\/index.php?rest_route=\/wp\/v2\/product\/97417","targetHints":{"allow":["GET"]}}],"collection":[{"href":"https:\/\/test.esluzby.net\/index.php?rest_route=\/wp\/v2\/product"}],"about":[{"href":"https:\/\/test.esluzby.net\/index.php?rest_route=\/wp\/v2\/types\/product"}],"replies":[{"embeddable":true,"href":"https:\/\/test.esluzby.net\/index.php?rest_route=%2Fwp%2Fv2%2Fcomments&post=97417"}],"version-history":[{"count":0,"href":"https:\/\/test.esluzby.net\/index.php?rest_route=\/wp\/v2\/product\/97417\/revisions"}],"wp:featuredmedia":[{"embeddable":true,"href":"https:\/\/test.esluzby.net\/index.php?rest_route=\/wp\/v2\/media\/97418"}],"wp:attachment":[{"href":"https:\/\/test.esluzby.net\/index.php?rest_route=%2Fwp%2Fv2%2Fmedia&parent=97417"}],"wp:term":[{"taxonomy":"product_brand","embeddable":true,"href":"https:\/\/test.esluzby.net\/index.php?rest_route=%2Fwp%2Fv2%2Fproduct_brand&post=97417"},{"taxonomy":"product_cat","embeddable":true,"href":"https:\/\/test.esluzby.net\/index.php?rest_route=%2Fwp%2Fv2%2Fproduct_cat&post=97417"},{"taxonomy":"product_tag","embeddable":true,"href":"https:\/\/test.esluzby.net\/index.php?rest_route=%2Fwp%2Fv2%2Fproduct_tag&post=97417"}],"curies":[{"name":"wp","href":"https:\/\/api.w.org\/{rel}","templated":true}]}}