{"id":98323,"date":"2024-12-03T10:14:11","date_gmt":"2024-12-03T09:14:11","guid":{"rendered":"https:\/\/test.esluzby.net\/?post_type=product&#038;p=98323"},"modified":"2026-02-19T10:30:30","modified_gmt":"2026-02-19T09:30:30","slug":"andel-s-modrobilym-zihanim-28cm","status":"publish","type":"product","link":"https:\/\/test.esluzby.net\/?product=andel-s-modrobilym-zihanim-28cm","title":{"rendered":"And\u011bl s modrob\u00edl\u00fdm \u017e\u00edh\u00e1n\u00edm 28cm"},"content":{"rendered":"<p>And\u011bl\u00e9 vyr\u00e1b\u00edme dle sv\u00e9 fantazie jsou pou\u017eit\u00e9 barevn\u00e9 st\u0159epy kter\u00e9 vytv\u00e1\u0159\u00ed origin\u00e1ln\u00ed \u017e\u00edhan\u00ed v ka\u017ed\u00e9m kusu. Ka\u017ed\u00fd kus se m\u016f\u017ee li\u0161it sv\u00fdm proveden\u00edm.<\/p>\n","protected":false},"excerpt":{"rendered":"<p>And\u011bl\u00e9 vyr\u00e1b\u00edme dle sv\u00e9 fantazie jsou pou\u017eit\u00e9 barevn\u00e9 st\u0159epy kter\u00e9 vytv\u00e1\u0159\u00ed origin\u00e1ln\u00ed \u017e\u00edhan\u00ed v ka\u017ed\u00e9m kusu. Ka\u017ed\u00fd kus se m\u016f\u017ee li\u0161it sv\u00fdm proveden\u00edm.<\/p>\n","protected":false},"featured_media":98324,"comment_status":"closed","ping_status":"closed","template":"","meta":[],"product_brand":[],"product_cat":[121,109,125],"product_tag":[],"class_list":{"0":"post-98323","1":"product","2":"type-product","3":"status-publish","4":"has-post-thumbnail","6":"product_cat-darky-pro-zeny","7":"product_cat-dekoracni-sklo","8":"product_cat-vanocni-darky","10":"first","11":"outofstock","12":"shipping-taxable","13":"purchasable","14":"product-type-simple"},"_links":{"self":[{"href":"https:\/\/test.esluzby.net\/index.php?rest_route=\/wp\/v2\/product\/98323","targetHints":{"allow":["GET"]}}],"collection":[{"href":"https:\/\/test.esluzby.net\/index.php?rest_route=\/wp\/v2\/product"}],"about":[{"href":"https:\/\/test.esluzby.net\/index.php?rest_route=\/wp\/v2\/types\/product"}],"replies":[{"embeddable":true,"href":"https:\/\/test.esluzby.net\/index.php?rest_route=%2Fwp%2Fv2%2Fcomments&post=98323"}],"version-history":[{"count":0,"href":"https:\/\/test.esluzby.net\/index.php?rest_route=\/wp\/v2\/product\/98323\/revisions"}],"wp:featuredmedia":[{"embeddable":true,"href":"https:\/\/test.esluzby.net\/index.php?rest_route=\/wp\/v2\/media\/98324"}],"wp:attachment":[{"href":"https:\/\/test.esluzby.net\/index.php?rest_route=%2Fwp%2Fv2%2Fmedia&parent=98323"}],"wp:term":[{"taxonomy":"product_brand","embeddable":true,"href":"https:\/\/test.esluzby.net\/index.php?rest_route=%2Fwp%2Fv2%2Fproduct_brand&post=98323"},{"taxonomy":"product_cat","embeddable":true,"href":"https:\/\/test.esluzby.net\/index.php?rest_route=%2Fwp%2Fv2%2Fproduct_cat&post=98323"},{"taxonomy":"product_tag","embeddable":true,"href":"https:\/\/test.esluzby.net\/index.php?rest_route=%2Fwp%2Fv2%2Fproduct_tag&post=98323"}],"curies":[{"name":"wp","href":"https:\/\/api.w.org\/{rel}","templated":true}]}}