{"id":98655,"date":"2024-12-11T17:13:31","date_gmt":"2024-12-11T16:13:31","guid":{"rendered":"https:\/\/test.esluzby.net\/?post_type=product&#038;p=98655"},"modified":"2026-02-19T10:30:32","modified_gmt":"2026-02-19T09:30:32","slug":"darkova-souprava-5-cakra","status":"publish","type":"product","link":"https:\/\/test.esluzby.net\/?product=darkova-souprava-5-cakra","title":{"rendered":"D\u00e1rkov\u00e1 souprava 5. \u010dakra"},"content":{"rendered":"","protected":false},"excerpt":{"rendered":"<p>Darkov\u00e9 souprava obsahuje olejovou lampu, t\u011b\u017e\u00edtko, k\u00e1men, srdce a and\u011bla v\u0161e v jedn\u00e9 barv\u011b 5 \u010dakry. Zv\u00fdhodn\u011bn\u00e1 cena .<\/p>\n","protected":false},"featured_media":98656,"comment_status":"closed","ping_status":"closed","template":"","meta":[],"product_brand":[],"product_cat":[121,109,146,111,125],"product_tag":[],"class_list":{"0":"post-98655","1":"product","2":"type-product","3":"status-publish","4":"has-post-thumbnail","6":"product_cat-darky-pro-zeny","7":"product_cat-dekoracni-sklo","8":"product_cat-sklenena-tezitka-a-olejove-lampy","9":"product_cat-tipy-na-darky","10":"product_cat-vanocni-darky","12":"first","13":"instock","14":"sale","15":"shipping-taxable","16":"purchasable","17":"product-type-simple"},"_links":{"self":[{"href":"https:\/\/test.esluzby.net\/index.php?rest_route=\/wp\/v2\/product\/98655","targetHints":{"allow":["GET"]}}],"collection":[{"href":"https:\/\/test.esluzby.net\/index.php?rest_route=\/wp\/v2\/product"}],"about":[{"href":"https:\/\/test.esluzby.net\/index.php?rest_route=\/wp\/v2\/types\/product"}],"replies":[{"embeddable":true,"href":"https:\/\/test.esluzby.net\/index.php?rest_route=%2Fwp%2Fv2%2Fcomments&post=98655"}],"version-history":[{"count":0,"href":"https:\/\/test.esluzby.net\/index.php?rest_route=\/wp\/v2\/product\/98655\/revisions"}],"wp:featuredmedia":[{"embeddable":true,"href":"https:\/\/test.esluzby.net\/index.php?rest_route=\/wp\/v2\/media\/98656"}],"wp:attachment":[{"href":"https:\/\/test.esluzby.net\/index.php?rest_route=%2Fwp%2Fv2%2Fmedia&parent=98655"}],"wp:term":[{"taxonomy":"product_brand","embeddable":true,"href":"https:\/\/test.esluzby.net\/index.php?rest_route=%2Fwp%2Fv2%2Fproduct_brand&post=98655"},{"taxonomy":"product_cat","embeddable":true,"href":"https:\/\/test.esluzby.net\/index.php?rest_route=%2Fwp%2Fv2%2Fproduct_cat&post=98655"},{"taxonomy":"product_tag","embeddable":true,"href":"https:\/\/test.esluzby.net\/index.php?rest_route=%2Fwp%2Fv2%2Fproduct_tag&post=98655"}],"curies":[{"name":"wp","href":"https:\/\/api.w.org\/{rel}","templated":true}]}}