{"id":98673,"date":"2024-12-11T18:32:42","date_gmt":"2024-12-11T17:32:42","guid":{"rendered":"https:\/\/test.esluzby.net\/?post_type=product&#038;p=98673"},"modified":"2026-02-19T10:30:34","modified_gmt":"2026-02-19T09:30:34","slug":"napojova-souprava-s-barevnymi-skvrnami","status":"publish","type":"product","link":"https:\/\/test.esluzby.net\/?product=napojova-souprava-s-barevnymi-skvrnami","title":{"rendered":"N\u00e1pojov\u00e1 souprava s barevn\u00fdmi skvrnami"},"content":{"rendered":"","protected":false},"excerpt":{"rendered":"<p>N\u00e1pojov\u00e1 souprava dekorovan\u00e1 barevn\u00fdmi skvrnami a k\u00e1ro optikou. Vhodn\u00e9 na v\u0161echny druhy chladn\u00fdch n\u00e1poj\u016f.<\/p>\n","protected":false},"featured_media":98674,"comment_status":"closed","ping_status":"closed","template":"","meta":[],"product_brand":[],"product_cat":[145,140,115],"product_tag":[],"class_list":{"0":"post-98673","1":"product","2":"type-product","3":"status-publish","4":"has-post-thumbnail","6":"product_cat-sklenene-soupravy","7":"product_cat-sklenice","8":"product_cat-stolni-sklo","10":"first","11":"outofstock","12":"sale","13":"shipping-taxable","14":"purchasable","15":"product-type-simple"},"_links":{"self":[{"href":"https:\/\/test.esluzby.net\/index.php?rest_route=\/wp\/v2\/product\/98673","targetHints":{"allow":["GET"]}}],"collection":[{"href":"https:\/\/test.esluzby.net\/index.php?rest_route=\/wp\/v2\/product"}],"about":[{"href":"https:\/\/test.esluzby.net\/index.php?rest_route=\/wp\/v2\/types\/product"}],"replies":[{"embeddable":true,"href":"https:\/\/test.esluzby.net\/index.php?rest_route=%2Fwp%2Fv2%2Fcomments&post=98673"}],"version-history":[{"count":0,"href":"https:\/\/test.esluzby.net\/index.php?rest_route=\/wp\/v2\/product\/98673\/revisions"}],"wp:featuredmedia":[{"embeddable":true,"href":"https:\/\/test.esluzby.net\/index.php?rest_route=\/wp\/v2\/media\/98674"}],"wp:attachment":[{"href":"https:\/\/test.esluzby.net\/index.php?rest_route=%2Fwp%2Fv2%2Fmedia&parent=98673"}],"wp:term":[{"taxonomy":"product_brand","embeddable":true,"href":"https:\/\/test.esluzby.net\/index.php?rest_route=%2Fwp%2Fv2%2Fproduct_brand&post=98673"},{"taxonomy":"product_cat","embeddable":true,"href":"https:\/\/test.esluzby.net\/index.php?rest_route=%2Fwp%2Fv2%2Fproduct_cat&post=98673"},{"taxonomy":"product_tag","embeddable":true,"href":"https:\/\/test.esluzby.net\/index.php?rest_route=%2Fwp%2Fv2%2Fproduct_tag&post=98673"}],"curies":[{"name":"wp","href":"https:\/\/api.w.org\/{rel}","templated":true}]}}