{"id":98800,"date":"2024-12-14T16:38:25","date_gmt":"2024-12-14T15:38:25","guid":{"rendered":"https:\/\/test.esluzby.net\/?post_type=product&#038;p=98800"},"modified":"2026-02-19T10:30:38","modified_gmt":"2026-02-19T09:30:38","slug":"sklenice-roemer-kraklovana-a-zdobena-nalepy-2","status":"publish","type":"product","link":"https:\/\/test.esluzby.net\/?product=sklenice-roemer-kraklovana-a-zdobena-nalepy-2","title":{"rendered":"Sklenice Roemer Krakle &#8211; zdoben\u00e1 n\u00e1lepy radlo maliny"},"content":{"rendered":"","protected":false},"excerpt":{"rendered":"<p>Sklen\u011bn\u00e9 poh\u00e1ry inspirovan\u00e9 v\u00fdrobou skla v d\u00e1vn\u00e9 historii (Roemer \u2013 \u0158\u00edman), \u010d\u00ed\u0161e zdoben\u00e9 n\u00e1lepy, na v\u00edno, vodu a jin\u00e9 n\u00e1poje. Jedn\u00e1 se o typickou ru\u010dn\u00ed v\u00fdrobu \u010desk\u00e9ho skla foukan\u00e9ho v na\u0161\u00ed skl\u00e1rn\u011b. Sklo m\u00e1 velk\u00fd lesk a kr\u00e1sn\u00fd zvuk. \u010cesk\u00e9 sklo je ve sv\u011bt\u011b zn\u00e1m\u00e9 jako Bohemia glass. Lesn\u00ed sklo je obvykle zbarven\u00e9 do odst\u00ednu zelen\u00e9 oxidem \u017eeleznat\u00fdm. V \u010desk\u00e9m skl\u00e1\u0159stv\u00ed dos\u00e1hla v\u00fdroba lesn\u00edho skla nejv\u011bt\u0161\u00ed popularity ve 14. stolet\u00ed. Do sou\u010dasnosti je tento druh skla velmi obl\u00edben\u00fd a \u017e\u00e1dan\u00fd. Tyto sklenice jsou zdobeny dv\u011bma technikami pou\u017e\u00edvan\u00fdmi ve skl\u00e1\u0159stv\u00ed &#8211; kraklov\u00e1n\u00ed a n\u00e1lepy. Takto jedine\u010dn\u00e9 zdoben\u00e9 sklenice m\u016f\u017eete po\u0159\u00eddit exkluzivn\u011b pouze v na\u0161\u00ed skl\u00e1rn\u011b!<\/p>\n","protected":false},"featured_media":98778,"comment_status":"closed","ping_status":"closed","template":"","meta":[],"product_brand":[],"product_cat":[114,140,115],"product_tag":[],"class_list":{"0":"post-98800","1":"product","2":"type-product","3":"status-publish","4":"has-post-thumbnail","6":"product_cat-lesni-sklo","7":"product_cat-sklenice","8":"product_cat-stolni-sklo","10":"first","11":"instock","12":"shipping-taxable","13":"purchasable","14":"product-type-simple"},"_links":{"self":[{"href":"https:\/\/test.esluzby.net\/index.php?rest_route=\/wp\/v2\/product\/98800","targetHints":{"allow":["GET"]}}],"collection":[{"href":"https:\/\/test.esluzby.net\/index.php?rest_route=\/wp\/v2\/product"}],"about":[{"href":"https:\/\/test.esluzby.net\/index.php?rest_route=\/wp\/v2\/types\/product"}],"replies":[{"embeddable":true,"href":"https:\/\/test.esluzby.net\/index.php?rest_route=%2Fwp%2Fv2%2Fcomments&post=98800"}],"version-history":[{"count":0,"href":"https:\/\/test.esluzby.net\/index.php?rest_route=\/wp\/v2\/product\/98800\/revisions"}],"wp:featuredmedia":[{"embeddable":true,"href":"https:\/\/test.esluzby.net\/index.php?rest_route=\/wp\/v2\/media\/98778"}],"wp:attachment":[{"href":"https:\/\/test.esluzby.net\/index.php?rest_route=%2Fwp%2Fv2%2Fmedia&parent=98800"}],"wp:term":[{"taxonomy":"product_brand","embeddable":true,"href":"https:\/\/test.esluzby.net\/index.php?rest_route=%2Fwp%2Fv2%2Fproduct_brand&post=98800"},{"taxonomy":"product_cat","embeddable":true,"href":"https:\/\/test.esluzby.net\/index.php?rest_route=%2Fwp%2Fv2%2Fproduct_cat&post=98800"},{"taxonomy":"product_tag","embeddable":true,"href":"https:\/\/test.esluzby.net\/index.php?rest_route=%2Fwp%2Fv2%2Fproduct_tag&post=98800"}],"curies":[{"name":"wp","href":"https:\/\/api.w.org\/{rel}","templated":true}]}}