{"id":98873,"date":"2024-12-17T12:55:19","date_gmt":"2024-12-17T11:55:19","guid":{"rendered":"https:\/\/test.esluzby.net\/?post_type=product&#038;p=98873"},"modified":"2026-02-19T10:30:44","modified_gmt":"2026-02-19T09:30:44","slug":"pullitr-kristal-ii-jakost","status":"publish","type":"product","link":"https:\/\/test.esluzby.net\/?product=pullitr-kristal-ii-jakost","title":{"rendered":"P\u016fllitr 0,5l &#8211; k\u0159i\u0161\u0165\u00e1l &#8211; II.jakost"},"content":{"rendered":"<h3 data-start=\"114\" data-end=\"171\"><strong data-start=\"118\" data-end=\"171\">P\u016fllitr na pivo 0,5 l \u2013 klasick\u00e1 sklenice s uchem<\/strong><\/h3>\n<p><span style=\"font-family: Roboto, Arial, Helvetica, sans-serif;\"><span style=\"font-size: medium;\"><span style=\"color: #333333;\">Klasick\u00fd ru\u010dn\u011b vyr\u00e1b\u011bny sklen\u011bn\u00fd <strong>p\u016fllitr<\/strong> v na\u0161\u00ed skl\u00e1rn\u011b je ide\u00e1ln\u00ed d\u00e1rek. Pravou volbou pro serv\u00edrov\u00e1n\u00ed piva a jin\u00fdch chladn\u00fdch n\u00e1poj\u016f. Vyroben\u00fd z \u010desk\u00e9ho \u010dir\u00e9ho a barevn\u00e9ho skla, nab\u00edz\u00ed vysokou pevnost, p\u0159\u00edjemnou hmotnost a pohodln\u00e9 dr\u017een\u00ed d\u00edky masivn\u00edmu uchu. Siln\u00e9 st\u011bny pom\u00e1haj\u00ed udr\u017eet n\u00e1poj d\u00e9le chladn\u00fd a zaji\u0161\u0165uj\u00ed dlouhou \u017eivotnost p\u0159i ka\u017edodenn\u00edm pou\u017e\u00edv\u00e1n\u00ed.<\/span><\/span><\/span><\/p>\n<p>V na\u0161\u00ed skl\u00e1rn\u011b naleznete mnoho tvar\u016f a optick\u00e9 dekory t\u011bchto p\u016fllitr\u016f.<\/p>\n<p>II.jakost &#8211; kosmetick\u00e9 vady<\/p>\n<h3 data-start=\"114\" data-end=\"171\"><\/h3>\n<p data-start=\"173\" data-end=\"583\">\n","protected":false},"excerpt":{"rendered":"<p>Tradi\u010dn\u00ed <strong data-start=\"182\" data-end=\"216\">p\u016fllitr na pivo o objemu 0,5 l<\/strong> je ide\u00e1ln\u00ed volbou pro v\u0161echny milovn\u00edky \u010desk\u00e9ho piva. Kvalitn\u00ed silnost\u011bnn\u00e9 sklo zaji\u0161\u0165uje dlouhou \u017eivotnost a pom\u00e1h\u00e1 udr\u017eet pivo d\u00e9le chladn\u00e9.<\/p>\n","protected":false},"featured_media":98874,"comment_status":"closed","ping_status":"closed","template":"","meta":[],"product_brand":[],"product_cat":[120,138],"product_tag":[],"class_list":{"0":"post-98873","1":"product","2":"type-product","3":"status-publish","4":"has-post-thumbnail","6":"product_cat-darky-pro-muze","7":"product_cat-skleneny-pullitr","9":"first","10":"instock","11":"sale","12":"shipping-taxable","13":"purchasable","14":"product-type-simple"},"_links":{"self":[{"href":"https:\/\/test.esluzby.net\/index.php?rest_route=\/wp\/v2\/product\/98873","targetHints":{"allow":["GET"]}}],"collection":[{"href":"https:\/\/test.esluzby.net\/index.php?rest_route=\/wp\/v2\/product"}],"about":[{"href":"https:\/\/test.esluzby.net\/index.php?rest_route=\/wp\/v2\/types\/product"}],"replies":[{"embeddable":true,"href":"https:\/\/test.esluzby.net\/index.php?rest_route=%2Fwp%2Fv2%2Fcomments&post=98873"}],"version-history":[{"count":0,"href":"https:\/\/test.esluzby.net\/index.php?rest_route=\/wp\/v2\/product\/98873\/revisions"}],"wp:featuredmedia":[{"embeddable":true,"href":"https:\/\/test.esluzby.net\/index.php?rest_route=\/wp\/v2\/media\/98874"}],"wp:attachment":[{"href":"https:\/\/test.esluzby.net\/index.php?rest_route=%2Fwp%2Fv2%2Fmedia&parent=98873"}],"wp:term":[{"taxonomy":"product_brand","embeddable":true,"href":"https:\/\/test.esluzby.net\/index.php?rest_route=%2Fwp%2Fv2%2Fproduct_brand&post=98873"},{"taxonomy":"product_cat","embeddable":true,"href":"https:\/\/test.esluzby.net\/index.php?rest_route=%2Fwp%2Fv2%2Fproduct_cat&post=98873"},{"taxonomy":"product_tag","embeddable":true,"href":"https:\/\/test.esluzby.net\/index.php?rest_route=%2Fwp%2Fv2%2Fproduct_tag&post=98873"}],"curies":[{"name":"wp","href":"https:\/\/api.w.org\/{rel}","templated":true}]}}